{"id":105,"date":"2017-08-15T18:39:57","date_gmt":"2017-08-15T16:39:57","guid":{"rendered":"http:\/\/danaepanchaud.net\/?page_id=105"},"modified":"2017-08-19T16:21:47","modified_gmt":"2017-08-19T14:21:47","slug":"take-two","status":"publish","type":"page","link":"https:\/\/danaepanchaud.net\/index.php\/exhibitions\/take-two\/","title":{"rendered":"Take Two"},"content":{"rendered":"<div class=\"page\" title=\"Page 20\">\n<div class=\"layoutArea\">\n<div class=\"column\">\n<div class=\"page\" title=\"Page 20\">\n<div class=\"layoutArea\">\n<div class=\"column\">\n<p><img loading=\"lazy\" decoding=\"async\" class=\"aligncenter wp-image-106 size-full\" src=\"http:\/\/danaepanchaud.net\/wp-content\/uploads\/2017\/08\/FMAC_BackAndForth_TakeTwo_mar2013_32567.jpg\" alt=\"View of the exhibition Take Two\" width=\"2500\" height=\"1875\" srcset=\"https:\/\/danaepanchaud.net\/wp-content\/uploads\/2017\/08\/FMAC_BackAndForth_TakeTwo_mar2013_32567.jpg 2500w, https:\/\/danaepanchaud.net\/wp-content\/uploads\/2017\/08\/FMAC_BackAndForth_TakeTwo_mar2013_32567-300x225.jpg 300w, https:\/\/danaepanchaud.net\/wp-content\/uploads\/2017\/08\/FMAC_BackAndForth_TakeTwo_mar2013_32567-768x576.jpg 768w, https:\/\/danaepanchaud.net\/wp-content\/uploads\/2017\/08\/FMAC_BackAndForth_TakeTwo_mar2013_32567-1024x768.jpg 1024w, https:\/\/danaepanchaud.net\/wp-content\/uploads\/2017\/08\/FMAC_BackAndForth_TakeTwo_mar2013_32567-1200x900.jpg 1200w\" sizes=\"auto, (max-width: 2500px) 100vw, 2500px\" \/><\/p>\n<p><strong>Curated with David Gagnebin-de Bons<\/strong><\/p>\n<p><strong>2014<\/strong><br \/>\n<strong> M\u00e9diath\u00e8que du Fonds d\u2019Art Contemporain de la Ville de Gen\u00e8ve, Genev<\/strong>a<\/p>\n<\/div>\n<\/div>\n<\/div>\n<p>An exhibition presenting ve video pieces about reenactment selected from the Fonds Andr\u00e9 Iten (part of the contemporary art collection of the City of Geneva) and invited artists, with an exhibition display created by a young artist collective from Geneva.<\/p>\n<div class=\"page\" title=\"Page 20\">\n<div class=\"layoutArea\">\n<div class=\"column\">\n<p><span style=\"color: #808080;\">Une proposition sur le <em>reenactment<\/em>, en r\u00e9sonance entre le Fonds Andr\u00e9 Iten, d\u00e9pos\u00e9 au Fonds d\u2019Art Contemporain de la Ville de Gen\u00e8ve, et des artistes invit\u00e9s, dans une sc\u00e9nographie sign\u00e9e par un collectif de jeunes artistes genevois.<\/span><\/p>\n<\/div>\n<\/div>\n<\/div>\n<p>With John Baldessari, Yael Bartana, Iain Forsyth &amp; Jane Pollard, Gianni Motti, Richard Serra<\/p>\n<p><img loading=\"lazy\" decoding=\"async\" class=\"aligncenter wp-image-108 size-full\" src=\"http:\/\/danaepanchaud.net\/wp-content\/uploads\/2017\/08\/FMAC_BackAndForth_TakeTwo_mar2013_32596.jpg\" alt=\"View of the exhibition Take Two\" width=\"2500\" height=\"1875\" srcset=\"https:\/\/danaepanchaud.net\/wp-content\/uploads\/2017\/08\/FMAC_BackAndForth_TakeTwo_mar2013_32596.jpg 2500w, https:\/\/danaepanchaud.net\/wp-content\/uploads\/2017\/08\/FMAC_BackAndForth_TakeTwo_mar2013_32596-300x225.jpg 300w, https:\/\/danaepanchaud.net\/wp-content\/uploads\/2017\/08\/FMAC_BackAndForth_TakeTwo_mar2013_32596-768x576.jpg 768w, https:\/\/danaepanchaud.net\/wp-content\/uploads\/2017\/08\/FMAC_BackAndForth_TakeTwo_mar2013_32596-1024x768.jpg 1024w, https:\/\/danaepanchaud.net\/wp-content\/uploads\/2017\/08\/FMAC_BackAndForth_TakeTwo_mar2013_32596-1200x900.jpg 1200w\" sizes=\"auto, (max-width: 2500px) 100vw, 2500px\" \/> <img loading=\"lazy\" decoding=\"async\" class=\"aligncenter wp-image-107 size-full\" src=\"http:\/\/danaepanchaud.net\/wp-content\/uploads\/2017\/08\/FMAC_BackAndForth_TakeTwo_mar2013_32580_3.jpg\" alt=\"View of the exhibition Take Two\" width=\"2500\" height=\"1875\" srcset=\"https:\/\/danaepanchaud.net\/wp-content\/uploads\/2017\/08\/FMAC_BackAndForth_TakeTwo_mar2013_32580_3.jpg 2500w, https:\/\/danaepanchaud.net\/wp-content\/uploads\/2017\/08\/FMAC_BackAndForth_TakeTwo_mar2013_32580_3-300x225.jpg 300w, https:\/\/danaepanchaud.net\/wp-content\/uploads\/2017\/08\/FMAC_BackAndForth_TakeTwo_mar2013_32580_3-768x576.jpg 768w, https:\/\/danaepanchaud.net\/wp-content\/uploads\/2017\/08\/FMAC_BackAndForth_TakeTwo_mar2013_32580_3-1024x768.jpg 1024w, https:\/\/danaepanchaud.net\/wp-content\/uploads\/2017\/08\/FMAC_BackAndForth_TakeTwo_mar2013_32580_3-1200x900.jpg 1200w\" sizes=\"auto, (max-width: 2500px) 100vw, 2500px\" \/><\/p>\n<\/div>\n<\/div>\n<\/div>\n","protected":false},"excerpt":{"rendered":"<p>Curated with David Gagnebin-de Bons 2014 M\u00e9diath\u00e8que du Fonds d\u2019Art Contemporain de la Ville de Gen\u00e8ve, Geneva An exhibition presenting ve video pieces about reenactment selected from the Fonds Andr\u00e9 Iten (part of the contemporary art collection of the City of Geneva) and invited artists, with an exhibition display created by a young artist collective [&hellip;]<\/p>\n","protected":false},"author":1,"featured_media":0,"parent":182,"menu_order":18,"comment_status":"closed","ping_status":"closed","template":"","meta":{"footnotes":""},"class_list":["post-105","page","type-page","status-publish","hentry"],"_links":{"self":[{"href":"https:\/\/danaepanchaud.net\/index.php\/wp-json\/wp\/v2\/pages\/105","targetHints":{"allow":["GET"]}}],"collection":[{"href":"https:\/\/danaepanchaud.net\/index.php\/wp-json\/wp\/v2\/pages"}],"about":[{"href":"https:\/\/danaepanchaud.net\/index.php\/wp-json\/wp\/v2\/types\/page"}],"author":[{"embeddable":true,"href":"https:\/\/danaepanchaud.net\/index.php\/wp-json\/wp\/v2\/users\/1"}],"replies":[{"embeddable":true,"href":"https:\/\/danaepanchaud.net\/index.php\/wp-json\/wp\/v2\/comments?post=105"}],"version-history":[{"count":1,"href":"https:\/\/danaepanchaud.net\/index.php\/wp-json\/wp\/v2\/pages\/105\/revisions"}],"predecessor-version":[{"id":109,"href":"https:\/\/danaepanchaud.net\/index.php\/wp-json\/wp\/v2\/pages\/105\/revisions\/109"}],"up":[{"embeddable":true,"href":"https:\/\/danaepanchaud.net\/index.php\/wp-json\/wp\/v2\/pages\/182"}],"wp:attachment":[{"href":"https:\/\/danaepanchaud.net\/index.php\/wp-json\/wp\/v2\/media?parent=105"}],"curies":[{"name":"wp","href":"https:\/\/api.w.org\/{rel}","templated":true}]}}