{"id":1080,"date":"2022-05-31T09:57:31","date_gmt":"2022-05-31T07:57:31","guid":{"rendered":"https:\/\/danaepanchaud.net\/?page_id=1080"},"modified":"2022-05-31T09:58:28","modified_gmt":"2022-05-31T07:58:28","slug":"opening-up-new-spaces-photographic-investigations-of-suspended-architecture","status":"publish","type":"page","link":"https:\/\/danaepanchaud.net\/index.php\/articles-and-essays\/opening-up-new-spaces-photographic-investigations-of-suspended-architecture\/","title":{"rendered":"Opening up New Spaces: Photographic Investigations of Suspended Architecture"},"content":{"rendered":"\n<figure class=\"wp-block-image aligncenter size-large\"><img loading=\"lazy\" decoding=\"async\" width=\"1024\" height=\"1012\" src=\"https:\/\/danaepanchaud.net\/wp-content\/uploads\/2022\/05\/eshop.museum-gestaltung.ch_-1024x1012.jpg\" alt=\"\" class=\"wp-image-1081\" srcset=\"https:\/\/danaepanchaud.net\/wp-content\/uploads\/2022\/05\/eshop.museum-gestaltung.ch_-1024x1012.jpg 1024w, https:\/\/danaepanchaud.net\/wp-content\/uploads\/2022\/05\/eshop.museum-gestaltung.ch_-300x297.jpg 300w, https:\/\/danaepanchaud.net\/wp-content\/uploads\/2022\/05\/eshop.museum-gestaltung.ch_-768x759.jpg 768w, https:\/\/danaepanchaud.net\/wp-content\/uploads\/2022\/05\/eshop.museum-gestaltung.ch_.jpg 1214w\" sizes=\"auto, (max-width: 1024px) 100vw, 1024px\" \/><\/figure>\n\n\n\n<p><strong>2022 |\u00a0Pavillon le Corbusier \u2013 Museum f\u00fcr Gestaltung Z\u00fcrich<br>Essay for the exhibition and <a href=\"https:\/\/eshop.museum-gestaltung.ch\/?op=product&amp;id=9937\">publication<\/a> <a href=\"https:\/\/museum-gestaltung.ch\/en\/ausstellung\/architekturikonen-neu-gesehen\/\">Architecture Icons Revisited<\/a><\/strong><\/p>\n\n\n\n<p>Excerpts:<\/p>\n\n\n\n<p>&#8220;While their visual languages vary profoundly, the first impression conveyed by this new corpus is the absence of a purely architectural gaze. Most of the photographers have a solid experience working within the field of architecture\u2014sometimes exclusively\u2014but their proposed projects do not follow the codes of traditional architecture photography, with the possible exception of Rasmus Norlander, but who himself takes a very specific approach within the genre, as shown by a closer look at his work below. Architecture photography is conventionally highly descriptive and rigorously composed, adhering to precise codes: a continuous sharpness in all planes, an image geometry reproducing the way vertical lines are constructed by our eye-brain apparatus, lens distortion kept to a minimum to mimic human vision, as well as privileging certain lighting or vantage points. Together these conventions allow the photographer to convincingly reproduce in two dimensions the visual impressions of being in a particular space. In its most standardized expression, architecture photography thus seeks a certain transparency of the medium,<a id=\"_ftnref1\" href=\"#_ftn1\">[1]<\/a> in the sense that it attempts to make its viewer see the architecture, and the vision of the architect, rather than the image of it.<a id=\"_ftnref2\" href=\"#_ftn2\">[2]<\/a><\/p>\n\n\n\n<p>In <em>Architecture Icons Revisited,<\/em> this specific view of architecture is consistently sidelined in favor or a role closer to that argued by Edward Whittaker as \u201cdetermin[ing] our understanding of place.\u201d<a id=\"_ftnref3\" href=\"#_ftn3\">[3]<\/a> The visual corpus produced for the exhibition is not strictly documentary, and it thwarts the usual expectations of how masterpieces of architecture should be represented. The initial impression formed by these photographs is that of an intuitive approach and of the research of a specific gaze free from the normative constraints of the genre. Several authors appear focused on the <em>Stimmung,<\/em> the atmosphere, and often adopt the point of view of a wanderer: a perceptive process, grounded in the individual experience of a specific environment. They do not hesitate to produce images that retain something prosaic at times, reflecting a lived experience rather than the distance of an academic knowledge of Le\u00a0Corbusier\u2019s work. <\/p>\n\n\n\n<p>Faced with the challenge of proposing a new vision of landmarks well established in European visual culture, some of the photographers dare to take a questioning, rather than reverential, stance\u2014perhaps defying Le Corbusier\u2019s view of photography as a tool for, among others, the promotion of his work and vision.<a id=\"_ftnref4\" href=\"#_ftn4\">[4]<\/a> This approach, it could be argued, is in line with a broader contemporary critical reexamination of history, its landmarks, its monuments, as much as its prominent figures.&#8221;<\/p>\n\n\n\n<p>[\u2026]<\/p>\n\n\n\n<p>&#8220;The fundamental quality of this multifaceted new corpus resides not in its ability to document architecture, or to extend a long tradition of reverence toward Le\u00a0Corbusier\u2019s seminal work, but in its capacity to bring an open and subjective edge to the reception of his oeuvre. Collectively, these photographs underline the fertile tension existing within buildings whose functions have been deeply altered as they have sedimented as icons, as ideals, as concepts. Photography can serve to reinforce a monolithic transmission of iconic architecture. However, as the photographers decline to craft a precise narrative and convey a fixed discourse, no preestablished impression or interpretation is forced on the viewer\u2014in a stark reversal of what architecture photography conventionally stands for. The images serve as discrete entryways into the various imaginaries of this legendary oeuvre, which is here often more evoked than described. The architecture remains familiar, although presented in an unexpectedly unintimidating and unassuming way, often bringing attention to certain overlooked details or atmospheres. Through photography the authors open up new spaces where the viewer can imagine, project, and relate to the built environment, drawing from their own experiences, memories, and affections.&#8221;<\/p>\n\n\n\n<hr class=\"wp-block-separator has-alpha-channel-opacity\"\/>\n\n\n\n<p><a href=\"#_ftnref1\" id=\"_ftn1\">[1]<\/a> On the apparent transparency of architecture photography and its impact on the reception of architecture, see for instance, Peter Blundell Jones, \u201cThe Photo-dependent, the Photogenic and the Unphotographable: How our Understanding of the Modern Movement has been Conditioned by Photography,\u201d in <em>Camera Constructs: Photography, Architecture and the Modern City,<\/em> ed. Andrew Higgott and Timothy Wray, London, 2012, pp. 172\u201399.<\/p>\n\n\n\n<p><a id=\"_ftn2\" href=\"#_ftnref2\">[2]<\/a> On the use of photography in the study of architecture, see, for instance, Iain Borden, \u201cImaging Architecture: The Uses of Photography in the Practice of Architectural History,\u201d <em>The Journal of Architecture,<\/em> 12, no. 1 (2007), pp. 57\u201377, p. 58.<\/p>\n\n\n\n<p><a href=\"#_ftnref3\" id=\"_ftn3\">[3]<\/a> Edward Whittaker, \u201cPhotography and the Subject of Architecture,\u201d in <em>Camera Constructs,<\/em> ed. Higgott and Wray, pp. 265-282, p. 265.<\/p>\n\n\n\n<p><a id=\"_ftn4\" href=\"#_ftnref4\">[4]<\/a> Julie Noirot, \u201cRegards crois\u00e9s sur l\u2019architecture: Le Corbusier vu par ses photographes,\u201d <em>Soci\u00e9t\u00e9s &amp; Repr\u00e9sentations<\/em> 30, no. 2 (2010), pp. 15\u201326, p. 15.<\/p>\n\n\n\n<figure class=\"wp-block-image size-large\"><img loading=\"lazy\" decoding=\"async\" width=\"1024\" height=\"527\" src=\"https:\/\/danaepanchaud.net\/wp-content\/uploads\/2022\/05\/eshop.museum-gestaltung.ch2_-1024x527.jpg\" alt=\"\" class=\"wp-image-1082\" srcset=\"https:\/\/danaepanchaud.net\/wp-content\/uploads\/2022\/05\/eshop.museum-gestaltung.ch2_-1024x527.jpg 1024w, https:\/\/danaepanchaud.net\/wp-content\/uploads\/2022\/05\/eshop.museum-gestaltung.ch2_-300x155.jpg 300w, https:\/\/danaepanchaud.net\/wp-content\/uploads\/2022\/05\/eshop.museum-gestaltung.ch2_-768x396.jpg 768w, https:\/\/danaepanchaud.net\/wp-content\/uploads\/2022\/05\/eshop.museum-gestaltung.ch2_-1536x791.jpg 1536w, https:\/\/danaepanchaud.net\/wp-content\/uploads\/2022\/05\/eshop.museum-gestaltung.ch2_.jpg 2000w\" sizes=\"auto, (max-width: 1024px) 100vw, 1024px\" \/><\/figure>\n\n\n\n<figure class=\"wp-block-image size-large\"><img loading=\"lazy\" decoding=\"async\" width=\"1024\" height=\"527\" src=\"https:\/\/danaepanchaud.net\/wp-content\/uploads\/2022\/05\/eshop.museum-gestaltung.ch4_-1024x527.jpg\" alt=\"\" class=\"wp-image-1083\" srcset=\"https:\/\/danaepanchaud.net\/wp-content\/uploads\/2022\/05\/eshop.museum-gestaltung.ch4_-1024x527.jpg 1024w, https:\/\/danaepanchaud.net\/wp-content\/uploads\/2022\/05\/eshop.museum-gestaltung.ch4_-300x155.jpg 300w, https:\/\/danaepanchaud.net\/wp-content\/uploads\/2022\/05\/eshop.museum-gestaltung.ch4_-768x396.jpg 768w, https:\/\/danaepanchaud.net\/wp-content\/uploads\/2022\/05\/eshop.museum-gestaltung.ch4_-1536x791.jpg 1536w, https:\/\/danaepanchaud.net\/wp-content\/uploads\/2022\/05\/eshop.museum-gestaltung.ch4_.jpg 2000w\" sizes=\"auto, (max-width: 1024px) 100vw, 1024px\" \/><\/figure>\n\n\n\n<figure class=\"wp-block-image size-large\"><img loading=\"lazy\" decoding=\"async\" width=\"1024\" height=\"530\" src=\"https:\/\/danaepanchaud.net\/wp-content\/uploads\/2022\/05\/eshop.museum-gestaltung.ch5_-1024x530.jpg\" alt=\"\" class=\"wp-image-1084\" srcset=\"https:\/\/danaepanchaud.net\/wp-content\/uploads\/2022\/05\/eshop.museum-gestaltung.ch5_-1024x530.jpg 1024w, https:\/\/danaepanchaud.net\/wp-content\/uploads\/2022\/05\/eshop.museum-gestaltung.ch5_-300x155.jpg 300w, https:\/\/danaepanchaud.net\/wp-content\/uploads\/2022\/05\/eshop.museum-gestaltung.ch5_-768x397.jpg 768w, https:\/\/danaepanchaud.net\/wp-content\/uploads\/2022\/05\/eshop.museum-gestaltung.ch5_-1536x795.jpg 1536w, https:\/\/danaepanchaud.net\/wp-content\/uploads\/2022\/05\/eshop.museum-gestaltung.ch5_.jpg 2000w\" sizes=\"auto, (max-width: 1024px) 100vw, 1024px\" \/><\/figure>\n\n\n\n<figure class=\"wp-block-image size-large\"><img loading=\"lazy\" decoding=\"async\" width=\"1024\" height=\"530\" src=\"https:\/\/danaepanchaud.net\/wp-content\/uploads\/2022\/05\/eshop.museum-gestaltung.ch6_-1024x530.jpg\" alt=\"\" class=\"wp-image-1085\" srcset=\"https:\/\/danaepanchaud.net\/wp-content\/uploads\/2022\/05\/eshop.museum-gestaltung.ch6_-1024x530.jpg 1024w, https:\/\/danaepanchaud.net\/wp-content\/uploads\/2022\/05\/eshop.museum-gestaltung.ch6_-300x155.jpg 300w, https:\/\/danaepanchaud.net\/wp-content\/uploads\/2022\/05\/eshop.museum-gestaltung.ch6_-768x397.jpg 768w, https:\/\/danaepanchaud.net\/wp-content\/uploads\/2022\/05\/eshop.museum-gestaltung.ch6_-1536x795.jpg 1536w, https:\/\/danaepanchaud.net\/wp-content\/uploads\/2022\/05\/eshop.museum-gestaltung.ch6_.jpg 2000w\" sizes=\"auto, (max-width: 1024px) 100vw, 1024px\" \/><\/figure>\n\n\n\n<p>Images \u00a9 Museum f\u00fcr Gestaltung <\/p>\n","protected":false},"excerpt":{"rendered":"<p>2022 |\u00a0Pavillon le Corbusier \u2013 Museum f\u00fcr Gestaltung Z\u00fcrichEssay for the exhibition and publication Architecture Icons Revisited Excerpts: &#8220;While their visual languages vary profoundly, the first impression conveyed by this new corpus is the absence of a purely architectural gaze. Most of the photographers have a solid experience working within the field of architecture\u2014sometimes exclusively\u2014but [&hellip;]<\/p>\n","protected":false},"author":1,"featured_media":0,"parent":622,"menu_order":0,"comment_status":"closed","ping_status":"closed","template":"","meta":{"footnotes":""},"class_list":["post-1080","page","type-page","status-publish","hentry"],"_links":{"self":[{"href":"https:\/\/danaepanchaud.net\/index.php\/wp-json\/wp\/v2\/pages\/1080","targetHints":{"allow":["GET"]}}],"collection":[{"href":"https:\/\/danaepanchaud.net\/index.php\/wp-json\/wp\/v2\/pages"}],"about":[{"href":"https:\/\/danaepanchaud.net\/index.php\/wp-json\/wp\/v2\/types\/page"}],"author":[{"embeddable":true,"href":"https:\/\/danaepanchaud.net\/index.php\/wp-json\/wp\/v2\/users\/1"}],"replies":[{"embeddable":true,"href":"https:\/\/danaepanchaud.net\/index.php\/wp-json\/wp\/v2\/comments?post=1080"}],"version-history":[{"count":1,"href":"https:\/\/danaepanchaud.net\/index.php\/wp-json\/wp\/v2\/pages\/1080\/revisions"}],"predecessor-version":[{"id":1086,"href":"https:\/\/danaepanchaud.net\/index.php\/wp-json\/wp\/v2\/pages\/1080\/revisions\/1086"}],"up":[{"embeddable":true,"href":"https:\/\/danaepanchaud.net\/index.php\/wp-json\/wp\/v2\/pages\/622"}],"wp:attachment":[{"href":"https:\/\/danaepanchaud.net\/index.php\/wp-json\/wp\/v2\/media?parent=1080"}],"curies":[{"name":"wp","href":"https:\/\/api.w.org\/{rel}","templated":true}]}}