{"id":110,"date":"2017-08-15T18:43:43","date_gmt":"2017-08-15T16:43:43","guid":{"rendered":"http:\/\/danaepanchaud.net\/?page_id=110"},"modified":"2017-08-19T16:21:34","modified_gmt":"2017-08-19T14:21:34","slug":"virginie-otth-internal-dimension","status":"publish","type":"page","link":"https:\/\/danaepanchaud.net\/index.php\/exhibitions\/virginie-otth-internal-dimension\/","title":{"rendered":"Virginie Otth: Internal Dimension"},"content":{"rendered":"<div class=\"page\" title=\"Page 21\">\n<div class=\"layoutArea\">\n<div class=\"column\">\n<div class=\"page\" title=\"Page 21\">\n<div class=\"layoutArea\">\n<div class=\"column\">\n<p><img loading=\"lazy\" decoding=\"async\" class=\"aligncenter wp-image-112\" src=\"http:\/\/danaepanchaud.net\/wp-content\/uploads\/2017\/08\/32_view-expo-300x197.jpg\" alt=\"View of the exhibition Internal Dimension\" width=\"900\" height=\"591\" srcset=\"https:\/\/danaepanchaud.net\/wp-content\/uploads\/2017\/08\/32_view-expo-300x197.jpg 300w, https:\/\/danaepanchaud.net\/wp-content\/uploads\/2017\/08\/32_view-expo.jpg 761w\" sizes=\"auto, (max-width: 900px) 100vw, 900px\" \/><\/p>\n<p><strong>2014<\/strong><br \/>\n<strong> Galerie SAKS, Geneva<\/strong><\/p>\n<\/div>\n<\/div>\n<\/div>\n<p>Carte blanche exhibition to artist and photographer Virginie Otth to present her latest research about visibility and perception in photography.<\/p>\n<div class=\"page\" title=\"Page 21\">\n<div class=\"layoutArea\">\n<div class=\"column\">\n<p><span style=\"color: #808080;\">Carte blanche \u00e0 l\u2019artiste et photographe Virginie Otth qui pr\u00e9sente les derniers r\u00e9sultats de sa recherche sur la visibilit\u00e9 et la perception dans la photographie.<\/span><\/p>\n<p><img loading=\"lazy\" decoding=\"async\" class=\"aligncenter wp-image-111\" src=\"http:\/\/danaepanchaud.net\/wp-content\/uploads\/2017\/08\/32_view-02-300x198.jpg\" alt=\"View of the exhibition Internal Dimension\" width=\"900\" height=\"595\" srcset=\"https:\/\/danaepanchaud.net\/wp-content\/uploads\/2017\/08\/32_view-02-300x198.jpg 300w, https:\/\/danaepanchaud.net\/wp-content\/uploads\/2017\/08\/32_view-02.jpg 756w\" sizes=\"auto, (max-width: 900px) 100vw, 900px\" \/><\/p>\n<p><span style=\"color: #808080;\">Images: Virginie Otth<\/span><\/p>\n<\/div>\n<\/div>\n<\/div>\n<\/div>\n<\/div>\n<\/div>\n","protected":false},"excerpt":{"rendered":"<p>2014 Galerie SAKS, Geneva Carte blanche exhibition to artist and photographer Virginie Otth to present her latest research about visibility and perception in photography. Carte blanche \u00e0 l\u2019artiste et photographe Virginie Otth qui pr\u00e9sente les derniers r\u00e9sultats de sa recherche sur la visibilit\u00e9 et la perception dans la photographie. Images: Virginie Otth<\/p>\n","protected":false},"author":1,"featured_media":0,"parent":182,"menu_order":17,"comment_status":"closed","ping_status":"closed","template":"","meta":{"footnotes":""},"class_list":["post-110","page","type-page","status-publish","hentry"],"_links":{"self":[{"href":"https:\/\/danaepanchaud.net\/index.php\/wp-json\/wp\/v2\/pages\/110","targetHints":{"allow":["GET"]}}],"collection":[{"href":"https:\/\/danaepanchaud.net\/index.php\/wp-json\/wp\/v2\/pages"}],"about":[{"href":"https:\/\/danaepanchaud.net\/index.php\/wp-json\/wp\/v2\/types\/page"}],"author":[{"embeddable":true,"href":"https:\/\/danaepanchaud.net\/index.php\/wp-json\/wp\/v2\/users\/1"}],"replies":[{"embeddable":true,"href":"https:\/\/danaepanchaud.net\/index.php\/wp-json\/wp\/v2\/comments?post=110"}],"version-history":[{"count":2,"href":"https:\/\/danaepanchaud.net\/index.php\/wp-json\/wp\/v2\/pages\/110\/revisions"}],"predecessor-version":[{"id":114,"href":"https:\/\/danaepanchaud.net\/index.php\/wp-json\/wp\/v2\/pages\/110\/revisions\/114"}],"up":[{"embeddable":true,"href":"https:\/\/danaepanchaud.net\/index.php\/wp-json\/wp\/v2\/pages\/182"}],"wp:attachment":[{"href":"https:\/\/danaepanchaud.net\/index.php\/wp-json\/wp\/v2\/media?parent=110"}],"curies":[{"name":"wp","href":"https:\/\/api.w.org\/{rel}","templated":true}]}}