{"id":1173,"date":"2023-05-23T17:33:36","date_gmt":"2023-05-23T15:33:36","guid":{"rendered":"https:\/\/danaepanchaud.net\/?page_id=1173"},"modified":"2023-05-23T17:33:54","modified_gmt":"2023-05-23T15:33:54","slug":"anastasia-mityukova-avez-vous-deja-vu-un-iceberg-sous-la-pluie","status":"publish","type":"page","link":"https:\/\/danaepanchaud.net\/index.php\/exhibitions\/anastasia-mityukova-avez-vous-deja-vu-un-iceberg-sous-la-pluie\/","title":{"rendered":"Anastasia Mityukova. Avez-vous d\u00e9j\u00e0 vu un iceberg sous la pluie?"},"content":{"rendered":"\n<figure class=\"wp-block-image size-full is-resized\"><img loading=\"lazy\" decoding=\"async\" src=\"https:\/\/danaepanchaud.net\/wp-content\/uploads\/2023\/04\/Centre-de-la-photographie-Geneve-Anastasia-Mityukova-Image-Leonard-Rossi-1.jpg\" alt=\"\" class=\"wp-image-1174\" width=\"840\" height=\"630\" srcset=\"https:\/\/danaepanchaud.net\/wp-content\/uploads\/2023\/04\/Centre-de-la-photographie-Geneve-Anastasia-Mityukova-Image-Leonard-Rossi-1.jpg 900w, https:\/\/danaepanchaud.net\/wp-content\/uploads\/2023\/04\/Centre-de-la-photographie-Geneve-Anastasia-Mityukova-Image-Leonard-Rossi-1-300x225.jpg 300w, https:\/\/danaepanchaud.net\/wp-content\/uploads\/2023\/04\/Centre-de-la-photographie-Geneve-Anastasia-Mityukova-Image-Leonard-Rossi-1-768x576.jpg 768w\" sizes=\"auto, (max-width: 840px) 100vw, 840px\" \/><\/figure>\n\n\n\n<p class=\"has-small-font-size\"><strong>2023 | Centre de la photographie Gen\u00e8ve<\/strong><\/p>\n\n\n\n<p class=\"has-small-font-size\">The first major solo exhibition of Geneva-based artist Anastasia Mityukova brings together for the first time a most of her series dedicated to the visual culture of the Arctic and the North Pole, resulting of her research started in 2017.<\/p>\n\n\n\n<p class=\"has-small-font-size\">During her residency in Qaanaaq, the northernmost town in Greenland, Anastasia Mityukova measured the distance separating the imaginaries of the Arctic Circle from its reality. For several years, she has been studying, deconstructing and confronting the Western visual culture of the North Pole with reality. Shaped by countless documentary films, illustrated books or photojournalistic reportages, it populated by explorers acclaimed as heroes, a fauna that has become a gene- ric symbol of global warming, and immaculate landscapes. It promotes fantasies of purity, adventure, exo- ticism and authenticity, obscuring more complicated realities: multifaceted geopolitical interests, a colonial history that is not always discussed as such, or a certain ambivalence about climate change. The artist seizes on these contradictions to bring nuance and complexity to these representations, and to underline the extent to which our gaze is constructed and conditioned.<\/p>\n\n\n\n<p class=\"has-text-color has-small-font-size\" style=\"color:#7e7e7e\">Premi\u00e8re exposition personnelle d\u2019envergure de l\u2019artiste genevoise Anastasia Mityukova, elle r\u00e9unit pour la premi\u00e8re fois une majeure partie de ses \u0153uvres d\u00e9di\u00e9es \u00e0 la culture visuelle de l\u2019Arctique et du P\u00f4le Nord, fruit de ses recherches actuelles entreprises en 2017.<\/p>\n\n\n\n<p class=\"has-text-color has-small-font-size\" style=\"color:#7e7e7e\">En r\u00e9sidence \u00e0 Qaanaaq, localit\u00e9 la plus septentrionale du Groenland, Anastasia Mityukova mesure la distance qui s\u00e9pare l\u2019imaginaire du cercle polaire de sa r\u00e9alit\u00e9. Depuis plusieurs ann\u00e9es, elle \u00e9tudie, d\u00e9construit et confronte au r\u00e9el la culture visuelle occidentale du p\u00f4le Nord. Fa\u00e7onn\u00e9e par d\u2019innombrables films documentaires, livres illustr\u00e9s ou reportages photographiques, elle repose sur des explorateurs acclam\u00e9s en h\u00e9ros, une faune devenue un symbole g\u00e9n\u00e9rique du r\u00e9chauffement climatique, ou des paysages immacul\u00e9s et iconiques. Ces imageries font la part belle \u00e0 des fantasmes de puret\u00e9, d\u2019aventure, d\u2019exotisme et d\u2019authenticit\u00e9, offusquant des r\u00e9alit\u00e9s plus complexes : des int\u00e9r\u00eats g\u00e9opolitiques de tous bords, une histoire coloniale peu d\u00e9battue comme telle, ou une certaine ambivalence face aux changements climatiques repr\u00e9sentant des risques, mais aussi des opportunit\u00e9s. L\u2019artiste se saisit de ces contradictions pour apporter nuance et complexit\u00e9 \u00e0 ces repr\u00e9sentations, et souligner \u00e0 quel point notre regard est construit et model\u00e9 par les repr\u00e9sentations m\u00e9diatiques.<\/p>\n\n\n\n<figure class=\"wp-block-image size-large\"><img loading=\"lazy\" decoding=\"async\" width=\"1024\" height=\"768\" src=\"https:\/\/danaepanchaud.net\/wp-content\/uploads\/2023\/05\/Centre-de-la-photographie-Geneve-Anastasia-Mityukova-Image-Leonard-Rossi-8-1024x768.jpg\" alt=\"\" class=\"wp-image-1371\" srcset=\"https:\/\/danaepanchaud.net\/wp-content\/uploads\/2023\/05\/Centre-de-la-photographie-Geneve-Anastasia-Mityukova-Image-Leonard-Rossi-8-1024x768.jpg 1024w, https:\/\/danaepanchaud.net\/wp-content\/uploads\/2023\/05\/Centre-de-la-photographie-Geneve-Anastasia-Mityukova-Image-Leonard-Rossi-8-300x225.jpg 300w, https:\/\/danaepanchaud.net\/wp-content\/uploads\/2023\/05\/Centre-de-la-photographie-Geneve-Anastasia-Mityukova-Image-Leonard-Rossi-8-768x576.jpg 768w, https:\/\/danaepanchaud.net\/wp-content\/uploads\/2023\/05\/Centre-de-la-photographie-Geneve-Anastasia-Mityukova-Image-Leonard-Rossi-8-1536x1152.jpg 1536w, https:\/\/danaepanchaud.net\/wp-content\/uploads\/2023\/05\/Centre-de-la-photographie-Geneve-Anastasia-Mityukova-Image-Leonard-Rossi-8-2048x1536.jpg 2048w\" sizes=\"auto, (max-width: 1024px) 100vw, 1024px\" \/><\/figure>\n\n\n\n<figure class=\"wp-block-image size-large\"><img loading=\"lazy\" decoding=\"async\" width=\"1024\" height=\"768\" src=\"https:\/\/danaepanchaud.net\/wp-content\/uploads\/2023\/05\/Centre-de-la-photographie-Geneve-Anastasia-Mityukova-Image-Leonard-Rossi-9-1024x768.jpg\" alt=\"\" class=\"wp-image-1372\" srcset=\"https:\/\/danaepanchaud.net\/wp-content\/uploads\/2023\/05\/Centre-de-la-photographie-Geneve-Anastasia-Mityukova-Image-Leonard-Rossi-9-1024x768.jpg 1024w, https:\/\/danaepanchaud.net\/wp-content\/uploads\/2023\/05\/Centre-de-la-photographie-Geneve-Anastasia-Mityukova-Image-Leonard-Rossi-9-300x225.jpg 300w, https:\/\/danaepanchaud.net\/wp-content\/uploads\/2023\/05\/Centre-de-la-photographie-Geneve-Anastasia-Mityukova-Image-Leonard-Rossi-9-768x576.jpg 768w, https:\/\/danaepanchaud.net\/wp-content\/uploads\/2023\/05\/Centre-de-la-photographie-Geneve-Anastasia-Mityukova-Image-Leonard-Rossi-9-1536x1152.jpg 1536w, https:\/\/danaepanchaud.net\/wp-content\/uploads\/2023\/05\/Centre-de-la-photographie-Geneve-Anastasia-Mityukova-Image-Leonard-Rossi-9-2048x1536.jpg 2048w\" sizes=\"auto, (max-width: 1024px) 100vw, 1024px\" \/><\/figure>\n\n\n\n<figure class=\"wp-block-image size-large\"><img loading=\"lazy\" decoding=\"async\" width=\"1024\" height=\"768\" src=\"https:\/\/danaepanchaud.net\/wp-content\/uploads\/2023\/05\/Centre-de-la-photographie-Geneve-Anastasia-Mityukova-Image-Leonard-Rossi-10-1024x768.jpg\" alt=\"\" class=\"wp-image-1373\" srcset=\"https:\/\/danaepanchaud.net\/wp-content\/uploads\/2023\/05\/Centre-de-la-photographie-Geneve-Anastasia-Mityukova-Image-Leonard-Rossi-10-1024x768.jpg 1024w, https:\/\/danaepanchaud.net\/wp-content\/uploads\/2023\/05\/Centre-de-la-photographie-Geneve-Anastasia-Mityukova-Image-Leonard-Rossi-10-300x225.jpg 300w, https:\/\/danaepanchaud.net\/wp-content\/uploads\/2023\/05\/Centre-de-la-photographie-Geneve-Anastasia-Mityukova-Image-Leonard-Rossi-10-768x576.jpg 768w, https:\/\/danaepanchaud.net\/wp-content\/uploads\/2023\/05\/Centre-de-la-photographie-Geneve-Anastasia-Mityukova-Image-Leonard-Rossi-10-1536x1152.jpg 1536w, https:\/\/danaepanchaud.net\/wp-content\/uploads\/2023\/05\/Centre-de-la-photographie-Geneve-Anastasia-Mityukova-Image-Leonard-Rossi-10-2048x1536.jpg 2048w\" sizes=\"auto, (max-width: 1024px) 100vw, 1024px\" \/><\/figure>\n\n\n\n<p><\/p>\n\n\n\n<figure class=\"wp-block-image size-large\"><img loading=\"lazy\" decoding=\"async\" width=\"1024\" height=\"768\" src=\"https:\/\/danaepanchaud.net\/wp-content\/uploads\/2023\/05\/Centre-de-la-photographie-Geneve-Anastasia-Mityukova-Image-Leonard-Rossi-13-1024x768.jpg\" alt=\"\" class=\"wp-image-1374\" srcset=\"https:\/\/danaepanchaud.net\/wp-content\/uploads\/2023\/05\/Centre-de-la-photographie-Geneve-Anastasia-Mityukova-Image-Leonard-Rossi-13-1024x768.jpg 1024w, https:\/\/danaepanchaud.net\/wp-content\/uploads\/2023\/05\/Centre-de-la-photographie-Geneve-Anastasia-Mityukova-Image-Leonard-Rossi-13-300x225.jpg 300w, https:\/\/danaepanchaud.net\/wp-content\/uploads\/2023\/05\/Centre-de-la-photographie-Geneve-Anastasia-Mityukova-Image-Leonard-Rossi-13-768x576.jpg 768w, https:\/\/danaepanchaud.net\/wp-content\/uploads\/2023\/05\/Centre-de-la-photographie-Geneve-Anastasia-Mityukova-Image-Leonard-Rossi-13-1536x1152.jpg 1536w, https:\/\/danaepanchaud.net\/wp-content\/uploads\/2023\/05\/Centre-de-la-photographie-Geneve-Anastasia-Mityukova-Image-Leonard-Rossi-13-2048x1536.jpg 2048w\" sizes=\"auto, (max-width: 1024px) 100vw, 1024px\" \/><\/figure>\n\n\n\n<figure class=\"wp-block-image size-large\"><img loading=\"lazy\" decoding=\"async\" width=\"1024\" height=\"768\" src=\"https:\/\/danaepanchaud.net\/wp-content\/uploads\/2023\/05\/Centre-de-la-photographie-Geneve-Anastasia-Mityukova-Image-Leonard-Rossi-6-1024x768.jpg\" alt=\"\" class=\"wp-image-1370\" srcset=\"https:\/\/danaepanchaud.net\/wp-content\/uploads\/2023\/05\/Centre-de-la-photographie-Geneve-Anastasia-Mityukova-Image-Leonard-Rossi-6-1024x768.jpg 1024w, https:\/\/danaepanchaud.net\/wp-content\/uploads\/2023\/05\/Centre-de-la-photographie-Geneve-Anastasia-Mityukova-Image-Leonard-Rossi-6-300x225.jpg 300w, https:\/\/danaepanchaud.net\/wp-content\/uploads\/2023\/05\/Centre-de-la-photographie-Geneve-Anastasia-Mityukova-Image-Leonard-Rossi-6-768x576.jpg 768w, https:\/\/danaepanchaud.net\/wp-content\/uploads\/2023\/05\/Centre-de-la-photographie-Geneve-Anastasia-Mityukova-Image-Leonard-Rossi-6-1536x1152.jpg 1536w, https:\/\/danaepanchaud.net\/wp-content\/uploads\/2023\/05\/Centre-de-la-photographie-Geneve-Anastasia-Mityukova-Image-Leonard-Rossi-6-2048x1536.jpg 2048w\" sizes=\"auto, (max-width: 1024px) 100vw, 1024px\" \/><\/figure>\n\n\n\n<figure class=\"wp-block-image size-large\"><img loading=\"lazy\" decoding=\"async\" width=\"1024\" height=\"768\" src=\"https:\/\/danaepanchaud.net\/wp-content\/uploads\/2023\/05\/Centre-de-la-photographie-Geneve-Anastasia-Mityukova-Image-Leonard-Rossi-23-1-1024x768.jpg\" alt=\"\" class=\"wp-image-1380\" srcset=\"https:\/\/danaepanchaud.net\/wp-content\/uploads\/2023\/05\/Centre-de-la-photographie-Geneve-Anastasia-Mityukova-Image-Leonard-Rossi-23-1-1024x768.jpg 1024w, https:\/\/danaepanchaud.net\/wp-content\/uploads\/2023\/05\/Centre-de-la-photographie-Geneve-Anastasia-Mityukova-Image-Leonard-Rossi-23-1-300x225.jpg 300w, https:\/\/danaepanchaud.net\/wp-content\/uploads\/2023\/05\/Centre-de-la-photographie-Geneve-Anastasia-Mityukova-Image-Leonard-Rossi-23-1-768x576.jpg 768w, https:\/\/danaepanchaud.net\/wp-content\/uploads\/2023\/05\/Centre-de-la-photographie-Geneve-Anastasia-Mityukova-Image-Leonard-Rossi-23-1-1536x1152.jpg 1536w, https:\/\/danaepanchaud.net\/wp-content\/uploads\/2023\/05\/Centre-de-la-photographie-Geneve-Anastasia-Mityukova-Image-Leonard-Rossi-23-1-2048x1536.jpg 2048w\" sizes=\"auto, (max-width: 1024px) 100vw, 1024px\" \/><\/figure>\n\n\n\n<figure class=\"wp-block-image size-large\"><img loading=\"lazy\" decoding=\"async\" width=\"1024\" height=\"768\" src=\"https:\/\/danaepanchaud.net\/wp-content\/uploads\/2023\/05\/Centre-de-la-photographie-Geneve-Anastasia-Mityukova-Image-Leonard-Rossi-17-1024x768.jpg\" alt=\"\" class=\"wp-image-1381\" srcset=\"https:\/\/danaepanchaud.net\/wp-content\/uploads\/2023\/05\/Centre-de-la-photographie-Geneve-Anastasia-Mityukova-Image-Leonard-Rossi-17-1024x768.jpg 1024w, https:\/\/danaepanchaud.net\/wp-content\/uploads\/2023\/05\/Centre-de-la-photographie-Geneve-Anastasia-Mityukova-Image-Leonard-Rossi-17-300x225.jpg 300w, https:\/\/danaepanchaud.net\/wp-content\/uploads\/2023\/05\/Centre-de-la-photographie-Geneve-Anastasia-Mityukova-Image-Leonard-Rossi-17-768x576.jpg 768w, https:\/\/danaepanchaud.net\/wp-content\/uploads\/2023\/05\/Centre-de-la-photographie-Geneve-Anastasia-Mityukova-Image-Leonard-Rossi-17-1536x1152.jpg 1536w, https:\/\/danaepanchaud.net\/wp-content\/uploads\/2023\/05\/Centre-de-la-photographie-Geneve-Anastasia-Mityukova-Image-Leonard-Rossi-17-2048x1536.jpg 2048w\" sizes=\"auto, (max-width: 1024px) 100vw, 1024px\" \/><\/figure>\n\n\n\n<figure class=\"wp-block-image size-large\"><img loading=\"lazy\" decoding=\"async\" width=\"1024\" height=\"768\" src=\"https:\/\/danaepanchaud.net\/wp-content\/uploads\/2023\/05\/Centre-de-la-photographie-Geneve-Anastasia-Mityukova-Image-Leonard-Rossi-16-1024x768.jpg\" alt=\"\" class=\"wp-image-1375\" srcset=\"https:\/\/danaepanchaud.net\/wp-content\/uploads\/2023\/05\/Centre-de-la-photographie-Geneve-Anastasia-Mityukova-Image-Leonard-Rossi-16-1024x768.jpg 1024w, https:\/\/danaepanchaud.net\/wp-content\/uploads\/2023\/05\/Centre-de-la-photographie-Geneve-Anastasia-Mityukova-Image-Leonard-Rossi-16-300x225.jpg 300w, https:\/\/danaepanchaud.net\/wp-content\/uploads\/2023\/05\/Centre-de-la-photographie-Geneve-Anastasia-Mityukova-Image-Leonard-Rossi-16-768x576.jpg 768w, https:\/\/danaepanchaud.net\/wp-content\/uploads\/2023\/05\/Centre-de-la-photographie-Geneve-Anastasia-Mityukova-Image-Leonard-Rossi-16-1536x1152.jpg 1536w, https:\/\/danaepanchaud.net\/wp-content\/uploads\/2023\/05\/Centre-de-la-photographie-Geneve-Anastasia-Mityukova-Image-Leonard-Rossi-16-2048x1536.jpg 2048w\" sizes=\"auto, (max-width: 1024px) 100vw, 1024px\" \/><\/figure>\n\n\n\n<figure class=\"wp-block-image size-large\"><img loading=\"lazy\" decoding=\"async\" width=\"768\" height=\"1024\" src=\"https:\/\/danaepanchaud.net\/wp-content\/uploads\/2023\/05\/Centre-de-la-photographie-Geneve-Anastasia-Mityukova-Image-Leonard-Rossi-31-768x1024.jpg\" alt=\"\" class=\"wp-image-1376\" srcset=\"https:\/\/danaepanchaud.net\/wp-content\/uploads\/2023\/05\/Centre-de-la-photographie-Geneve-Anastasia-Mityukova-Image-Leonard-Rossi-31-768x1024.jpg 768w, https:\/\/danaepanchaud.net\/wp-content\/uploads\/2023\/05\/Centre-de-la-photographie-Geneve-Anastasia-Mityukova-Image-Leonard-Rossi-31-225x300.jpg 225w, https:\/\/danaepanchaud.net\/wp-content\/uploads\/2023\/05\/Centre-de-la-photographie-Geneve-Anastasia-Mityukova-Image-Leonard-Rossi-31-1152x1536.jpg 1152w, https:\/\/danaepanchaud.net\/wp-content\/uploads\/2023\/05\/Centre-de-la-photographie-Geneve-Anastasia-Mityukova-Image-Leonard-Rossi-31-1536x2048.jpg 1536w, https:\/\/danaepanchaud.net\/wp-content\/uploads\/2023\/05\/Centre-de-la-photographie-Geneve-Anastasia-Mityukova-Image-Leonard-Rossi-31.jpg 1875w\" sizes=\"auto, (max-width: 768px) 100vw, 768px\" \/><\/figure>\n\n\n\n<figure class=\"wp-block-image size-large\"><img loading=\"lazy\" decoding=\"async\" width=\"768\" height=\"1024\" src=\"https:\/\/danaepanchaud.net\/wp-content\/uploads\/2023\/05\/Centre-de-la-photographie-Geneve-Anastasia-Mityukova-Image-Leonard-Rossi-32-1-768x1024.jpg\" alt=\"\" class=\"wp-image-1378\" srcset=\"https:\/\/danaepanchaud.net\/wp-content\/uploads\/2023\/05\/Centre-de-la-photographie-Geneve-Anastasia-Mityukova-Image-Leonard-Rossi-32-1-768x1024.jpg 768w, https:\/\/danaepanchaud.net\/wp-content\/uploads\/2023\/05\/Centre-de-la-photographie-Geneve-Anastasia-Mityukova-Image-Leonard-Rossi-32-1-225x300.jpg 225w, https:\/\/danaepanchaud.net\/wp-content\/uploads\/2023\/05\/Centre-de-la-photographie-Geneve-Anastasia-Mityukova-Image-Leonard-Rossi-32-1-1152x1536.jpg 1152w, https:\/\/danaepanchaud.net\/wp-content\/uploads\/2023\/05\/Centre-de-la-photographie-Geneve-Anastasia-Mityukova-Image-Leonard-Rossi-32-1-1536x2048.jpg 1536w, https:\/\/danaepanchaud.net\/wp-content\/uploads\/2023\/05\/Centre-de-la-photographie-Geneve-Anastasia-Mityukova-Image-Leonard-Rossi-32-1.jpg 1875w\" sizes=\"auto, (max-width: 768px) 100vw, 768px\" \/><\/figure>\n\n\n\n<p class=\"has-small-font-size\">Exhibition views by L\u00e9onard Rossi<\/p>\n","protected":false},"excerpt":{"rendered":"<p>2023 | Centre de la photographie Gen\u00e8ve The first major solo exhibition of Geneva-based artist Anastasia Mityukova brings together for the first time a most of her series dedicated to the visual culture of the Arctic and the North Pole, resulting of her research started in 2017. During her residency in Qaanaaq, the northernmost town [&hellip;]<\/p>\n","protected":false},"author":1,"featured_media":0,"parent":182,"menu_order":0,"comment_status":"closed","ping_status":"closed","template":"","meta":{"footnotes":""},"class_list":["post-1173","page","type-page","status-publish","hentry"],"_links":{"self":[{"href":"https:\/\/danaepanchaud.net\/index.php\/wp-json\/wp\/v2\/pages\/1173","targetHints":{"allow":["GET"]}}],"collection":[{"href":"https:\/\/danaepanchaud.net\/index.php\/wp-json\/wp\/v2\/pages"}],"about":[{"href":"https:\/\/danaepanchaud.net\/index.php\/wp-json\/wp\/v2\/types\/page"}],"author":[{"embeddable":true,"href":"https:\/\/danaepanchaud.net\/index.php\/wp-json\/wp\/v2\/users\/1"}],"replies":[{"embeddable":true,"href":"https:\/\/danaepanchaud.net\/index.php\/wp-json\/wp\/v2\/comments?post=1173"}],"version-history":[{"count":4,"href":"https:\/\/danaepanchaud.net\/index.php\/wp-json\/wp\/v2\/pages\/1173\/revisions"}],"predecessor-version":[{"id":1382,"href":"https:\/\/danaepanchaud.net\/index.php\/wp-json\/wp\/v2\/pages\/1173\/revisions\/1382"}],"up":[{"embeddable":true,"href":"https:\/\/danaepanchaud.net\/index.php\/wp-json\/wp\/v2\/pages\/182"}],"wp:attachment":[{"href":"https:\/\/danaepanchaud.net\/index.php\/wp-json\/wp\/v2\/media?parent=1173"}],"curies":[{"name":"wp","href":"https:\/\/api.w.org\/{rel}","templated":true}]}}