{"id":125,"date":"2017-08-15T22:43:06","date_gmt":"2017-08-15T20:43:06","guid":{"rendered":"http:\/\/danaepanchaud.net\/?page_id=125"},"modified":"2017-08-19T16:21:54","modified_gmt":"2017-08-19T14:21:54","slug":"the-breath-on-our-back","status":"publish","type":"page","link":"https:\/\/danaepanchaud.net\/index.php\/exhibitions\/the-breath-on-our-back\/","title":{"rendered":"The Breath On Our Back"},"content":{"rendered":"<p><img loading=\"lazy\" decoding=\"async\" class=\"aligncenter wp-image-140 size-full\" src=\"http:\/\/danaepanchaud.net\/wp-content\/uploads\/2017\/08\/TheBreathOnOurBack_PhForum_2012_19c.jpg\" alt=\"View of the exhibition The Breath On Our Back\" width=\"1145\" height=\"571\" srcset=\"https:\/\/danaepanchaud.net\/wp-content\/uploads\/2017\/08\/TheBreathOnOurBack_PhForum_2012_19c.jpg 1145w, https:\/\/danaepanchaud.net\/wp-content\/uploads\/2017\/08\/TheBreathOnOurBack_PhForum_2012_19c-300x150.jpg 300w, https:\/\/danaepanchaud.net\/wp-content\/uploads\/2017\/08\/TheBreathOnOurBack_PhForum_2012_19c-768x383.jpg 768w, https:\/\/danaepanchaud.net\/wp-content\/uploads\/2017\/08\/TheBreathOnOurBack_PhForum_2012_19c-1024x511.jpg 1024w\" sizes=\"auto, (max-width: 1145px) 100vw, 1145px\" \/><strong>Curated with Maude Oswald<\/strong><\/p>\n<p><strong>2012<\/strong><br \/>\n<strong> Photoforum PasquArt, Biel<\/strong><\/p>\n<p>Contemporary western societies tend towards an ideal of preservation, individual protection and well-being that permeates through all instances of a daily life that sometimes ends up feeling like a utopia.<\/p>\n<p>From urban development projects (Laurence Bonvin, Line Chollet) to sperm and stem cell banks (Yann Mingard), from the links between the animal and plant kingdoms (Graziella Antonini) to the social construction of bodies and their making (Anoush Abrar), the real see itself submerged, here, by ideals falling prey to forms of limitations to the liberties of doing, being, and thinking. <em>The Breath Down Our Back<\/em> questions these issues through plural insights.<\/p>\n<p>While the human gure is only rarely shown in an explicit way, it haunts each one of the pieces, slithering in to impose its centrality. The presence \u2013 or absence \u2013 of the human allows to question the needs and fears of a society which is slowly torn apart by a compulsion for preservation, which, often, prevents protection against forms of social ostracism (Anne-Julie Raccoursier). Playing on the cracks between real and fiction, <em>The Breath On Our Back<\/em> questions the oscillating movements between what is shown and what can only be guessed: from prison cells to fake military exercises (Clovis Baechtold, Elisa Larvego), from the social codi cation of bodies to the intimate fear of death (Virginie Rebetez), each visual proposition holds elements that call for discovery, then questioning, so as to allow them to be placed in a global comprehension of humanity\u2019s becoming.<\/p>\n<p><span style=\"color: #808080;\">Une exposition soulignant les liens entre hygi\u00e8ne et utopie, soit entre les pr\u00e9occupations constantes de pr\u00e9servation, de s\u00e9curisation et de bien-\u00eatre, et les d\u00e9rives propres \u00e0 la poursuite de cet id\u00e9al.<\/span><\/p>\n<p><span style=\"color: #808080;\"><em>The Breath On Our Back<\/em> aborde une probl\u00e9matique ancr\u00e9e depuis des si\u00e8cles dans l\u2019histoire de l\u2019humanit\u00e9, et dont la constance rel\u00e8ve de pr\u00e9occupations directement li\u00e9es au bien-\u00eatre et \u00e0 la sant\u00e9. De la d\u00e9esse grecque Hygie \u00e0 l\u2019Utopie de Thomas More, des r\u00e8gles d\u2019urbanisme pour une cit\u00e9 id\u00e9ale \u00e9voqu\u00e9es par Jules Verne (<em>Les Cinq Cents Millions de la B\u00e9gum<\/em>) aux d\u00e9veloppements incessants <\/span><span style=\"color: #808080;\">de la m\u00e9decine moderne et de ses influences sur le corps et l\u2019esprit, l\u2019homme r\u00e9fl\u00e9chit et agit dans une perspective faisant toujours se croiser l\u2019individu et le devenir collectif. Hygi\u00e8ne, pr\u00e9servation et protection de l\u2019\u00eatre humain fac\u0327onnent ainsi la soci\u00e9t\u00e9 dans une volont\u00e9 d\u2019am\u00e9lioration, sans pouvoir emp\u00eacher, parfois, les d\u00e9rives propres \u00e0 toute poursuite d\u2019un id\u00e9al.<\/span><\/p>\n<p><span style=\"color: #808080;\">La soci\u00e9t\u00e9 occidentale contemporaine tend vers un id\u00e9al de protection, de s\u00e9curisation et de bien-\u00eatre individuel qui se d\u00e9ploie dans tous les instants d\u2019un quotidien aux accents, parfois, d\u2019utopie. De projets urbanistiques aux banques de conservation de sperme, des liens tiss\u00e9s entre monde v\u00e9g\u00e9tal, animal et humain \u00e0 la construction sociale des corps et de leur devenir, le r\u00e9el se voit submerg\u00e9, ici, par des id\u00e9aux en proie \u00e0 des formes de r\u00e9tr\u00e9cissement des libert\u00e9s de faire, d\u2019\u00eatre et de penser. <em>The Breath On Our Back<\/em> questionne ces enjeux par le biais de perspectives plurielles qui s\u2019inscrivent dans une dynamique de monstration critique.<\/span><\/p>\n<p>With Anoush Abrar, Graziella Antonini, Clovis Baechtold, Laurence Bonvin, Line Chollet, Elisa Larvego, Yann Mingard, Anne-Julie Raccoursier, Virginie Rebetez<\/p>\n<p>Conferences by Vincent Barras and Tilo Steireif<\/p>\n<p><img loading=\"lazy\" decoding=\"async\" class=\"aligncenter wp-image-139 size-full\" src=\"http:\/\/danaepanchaud.net\/wp-content\/uploads\/2017\/08\/TheBreathOnOurBack_PhForum_2012_13.jpg\" alt=\"View of the exhibition The Breath On Our Back\" width=\"1200\" height=\"799\" srcset=\"https:\/\/danaepanchaud.net\/wp-content\/uploads\/2017\/08\/TheBreathOnOurBack_PhForum_2012_13.jpg 1200w, https:\/\/danaepanchaud.net\/wp-content\/uploads\/2017\/08\/TheBreathOnOurBack_PhForum_2012_13-300x200.jpg 300w, https:\/\/danaepanchaud.net\/wp-content\/uploads\/2017\/08\/TheBreathOnOurBack_PhForum_2012_13-768x511.jpg 768w, https:\/\/danaepanchaud.net\/wp-content\/uploads\/2017\/08\/TheBreathOnOurBack_PhForum_2012_13-1024x682.jpg 1024w\" sizes=\"auto, (max-width: 1200px) 100vw, 1200px\" \/> <img loading=\"lazy\" decoding=\"async\" class=\"aligncenter wp-image-138 size-full\" src=\"http:\/\/danaepanchaud.net\/wp-content\/uploads\/2017\/08\/TheBreathOnOurBack_PhForum_2012_12.jpg\" alt=\"View of the exhibition The Breath On Our Back\" width=\"1200\" height=\"799\" srcset=\"https:\/\/danaepanchaud.net\/wp-content\/uploads\/2017\/08\/TheBreathOnOurBack_PhForum_2012_12.jpg 1200w, https:\/\/danaepanchaud.net\/wp-content\/uploads\/2017\/08\/TheBreathOnOurBack_PhForum_2012_12-300x200.jpg 300w, https:\/\/danaepanchaud.net\/wp-content\/uploads\/2017\/08\/TheBreathOnOurBack_PhForum_2012_12-768x511.jpg 768w, https:\/\/danaepanchaud.net\/wp-content\/uploads\/2017\/08\/TheBreathOnOurBack_PhForum_2012_12-1024x682.jpg 1024w\" sizes=\"auto, (max-width: 1200px) 100vw, 1200px\" \/> <img loading=\"lazy\" decoding=\"async\" class=\"aligncenter wp-image-137 size-full\" src=\"http:\/\/danaepanchaud.net\/wp-content\/uploads\/2017\/08\/TheBreathOnOurBack_PhForum_2012_11.jpg\" alt=\"View of the exhibition The Breath On Our Back\" width=\"1200\" height=\"799\" srcset=\"https:\/\/danaepanchaud.net\/wp-content\/uploads\/2017\/08\/TheBreathOnOurBack_PhForum_2012_11.jpg 1200w, https:\/\/danaepanchaud.net\/wp-content\/uploads\/2017\/08\/TheBreathOnOurBack_PhForum_2012_11-300x200.jpg 300w, https:\/\/danaepanchaud.net\/wp-content\/uploads\/2017\/08\/TheBreathOnOurBack_PhForum_2012_11-768x511.jpg 768w, https:\/\/danaepanchaud.net\/wp-content\/uploads\/2017\/08\/TheBreathOnOurBack_PhForum_2012_11-1024x682.jpg 1024w\" sizes=\"auto, (max-width: 1200px) 100vw, 1200px\" \/>\u00a0 <img loading=\"lazy\" decoding=\"async\" class=\"aligncenter wp-image-135 size-full\" src=\"http:\/\/danaepanchaud.net\/wp-content\/uploads\/2017\/08\/TheBreathOnOurBack_PhForum_2012_09.jpg\" alt=\"View of the exhibition The Breath On Our Back\" width=\"1200\" height=\"799\" srcset=\"https:\/\/danaepanchaud.net\/wp-content\/uploads\/2017\/08\/TheBreathOnOurBack_PhForum_2012_09.jpg 1200w, https:\/\/danaepanchaud.net\/wp-content\/uploads\/2017\/08\/TheBreathOnOurBack_PhForum_2012_09-300x200.jpg 300w, https:\/\/danaepanchaud.net\/wp-content\/uploads\/2017\/08\/TheBreathOnOurBack_PhForum_2012_09-768x511.jpg 768w, https:\/\/danaepanchaud.net\/wp-content\/uploads\/2017\/08\/TheBreathOnOurBack_PhForum_2012_09-1024x682.jpg 1024w\" sizes=\"auto, (max-width: 1200px) 100vw, 1200px\" \/>\u00a0\u00a0 <img loading=\"lazy\" decoding=\"async\" class=\"aligncenter wp-image-132 size-full\" src=\"http:\/\/danaepanchaud.net\/wp-content\/uploads\/2017\/08\/TheBreathOnOurBack_PhForum_2012_06.jpg\" alt=\"View of the exhibition The Breath On Our Back\" width=\"1200\" height=\"799\" srcset=\"https:\/\/danaepanchaud.net\/wp-content\/uploads\/2017\/08\/TheBreathOnOurBack_PhForum_2012_06.jpg 1200w, https:\/\/danaepanchaud.net\/wp-content\/uploads\/2017\/08\/TheBreathOnOurBack_PhForum_2012_06-300x200.jpg 300w, https:\/\/danaepanchaud.net\/wp-content\/uploads\/2017\/08\/TheBreathOnOurBack_PhForum_2012_06-768x511.jpg 768w, https:\/\/danaepanchaud.net\/wp-content\/uploads\/2017\/08\/TheBreathOnOurBack_PhForum_2012_06-1024x682.jpg 1024w\" sizes=\"auto, (max-width: 1200px) 100vw, 1200px\" \/><img loading=\"lazy\" decoding=\"async\" class=\"aligncenter wp-image-134 size-full\" src=\"http:\/\/danaepanchaud.net\/wp-content\/uploads\/2017\/08\/TheBreathOnOurBack_PhForum_2012_08.jpg\" alt=\"View of the exhibition The Breath On Our Back\" width=\"1200\" height=\"799\" srcset=\"https:\/\/danaepanchaud.net\/wp-content\/uploads\/2017\/08\/TheBreathOnOurBack_PhForum_2012_08.jpg 1200w, https:\/\/danaepanchaud.net\/wp-content\/uploads\/2017\/08\/TheBreathOnOurBack_PhForum_2012_08-300x200.jpg 300w, https:\/\/danaepanchaud.net\/wp-content\/uploads\/2017\/08\/TheBreathOnOurBack_PhForum_2012_08-768x511.jpg 768w, https:\/\/danaepanchaud.net\/wp-content\/uploads\/2017\/08\/TheBreathOnOurBack_PhForum_2012_08-1024x682.jpg 1024w\" sizes=\"auto, (max-width: 1200px) 100vw, 1200px\" \/><img loading=\"lazy\" decoding=\"async\" class=\"aligncenter wp-image-133 size-full\" src=\"http:\/\/danaepanchaud.net\/wp-content\/uploads\/2017\/08\/TheBreathOnOurBack_PhForum_2012_07.jpg\" alt=\"View of the exhibition The Breath On Our Back\" width=\"1200\" height=\"799\" srcset=\"https:\/\/danaepanchaud.net\/wp-content\/uploads\/2017\/08\/TheBreathOnOurBack_PhForum_2012_07.jpg 1200w, https:\/\/danaepanchaud.net\/wp-content\/uploads\/2017\/08\/TheBreathOnOurBack_PhForum_2012_07-300x200.jpg 300w, https:\/\/danaepanchaud.net\/wp-content\/uploads\/2017\/08\/TheBreathOnOurBack_PhForum_2012_07-768x511.jpg 768w, https:\/\/danaepanchaud.net\/wp-content\/uploads\/2017\/08\/TheBreathOnOurBack_PhForum_2012_07-1024x682.jpg 1024w\" sizes=\"auto, (max-width: 1200px) 100vw, 1200px\" \/> <img loading=\"lazy\" decoding=\"async\" class=\"aligncenter wp-image-130 size-full\" src=\"http:\/\/danaepanchaud.net\/wp-content\/uploads\/2017\/08\/TheBreathOnOurBack_PhForum_2012_04.jpg\" alt=\"View of the exhibition The Breath On Our Back\" width=\"1200\" height=\"799\" srcset=\"https:\/\/danaepanchaud.net\/wp-content\/uploads\/2017\/08\/TheBreathOnOurBack_PhForum_2012_04.jpg 1200w, https:\/\/danaepanchaud.net\/wp-content\/uploads\/2017\/08\/TheBreathOnOurBack_PhForum_2012_04-300x200.jpg 300w, https:\/\/danaepanchaud.net\/wp-content\/uploads\/2017\/08\/TheBreathOnOurBack_PhForum_2012_04-768x511.jpg 768w, https:\/\/danaepanchaud.net\/wp-content\/uploads\/2017\/08\/TheBreathOnOurBack_PhForum_2012_04-1024x682.jpg 1024w\" sizes=\"auto, (max-width: 1200px) 100vw, 1200px\" \/><img loading=\"lazy\" decoding=\"async\" class=\"aligncenter wp-image-131 size-full\" src=\"http:\/\/danaepanchaud.net\/wp-content\/uploads\/2017\/08\/TheBreathOnOurBack_PhForum_2012_05.jpg\" alt=\"View of the exhibition The Breath On Our Back\" width=\"1200\" height=\"799\" srcset=\"https:\/\/danaepanchaud.net\/wp-content\/uploads\/2017\/08\/TheBreathOnOurBack_PhForum_2012_05.jpg 1200w, https:\/\/danaepanchaud.net\/wp-content\/uploads\/2017\/08\/TheBreathOnOurBack_PhForum_2012_05-300x200.jpg 300w, https:\/\/danaepanchaud.net\/wp-content\/uploads\/2017\/08\/TheBreathOnOurBack_PhForum_2012_05-768x511.jpg 768w, https:\/\/danaepanchaud.net\/wp-content\/uploads\/2017\/08\/TheBreathOnOurBack_PhForum_2012_05-1024x682.jpg 1024w\" sizes=\"auto, (max-width: 1200px) 100vw, 1200px\" \/>\u00a0 <img loading=\"lazy\" decoding=\"async\" class=\"aligncenter wp-image-129 size-full\" src=\"http:\/\/danaepanchaud.net\/wp-content\/uploads\/2017\/08\/TheBreathOnOurBack_PhForum_2012_03.jpg\" alt=\"View of the exhibition The Breath On Our Back\" width=\"1200\" height=\"799\" srcset=\"https:\/\/danaepanchaud.net\/wp-content\/uploads\/2017\/08\/TheBreathOnOurBack_PhForum_2012_03.jpg 1200w, https:\/\/danaepanchaud.net\/wp-content\/uploads\/2017\/08\/TheBreathOnOurBack_PhForum_2012_03-300x200.jpg 300w, https:\/\/danaepanchaud.net\/wp-content\/uploads\/2017\/08\/TheBreathOnOurBack_PhForum_2012_03-768x511.jpg 768w, https:\/\/danaepanchaud.net\/wp-content\/uploads\/2017\/08\/TheBreathOnOurBack_PhForum_2012_03-1024x682.jpg 1024w\" sizes=\"auto, (max-width: 1200px) 100vw, 1200px\" \/> <img loading=\"lazy\" decoding=\"async\" class=\"aligncenter wp-image-128 size-full\" src=\"http:\/\/danaepanchaud.net\/wp-content\/uploads\/2017\/08\/TheBreathOnOurBack_PhForum_2012_01.jpg\" alt=\"View of the exhibition The Breath On Our Back\" width=\"1200\" height=\"799\" srcset=\"https:\/\/danaepanchaud.net\/wp-content\/uploads\/2017\/08\/TheBreathOnOurBack_PhForum_2012_01.jpg 1200w, https:\/\/danaepanchaud.net\/wp-content\/uploads\/2017\/08\/TheBreathOnOurBack_PhForum_2012_01-300x200.jpg 300w, https:\/\/danaepanchaud.net\/wp-content\/uploads\/2017\/08\/TheBreathOnOurBack_PhForum_2012_01-768x511.jpg 768w, https:\/\/danaepanchaud.net\/wp-content\/uploads\/2017\/08\/TheBreathOnOurBack_PhForum_2012_01-1024x682.jpg 1024w\" sizes=\"auto, (max-width: 1200px) 100vw, 1200px\" \/><\/p>\n","protected":false},"excerpt":{"rendered":"<p>Curated with Maude Oswald 2012 Photoforum PasquArt, Biel Contemporary western societies tend towards an ideal of preservation, individual protection and well-being that permeates through all instances of a daily life that sometimes ends up feeling like a utopia. From urban development projects (Laurence Bonvin, Line Chollet) to sperm and stem cell banks (Yann Mingard), from [&hellip;]<\/p>\n","protected":false},"author":1,"featured_media":0,"parent":182,"menu_order":19,"comment_status":"closed","ping_status":"closed","template":"","meta":{"footnotes":""},"class_list":["post-125","page","type-page","status-publish","hentry"],"_links":{"self":[{"href":"https:\/\/danaepanchaud.net\/index.php\/wp-json\/wp\/v2\/pages\/125","targetHints":{"allow":["GET"]}}],"collection":[{"href":"https:\/\/danaepanchaud.net\/index.php\/wp-json\/wp\/v2\/pages"}],"about":[{"href":"https:\/\/danaepanchaud.net\/index.php\/wp-json\/wp\/v2\/types\/page"}],"author":[{"embeddable":true,"href":"https:\/\/danaepanchaud.net\/index.php\/wp-json\/wp\/v2\/users\/1"}],"replies":[{"embeddable":true,"href":"https:\/\/danaepanchaud.net\/index.php\/wp-json\/wp\/v2\/comments?post=125"}],"version-history":[{"count":3,"href":"https:\/\/danaepanchaud.net\/index.php\/wp-json\/wp\/v2\/pages\/125\/revisions"}],"predecessor-version":[{"id":142,"href":"https:\/\/danaepanchaud.net\/index.php\/wp-json\/wp\/v2\/pages\/125\/revisions\/142"}],"up":[{"embeddable":true,"href":"https:\/\/danaepanchaud.net\/index.php\/wp-json\/wp\/v2\/pages\/182"}],"wp:attachment":[{"href":"https:\/\/danaepanchaud.net\/index.php\/wp-json\/wp\/v2\/media?parent=125"}],"curies":[{"name":"wp","href":"https:\/\/api.w.org\/{rel}","templated":true}]}}