{"id":1384,"date":"2023-05-23T18:43:05","date_gmt":"2023-05-23T16:43:05","guid":{"rendered":"https:\/\/danaepanchaud.net\/?page_id=1384"},"modified":"2024-04-01T19:19:39","modified_gmt":"2024-04-01T17:19:39","slug":"human-rights-3-0","status":"publish","type":"page","link":"https:\/\/danaepanchaud.net\/index.php\/exhibitions\/human-rights-3-0\/","title":{"rendered":"Human Rights 3.0"},"content":{"rendered":"\n<figure class=\"wp-block-image size-large\"><img loading=\"lazy\" decoding=\"async\" width=\"1024\" height=\"768\" src=\"https:\/\/danaepanchaud.net\/wp-content\/uploads\/2023\/05\/Centre-photographie-Geneve-Human-Rights-30-27-1024x768.jpg\" alt=\"\" class=\"wp-image-1385\" srcset=\"https:\/\/danaepanchaud.net\/wp-content\/uploads\/2023\/05\/Centre-photographie-Geneve-Human-Rights-30-27-1024x768.jpg 1024w, https:\/\/danaepanchaud.net\/wp-content\/uploads\/2023\/05\/Centre-photographie-Geneve-Human-Rights-30-27-300x225.jpg 300w, https:\/\/danaepanchaud.net\/wp-content\/uploads\/2023\/05\/Centre-photographie-Geneve-Human-Rights-30-27-768x576.jpg 768w, https:\/\/danaepanchaud.net\/wp-content\/uploads\/2023\/05\/Centre-photographie-Geneve-Human-Rights-30-27-1536x1152.jpg 1536w, https:\/\/danaepanchaud.net\/wp-content\/uploads\/2023\/05\/Centre-photographie-Geneve-Human-Rights-30-27-2048x1536.jpg 2048w\" sizes=\"auto, (max-width: 1024px) 100vw, 1024px\" \/><\/figure>\n\n\n\n<p class=\"has-small-font-size\"><strong>2023 | Centre de la photographie Gen\u00e8ve<\/strong><\/p>\n\n\n\n<p>Exhibition of the five nominees of the 2023 edition of the Human Rights Photography Prize of the Foundation <a href=\"https:\/\/www.actonyourfuture.org\">Act On Your Future<\/a>. <\/p>\n\n\n\n<p>Technological innovations have precipitated the advent of the digital age, where intelligent and connected devices are an integral part of the private and public sphere. A tool for information, communication and empowerment, the Internet and innovative digital technologies are also powerful tools of control and alienation. Personal information is recorded and transformed into data that can then be stored and monetised.<\/p>\n\n\n\n<p>The relationship of our ultra-connected societies with new technologies is ambivalent. While some people are fascinated by the development of artificial intelligence, others fear its exponential presence. Sometimes sacred, sometimes decried, technological advances have undeniably changed our relationship with the world and raise important issues about the protection of fundamental rights, such as freedom of expression and privacy, in the real or virtual world. However innovative these technologies may be, they are still tools. So how can we ensure that they are used responsibly and in a way that benefits living beings? In the age of the augmented human and the ultra-connected, our relationship with digital and technological tools must be constantly rethought.<\/p>\n\n\n\n<p>With Rodrigo Alcocer de Garay (special mention), Yue Cheng, Thadd\u00e9 Comar (laureate), Luisa Tormenta and Yingying Zhang.<\/p>\n\n\n\n<p class=\"has-text-color\" style=\"color:#7e7e7e\">Exposition des cinq nomin\u00e9s de l&#8217;\u00e9dition 2023 du Prix de photographie des droits humains de la Fondation <a href=\"https:\/\/www.actonyourfuture.org\">Act On Your Future<\/a>.<\/p>\n\n\n\n<p class=\"has-text-color\" style=\"color:#7e7e7e\">Les innovations technologiques ont pr\u00e9cipit\u00e9 l\u2019av\u00e8nement de l\u2019\u00e8re num\u00e9rique, o\u00f9 des appareils intelligents et connect\u00e9s font partie int\u00e9grante de la sph\u00e8re priv\u00e9e et publique. Outil d\u2019information, de communication et d\u2019\u00e9mancipation, Internet et les technologies num\u00e9riques innovantes sont \u00e9galement de puissants outils de contr\u00f4le et d\u2019ali\u00e9nation. Des informations personnelles sont enregistr\u00e9es et transform\u00e9es en data pouvant \u00eatre ensuite stock\u00e9es et mon\u00e9tis\u00e9es.<\/p>\n\n\n\n<p class=\"has-text-color\" style=\"color:#7e7e7e\">La relation de nos soci\u00e9t\u00e9s ultra-connect\u00e9es avec les nouvelles technologies est ambivalente. Tandis que certaines personnes sont fascin\u00e9es par le d\u00e9veloppement de l\u2019intelligence artificielle, d\u2019autres redoutent sa pr\u00e9sence exponentielle. Tant\u00f4t sacralis\u00e9es, tant\u00f4t d\u00e9cri\u00e9es, les avanc\u00e9es technologiques ont ind\u00e9niablement chang\u00e9 notre rapport au monde et soul\u00e8vent des probl\u00e9matiques importantes en mati\u00e8re de protection de droits fondamentaux, tels que la libert\u00e9 d\u2019expression et le respect de la vie priv\u00e9e, dans le monde r\u00e9el ou virtuel. Aussi novatrices soient-elles, ces technologies n\u2019en demeurent pas moins des outils. D\u00e8s lors, comment s\u2019assurer de leur usage responsable et b\u00e9n\u00e9fique pour le vivant? \u00c0 l\u2019heure de l\u2019humain augment\u00e9 et de l\u2019ultra connect\u00e9, notre rapport aux outils num\u00e9riques et technologiques doit sans cesse \u00eatre repens\u00e9.<\/p>\n\n\n\n<p class=\"has-text-color\" style=\"color:#7e7e7e\">Avec Rodrigo Alcocer de Garay (mention sp\u00e9ciale), Yue Cheng, Thadd\u00e9 Comar (laur\u00e9at), Luisa Tormenta et Yingying Zhang.<\/p>\n\n\n\n<figure class=\"wp-block-image size-large\"><img loading=\"lazy\" decoding=\"async\" width=\"1024\" height=\"768\" src=\"https:\/\/danaepanchaud.net\/wp-content\/uploads\/2023\/05\/Centre-photographie-Geneve-Human-Rights-30-1-1024x768.jpg\" alt=\"\" class=\"wp-image-1388\" srcset=\"https:\/\/danaepanchaud.net\/wp-content\/uploads\/2023\/05\/Centre-photographie-Geneve-Human-Rights-30-1-1024x768.jpg 1024w, https:\/\/danaepanchaud.net\/wp-content\/uploads\/2023\/05\/Centre-photographie-Geneve-Human-Rights-30-1-300x225.jpg 300w, https:\/\/danaepanchaud.net\/wp-content\/uploads\/2023\/05\/Centre-photographie-Geneve-Human-Rights-30-1-768x576.jpg 768w, https:\/\/danaepanchaud.net\/wp-content\/uploads\/2023\/05\/Centre-photographie-Geneve-Human-Rights-30-1-1536x1152.jpg 1536w, https:\/\/danaepanchaud.net\/wp-content\/uploads\/2023\/05\/Centre-photographie-Geneve-Human-Rights-30-1-2048x1536.jpg 2048w\" sizes=\"auto, (max-width: 1024px) 100vw, 1024px\" \/><figcaption class=\"wp-element-caption\">Luisa Tormenta<\/figcaption><\/figure>\n\n\n\n<figure class=\"wp-block-image size-large\"><img loading=\"lazy\" decoding=\"async\" width=\"1024\" height=\"768\" src=\"https:\/\/danaepanchaud.net\/wp-content\/uploads\/2023\/05\/Centre-photographie-Geneve-Human-Rights-30-3-1024x768.jpg\" alt=\"\" class=\"wp-image-1389\" srcset=\"https:\/\/danaepanchaud.net\/wp-content\/uploads\/2023\/05\/Centre-photographie-Geneve-Human-Rights-30-3-1024x768.jpg 1024w, https:\/\/danaepanchaud.net\/wp-content\/uploads\/2023\/05\/Centre-photographie-Geneve-Human-Rights-30-3-300x225.jpg 300w, https:\/\/danaepanchaud.net\/wp-content\/uploads\/2023\/05\/Centre-photographie-Geneve-Human-Rights-30-3-768x576.jpg 768w, https:\/\/danaepanchaud.net\/wp-content\/uploads\/2023\/05\/Centre-photographie-Geneve-Human-Rights-30-3-1536x1152.jpg 1536w, https:\/\/danaepanchaud.net\/wp-content\/uploads\/2023\/05\/Centre-photographie-Geneve-Human-Rights-30-3-2048x1536.jpg 2048w\" sizes=\"auto, (max-width: 1024px) 100vw, 1024px\" \/><figcaption class=\"wp-element-caption\">Yue Cheng<\/figcaption><\/figure>\n\n\n\n<figure class=\"wp-block-image size-large\"><img loading=\"lazy\" decoding=\"async\" width=\"1024\" height=\"768\" src=\"https:\/\/danaepanchaud.net\/wp-content\/uploads\/2023\/05\/Centre-photographie-Geneve-Human-Rights-30-7-1024x768.jpg\" alt=\"\" class=\"wp-image-1390\" srcset=\"https:\/\/danaepanchaud.net\/wp-content\/uploads\/2023\/05\/Centre-photographie-Geneve-Human-Rights-30-7-1024x768.jpg 1024w, https:\/\/danaepanchaud.net\/wp-content\/uploads\/2023\/05\/Centre-photographie-Geneve-Human-Rights-30-7-300x225.jpg 300w, https:\/\/danaepanchaud.net\/wp-content\/uploads\/2023\/05\/Centre-photographie-Geneve-Human-Rights-30-7-768x576.jpg 768w, https:\/\/danaepanchaud.net\/wp-content\/uploads\/2023\/05\/Centre-photographie-Geneve-Human-Rights-30-7-1536x1152.jpg 1536w, https:\/\/danaepanchaud.net\/wp-content\/uploads\/2023\/05\/Centre-photographie-Geneve-Human-Rights-30-7-2048x1536.jpg 2048w\" sizes=\"auto, (max-width: 1024px) 100vw, 1024px\" \/><figcaption class=\"wp-element-caption\">Yingying Zhang<\/figcaption><\/figure>\n\n\n\n<figure class=\"wp-block-image size-large\"><img loading=\"lazy\" decoding=\"async\" width=\"1024\" height=\"768\" src=\"https:\/\/danaepanchaud.net\/wp-content\/uploads\/2023\/05\/Centre-photographie-Geneve-Human-Rights-30-19-1024x768.jpg\" alt=\"\" class=\"wp-image-1391\" srcset=\"https:\/\/danaepanchaud.net\/wp-content\/uploads\/2023\/05\/Centre-photographie-Geneve-Human-Rights-30-19-1024x768.jpg 1024w, https:\/\/danaepanchaud.net\/wp-content\/uploads\/2023\/05\/Centre-photographie-Geneve-Human-Rights-30-19-300x225.jpg 300w, https:\/\/danaepanchaud.net\/wp-content\/uploads\/2023\/05\/Centre-photographie-Geneve-Human-Rights-30-19-768x576.jpg 768w, https:\/\/danaepanchaud.net\/wp-content\/uploads\/2023\/05\/Centre-photographie-Geneve-Human-Rights-30-19-1536x1152.jpg 1536w, https:\/\/danaepanchaud.net\/wp-content\/uploads\/2023\/05\/Centre-photographie-Geneve-Human-Rights-30-19-2048x1536.jpg 2048w\" sizes=\"auto, (max-width: 1024px) 100vw, 1024px\" \/><figcaption class=\"wp-element-caption\">Rodrigo Alcocer de Garay<\/figcaption><\/figure>\n\n\n\n<figure class=\"wp-block-image size-large\"><img loading=\"lazy\" decoding=\"async\" width=\"1024\" height=\"768\" src=\"https:\/\/danaepanchaud.net\/wp-content\/uploads\/2023\/05\/Centre-photographie-Geneve-Human-Rights-30-20-1024x768.jpg\" alt=\"\" class=\"wp-image-1392\" srcset=\"https:\/\/danaepanchaud.net\/wp-content\/uploads\/2023\/05\/Centre-photographie-Geneve-Human-Rights-30-20-1024x768.jpg 1024w, https:\/\/danaepanchaud.net\/wp-content\/uploads\/2023\/05\/Centre-photographie-Geneve-Human-Rights-30-20-300x225.jpg 300w, https:\/\/danaepanchaud.net\/wp-content\/uploads\/2023\/05\/Centre-photographie-Geneve-Human-Rights-30-20-768x576.jpg 768w, https:\/\/danaepanchaud.net\/wp-content\/uploads\/2023\/05\/Centre-photographie-Geneve-Human-Rights-30-20-1536x1152.jpg 1536w, https:\/\/danaepanchaud.net\/wp-content\/uploads\/2023\/05\/Centre-photographie-Geneve-Human-Rights-30-20-2048x1536.jpg 2048w\" sizes=\"auto, (max-width: 1024px) 100vw, 1024px\" \/><figcaption class=\"wp-element-caption\">Rodrigo Alcocer de Garay<\/figcaption><\/figure>\n\n\n\n<figure class=\"wp-block-image size-large\"><img loading=\"lazy\" decoding=\"async\" width=\"1024\" height=\"768\" src=\"https:\/\/danaepanchaud.net\/wp-content\/uploads\/2023\/05\/Centre-photographie-Geneve-Human-Rights-30-12-1024x768.jpg\" alt=\"\" class=\"wp-image-1393\" srcset=\"https:\/\/danaepanchaud.net\/wp-content\/uploads\/2023\/05\/Centre-photographie-Geneve-Human-Rights-30-12-1024x768.jpg 1024w, https:\/\/danaepanchaud.net\/wp-content\/uploads\/2023\/05\/Centre-photographie-Geneve-Human-Rights-30-12-300x225.jpg 300w, https:\/\/danaepanchaud.net\/wp-content\/uploads\/2023\/05\/Centre-photographie-Geneve-Human-Rights-30-12-768x576.jpg 768w, https:\/\/danaepanchaud.net\/wp-content\/uploads\/2023\/05\/Centre-photographie-Geneve-Human-Rights-30-12-1536x1152.jpg 1536w, https:\/\/danaepanchaud.net\/wp-content\/uploads\/2023\/05\/Centre-photographie-Geneve-Human-Rights-30-12-2048x1536.jpg 2048w\" sizes=\"auto, (max-width: 1024px) 100vw, 1024px\" \/><figcaption class=\"wp-element-caption\">Thadd\u00e9 Comar<\/figcaption><\/figure>\n\n\n\n<p>Exhibition views by L\u00e9onard Rossi<\/p>\n","protected":false},"excerpt":{"rendered":"<p>2023 | Centre de la photographie Gen\u00e8ve Exhibition of the five nominees of the 2023 edition of the Human Rights Photography Prize of the Foundation Act On Your Future. Technological innovations have precipitated the advent of the digital age, where intelligent and connected devices are an integral part of the private and public sphere. A [&hellip;]<\/p>\n","protected":false},"author":1,"featured_media":0,"parent":182,"menu_order":0,"comment_status":"closed","ping_status":"closed","template":"","meta":{"footnotes":""},"class_list":["post-1384","page","type-page","status-publish","hentry"],"_links":{"self":[{"href":"https:\/\/danaepanchaud.net\/index.php\/wp-json\/wp\/v2\/pages\/1384","targetHints":{"allow":["GET"]}}],"collection":[{"href":"https:\/\/danaepanchaud.net\/index.php\/wp-json\/wp\/v2\/pages"}],"about":[{"href":"https:\/\/danaepanchaud.net\/index.php\/wp-json\/wp\/v2\/types\/page"}],"author":[{"embeddable":true,"href":"https:\/\/danaepanchaud.net\/index.php\/wp-json\/wp\/v2\/users\/1"}],"replies":[{"embeddable":true,"href":"https:\/\/danaepanchaud.net\/index.php\/wp-json\/wp\/v2\/comments?post=1384"}],"version-history":[{"count":3,"href":"https:\/\/danaepanchaud.net\/index.php\/wp-json\/wp\/v2\/pages\/1384\/revisions"}],"predecessor-version":[{"id":1394,"href":"https:\/\/danaepanchaud.net\/index.php\/wp-json\/wp\/v2\/pages\/1384\/revisions\/1394"}],"up":[{"embeddable":true,"href":"https:\/\/danaepanchaud.net\/index.php\/wp-json\/wp\/v2\/pages\/182"}],"wp:attachment":[{"href":"https:\/\/danaepanchaud.net\/index.php\/wp-json\/wp\/v2\/media?parent=1384"}],"curies":[{"name":"wp","href":"https:\/\/api.w.org\/{rel}","templated":true}]}}