{"id":1396,"date":"2023-05-23T19:00:35","date_gmt":"2023-05-23T17:00:35","guid":{"rendered":"https:\/\/danaepanchaud.net\/?page_id=1396"},"modified":"2023-05-23T19:00:35","modified_gmt":"2023-05-23T17:00:35","slug":"research-residency","status":"publish","type":"page","link":"https:\/\/danaepanchaud.net\/index.php\/research-residency\/","title":{"rendered":"Research Residency"},"content":{"rendered":"\n<figure class=\"wp-block-image size-large\"><img loading=\"lazy\" decoding=\"async\" width=\"1024\" height=\"683\" src=\"https:\/\/danaepanchaud.net\/wp-content\/uploads\/2023\/05\/Photoforum-Pasquart-Research-Residency-14-1024x683.jpg\" alt=\"\" class=\"wp-image-1397\" srcset=\"https:\/\/danaepanchaud.net\/wp-content\/uploads\/2023\/05\/Photoforum-Pasquart-Research-Residency-14-1024x683.jpg 1024w, https:\/\/danaepanchaud.net\/wp-content\/uploads\/2023\/05\/Photoforum-Pasquart-Research-Residency-14-300x200.jpg 300w, https:\/\/danaepanchaud.net\/wp-content\/uploads\/2023\/05\/Photoforum-Pasquart-Research-Residency-14-768x512.jpg 768w, https:\/\/danaepanchaud.net\/wp-content\/uploads\/2023\/05\/Photoforum-Pasquart-Research-Residency-14-1536x1024.jpg 1536w, https:\/\/danaepanchaud.net\/wp-content\/uploads\/2023\/05\/Photoforum-Pasquart-Research-Residency-14.jpg 1800w\" sizes=\"auto, (max-width: 1024px) 100vw, 1024px\" \/><\/figure>\n\n\n\n<p><strong>2022 |\u00a0Photoforum Pasquart<br>Project initiated with Olivier Rossel and Rudolf Steiner<\/strong><\/p>\n\n\n\n<p>Together with\u00a0Olivier Rossel\u00a0and\u00a0Rudolf Steiner\u00a0(president and vice-president of the Photoforum), Dana\u00e9 Panchaud initiated in 2021 a\u00a0research residency\u00a0format for Photoforum Pasquart, where an artist is invited to further their research in the exhibition spaces of Photoforum. The audience is invited to witness the ongoing process and has regular opportunities to discuss with the artist, through a series of talks, tours, presentations and workshop. After a month, the results of the research is installed in the space and featured for another month, in whichever state it is at the end of the residency.<\/p>\n\n\n\n<p>This new format aimed to demystify artist work for a broad audience, give a sense of what research in art can mean and give more opportunities to exchange with an artist. It also aimed to give a space (and a decent fee) to an artist during a research phase, with no pressure for a final result or project.<\/p>\n\n\n\n<p>The first artist invited to the research residency in 2021 was Akosua Viktoria Adu-Sanyah. After a delay due to the pandemic, and following Dana\u00e9 Panchaud&#8217;s departure from the institution, the first research residency at Photoforum Pasquart was carried out in an adapted format by her successor in January 2022.<\/p>\n\n\n\n<p class=\"has-text-color\" style=\"color:#7e7e7e\">En collaboration avec Olivier Rossel et Rudolf Steiner (pr\u00e9sident et vice-pr\u00e9sident du Photoforum), Dana\u00e9 Panchaud a initi\u00e9 en 2021 un format de r\u00e9sidence de recherche pour le Photoforum Pasquart, o\u00f9 un artiste est invit\u00e9 \u00e0 poursuivre ses recherches en cours dans les espaces d&#8217;exposition du Photoforum. Le public est alors invit\u00e9 \u00e0 \u00eatre t\u00e9moin du processus en cours et a r\u00e9guli\u00e8rement l&#8217;occasion d&#8217;\u00e9changer avec l&#8217;artiste, \u00e0 travers une s\u00e9rie de conf\u00e9rences, de visites, de pr\u00e9sentations et d&#8217;ateliers. Apr\u00e8s un mois, les r\u00e9sultats de la recherche sont install\u00e9s dans les espaces d&#8217;exposition et pr\u00e9sent\u00e9s pendant un mois suppl\u00e9mentaire, dans l&#8217;\u00e9tat o\u00f9 ils se trouvent \u00e0 la fin de la r\u00e9sidence.<\/p>\n\n\n\n<p class=\"has-text-color\" style=\"color:#7e7e7e\">Ce nouveau format vise \u00e0 d\u00e9mystifier le travail de l&#8217;artiste pour un large public, \u00e0 donner une id\u00e9e de ce que la recherche en art peut signifier et \u00e0 multiplier les occasions d&#8217;\u00e9changer avec un artiste. Il s&#8217;agit \u00e9galement de donner un espace (et une r\u00e9mun\u00e9ration d\u00e9cente) \u00e0 un artiste pendant une phase de recherche, sans pression pour un r\u00e9sultat ou un projet final.<\/p>\n\n\n\n<p class=\"has-text-color\" style=\"color:#7e7e7e\">La premi\u00e8re artiste invit\u00e9e pour une r\u00e9sidence de recherche en 2021 \u00e9tait Akosua Viktoria Adu-Sanyah. Apr\u00e8s un retard d\u00fb \u00e0 la pand\u00e9mie, et suite au  d\u00e9part de l&#8217;institution de Dana\u00e9 Panchaud, la premi\u00e8re r\u00e9sidence de recherche au Photoforum Pasquart a eu lieu en janvier 2022, dans un format adapt\u00e9 par sa successeur.<\/p>\n\n\n\n<figure class=\"wp-block-image size-large\"><img loading=\"lazy\" decoding=\"async\" width=\"1024\" height=\"683\" src=\"https:\/\/danaepanchaud.net\/wp-content\/uploads\/2023\/05\/Photoforum-Pasquart-Research-Residency-7-1024x683.jpg\" alt=\"\" class=\"wp-image-1401\" srcset=\"https:\/\/danaepanchaud.net\/wp-content\/uploads\/2023\/05\/Photoforum-Pasquart-Research-Residency-7-1024x683.jpg 1024w, https:\/\/danaepanchaud.net\/wp-content\/uploads\/2023\/05\/Photoforum-Pasquart-Research-Residency-7-300x200.jpg 300w, https:\/\/danaepanchaud.net\/wp-content\/uploads\/2023\/05\/Photoforum-Pasquart-Research-Residency-7-768x512.jpg 768w, https:\/\/danaepanchaud.net\/wp-content\/uploads\/2023\/05\/Photoforum-Pasquart-Research-Residency-7-1536x1024.jpg 1536w, https:\/\/danaepanchaud.net\/wp-content\/uploads\/2023\/05\/Photoforum-Pasquart-Research-Residency-7.jpg 1800w\" sizes=\"auto, (max-width: 1024px) 100vw, 1024px\" \/><\/figure>\n\n\n\n<figure class=\"wp-block-image size-large\"><img loading=\"lazy\" decoding=\"async\" width=\"1024\" height=\"683\" src=\"https:\/\/danaepanchaud.net\/wp-content\/uploads\/2023\/05\/Photoforum-Pasquart-Research-Residency-18-1024x683.jpg\" alt=\"\" class=\"wp-image-1403\" srcset=\"https:\/\/danaepanchaud.net\/wp-content\/uploads\/2023\/05\/Photoforum-Pasquart-Research-Residency-18-1024x683.jpg 1024w, https:\/\/danaepanchaud.net\/wp-content\/uploads\/2023\/05\/Photoforum-Pasquart-Research-Residency-18-300x200.jpg 300w, https:\/\/danaepanchaud.net\/wp-content\/uploads\/2023\/05\/Photoforum-Pasquart-Research-Residency-18-768x512.jpg 768w, https:\/\/danaepanchaud.net\/wp-content\/uploads\/2023\/05\/Photoforum-Pasquart-Research-Residency-18-1536x1024.jpg 1536w, https:\/\/danaepanchaud.net\/wp-content\/uploads\/2023\/05\/Photoforum-Pasquart-Research-Residency-18.jpg 1800w\" sizes=\"auto, (max-width: 1024px) 100vw, 1024px\" \/><\/figure>\n\n\n\n<figure class=\"wp-block-image size-large\"><img loading=\"lazy\" decoding=\"async\" width=\"1024\" height=\"683\" src=\"https:\/\/danaepanchaud.net\/wp-content\/uploads\/2023\/05\/Photoforum-Pasquart-Research-Residency-24-1024x683.jpg\" alt=\"\" class=\"wp-image-1404\" srcset=\"https:\/\/danaepanchaud.net\/wp-content\/uploads\/2023\/05\/Photoforum-Pasquart-Research-Residency-24-1024x683.jpg 1024w, https:\/\/danaepanchaud.net\/wp-content\/uploads\/2023\/05\/Photoforum-Pasquart-Research-Residency-24-300x200.jpg 300w, https:\/\/danaepanchaud.net\/wp-content\/uploads\/2023\/05\/Photoforum-Pasquart-Research-Residency-24-768x512.jpg 768w, https:\/\/danaepanchaud.net\/wp-content\/uploads\/2023\/05\/Photoforum-Pasquart-Research-Residency-24-1536x1024.jpg 1536w, https:\/\/danaepanchaud.net\/wp-content\/uploads\/2023\/05\/Photoforum-Pasquart-Research-Residency-24.jpg 1800w\" sizes=\"auto, (max-width: 1024px) 100vw, 1024px\" \/><\/figure>\n\n\n\n<figure class=\"wp-block-image size-large\"><img loading=\"lazy\" decoding=\"async\" width=\"1024\" height=\"683\" src=\"https:\/\/danaepanchaud.net\/wp-content\/uploads\/2023\/05\/Photoforum-Pasquart-Research-Residency-51-1024x683.jpg\" alt=\"\" class=\"wp-image-1405\" srcset=\"https:\/\/danaepanchaud.net\/wp-content\/uploads\/2023\/05\/Photoforum-Pasquart-Research-Residency-51-1024x683.jpg 1024w, https:\/\/danaepanchaud.net\/wp-content\/uploads\/2023\/05\/Photoforum-Pasquart-Research-Residency-51-300x200.jpg 300w, https:\/\/danaepanchaud.net\/wp-content\/uploads\/2023\/05\/Photoforum-Pasquart-Research-Residency-51-768x512.jpg 768w, https:\/\/danaepanchaud.net\/wp-content\/uploads\/2023\/05\/Photoforum-Pasquart-Research-Residency-51-1536x1024.jpg 1536w, https:\/\/danaepanchaud.net\/wp-content\/uploads\/2023\/05\/Photoforum-Pasquart-Research-Residency-51.jpg 1800w\" sizes=\"auto, (max-width: 1024px) 100vw, 1024px\" \/><\/figure>\n\n\n\n<figure class=\"wp-block-image size-large\"><img loading=\"lazy\" decoding=\"async\" width=\"1024\" height=\"683\" src=\"https:\/\/danaepanchaud.net\/wp-content\/uploads\/2023\/05\/Photoforum-Pasquart-Research-Residency-57-1024x683.jpg\" alt=\"\" class=\"wp-image-1406\" srcset=\"https:\/\/danaepanchaud.net\/wp-content\/uploads\/2023\/05\/Photoforum-Pasquart-Research-Residency-57-1024x683.jpg 1024w, https:\/\/danaepanchaud.net\/wp-content\/uploads\/2023\/05\/Photoforum-Pasquart-Research-Residency-57-300x200.jpg 300w, https:\/\/danaepanchaud.net\/wp-content\/uploads\/2023\/05\/Photoforum-Pasquart-Research-Residency-57-768x512.jpg 768w, https:\/\/danaepanchaud.net\/wp-content\/uploads\/2023\/05\/Photoforum-Pasquart-Research-Residency-57.jpg 1500w\" sizes=\"auto, (max-width: 1024px) 100vw, 1024px\" \/><\/figure>\n\n\n\n<p>Exhibition views by Aline Bovard Rudaz<\/p>\n","protected":false},"excerpt":{"rendered":"<p>2022 |\u00a0Photoforum PasquartProject initiated with Olivier Rossel and Rudolf Steiner Together with\u00a0Olivier Rossel\u00a0and\u00a0Rudolf Steiner\u00a0(president and vice-president of the Photoforum), Dana\u00e9 Panchaud initiated in 2021 a\u00a0research residency\u00a0format for Photoforum Pasquart, where an artist is invited to further their research in the exhibition spaces of Photoforum. The audience is invited to witness the ongoing process and has [&hellip;]<\/p>\n","protected":false},"author":1,"featured_media":0,"parent":0,"menu_order":0,"comment_status":"closed","ping_status":"closed","template":"","meta":{"footnotes":""},"class_list":["post-1396","page","type-page","status-publish","hentry"],"_links":{"self":[{"href":"https:\/\/danaepanchaud.net\/index.php\/wp-json\/wp\/v2\/pages\/1396","targetHints":{"allow":["GET"]}}],"collection":[{"href":"https:\/\/danaepanchaud.net\/index.php\/wp-json\/wp\/v2\/pages"}],"about":[{"href":"https:\/\/danaepanchaud.net\/index.php\/wp-json\/wp\/v2\/types\/page"}],"author":[{"embeddable":true,"href":"https:\/\/danaepanchaud.net\/index.php\/wp-json\/wp\/v2\/users\/1"}],"replies":[{"embeddable":true,"href":"https:\/\/danaepanchaud.net\/index.php\/wp-json\/wp\/v2\/comments?post=1396"}],"version-history":[{"count":4,"href":"https:\/\/danaepanchaud.net\/index.php\/wp-json\/wp\/v2\/pages\/1396\/revisions"}],"predecessor-version":[{"id":1407,"href":"https:\/\/danaepanchaud.net\/index.php\/wp-json\/wp\/v2\/pages\/1396\/revisions\/1407"}],"wp:attachment":[{"href":"https:\/\/danaepanchaud.net\/index.php\/wp-json\/wp\/v2\/media?parent=1396"}],"curies":[{"name":"wp","href":"https:\/\/api.w.org\/{rel}","templated":true}]}}