{"id":143,"date":"2017-08-16T00:57:10","date_gmt":"2017-08-15T22:57:10","guid":{"rendered":"http:\/\/danaepanchaud.net\/?page_id=143"},"modified":"2017-08-19T16:34:39","modified_gmt":"2017-08-19T14:34:39","slug":"laubscher-petersen-plademunt-roessel","status":"publish","type":"page","link":"https:\/\/danaepanchaud.net\/index.php\/exhibitions\/laubscher-petersen-plademunt-roessel\/","title":{"rendered":"Laubscher Petersen Plademunt Roessel"},"content":{"rendered":"<div class=\"page\" title=\"Page 6\">\n<div class=\"layoutArea\">\n<div class=\"column\">\n<div class=\"page\" title=\"Page 6\">\n<div class=\"layoutArea\">\n<div class=\"column\">\n<p><img loading=\"lazy\" decoding=\"async\" class=\"aligncenter wp-image-147 size-full\" src=\"http:\/\/danaepanchaud.net\/wp-content\/uploads\/2017\/08\/LPPR_04.jpg\" alt=\"VIew of the exhibition Laubscher Petersen Plademunt Roessel\" width=\"1000\" height=\"667\" srcset=\"https:\/\/danaepanchaud.net\/wp-content\/uploads\/2017\/08\/LPPR_04.jpg 1000w, https:\/\/danaepanchaud.net\/wp-content\/uploads\/2017\/08\/LPPR_04-300x200.jpg 300w, https:\/\/danaepanchaud.net\/wp-content\/uploads\/2017\/08\/LPPR_04-768x512.jpg 768w\" sizes=\"auto, (max-width: 1000px) 100vw, 1000px\" \/><\/p>\n<p><strong>Curated with Daniel Muller<\/strong><\/p>\n<p><strong>2015<\/strong><br \/>\n<strong> Photoforum PasquArt, Biel<\/strong><\/p>\n<\/div>\n<\/div>\n<\/div>\n<p>Yann Laubscher (*1986, Switzerland), Regine Petersen (*1976, Germany), Aleix Plademunt (*1980, Spain) and Jonathan Roessel (*1989, Switzerland) use photography as an investigation tool and mix personal and public archives to articulate new narratives.<\/p>\n<p>Yann Laubscher sets off in pursuit of the ever-elusive wolf to address the myths surrounding wildlife. Fascinated by meteorites, Regine Petersen investigates their impact of those affected by their fall and fashions a visionary tale from documents and photographs. Starting with an old postcard, Aleix Plademunt builds a complex and alluring narrative based on distance, staging the tensions between the very close and the very distant. Jonathan Roessel reconstructs from faint traces and recovered memorabilia the life of a pioneer archeozoologist and his tragic fate.<\/p>\n<div class=\"page\" title=\"Page 6\">\n<div class=\"layoutArea\">\n<div class=\"column\">\n<p><span style=\"color: #808080;\">Yann Laubscher (*1986), Regine Petersen (*1976), Aleix Plademunt (*1980) et Jonathan Roessel (*1989) mobilisent la photographie comme moyen d\u2019investigation et articulant archives personnelles et publiques pour cre\u0301er de nouvelles narrations<\/span><\/p>\n<p><span style=\"color: #808080;\">En se lanc\u0327ant sur les traces du loup, figure insaisissable, Yann Laubscher th\u00e9matise le mythe de la <\/span><span style=\"color: #808080;\">vie sauvage. Fascin\u00e9e par le ph\u00e9nom\u00e8ne des m\u00e9t\u00e9orites, Regine Petersen enqu\u00eate sur leurs impacts perturbateurs et fac\u0327onne ainsi un r\u00e9cit visionnaire. A\u0300 partir d\u2019une ancienne carte postale, Aleix Plademunt construit un univers narratif o\u00f9 il questionne la notion de distance. Et Jonathan Roessel propose, entre approche conceptuelle et documentaire, une reconstitution de la vie d\u2019un arch\u00e9ozoologue disparu.<\/span><\/p>\n<\/div>\n<\/div>\n<\/div>\n<div class=\"page\" title=\"Page 6\">\n<div class=\"layoutArea\">\n<div class=\"column\">\n<p>With Yann Laubscher, Regine Petersen, Aleix Plademunt, Jonathan Roessel<\/p>\n<p><img loading=\"lazy\" decoding=\"async\" class=\"aligncenter wp-image-152 size-full\" src=\"http:\/\/danaepanchaud.net\/wp-content\/uploads\/2017\/08\/LPPR_0722.jpg\" alt=\"VIew of the exhibition Laubscher Petersen Plademunt Roessel\" width=\"900\" height=\"651\" srcset=\"https:\/\/danaepanchaud.net\/wp-content\/uploads\/2017\/08\/LPPR_0722.jpg 900w, https:\/\/danaepanchaud.net\/wp-content\/uploads\/2017\/08\/LPPR_0722-300x217.jpg 300w, https:\/\/danaepanchaud.net\/wp-content\/uploads\/2017\/08\/LPPR_0722-768x556.jpg 768w\" sizes=\"auto, (max-width: 900px) 100vw, 900px\" \/> <img loading=\"lazy\" decoding=\"async\" class=\"aligncenter wp-image-151 size-full\" src=\"http:\/\/danaepanchaud.net\/wp-content\/uploads\/2017\/08\/LPPR_0721.jpg\" alt=\"VIew of the exhibition Laubscher Petersen Plademunt Roessel\" width=\"900\" height=\"665\" srcset=\"https:\/\/danaepanchaud.net\/wp-content\/uploads\/2017\/08\/LPPR_0721.jpg 900w, https:\/\/danaepanchaud.net\/wp-content\/uploads\/2017\/08\/LPPR_0721-300x222.jpg 300w, https:\/\/danaepanchaud.net\/wp-content\/uploads\/2017\/08\/LPPR_0721-768x567.jpg 768w\" sizes=\"auto, (max-width: 900px) 100vw, 900px\" \/> <img loading=\"lazy\" decoding=\"async\" class=\"aligncenter wp-image-150 size-full\" src=\"http:\/\/danaepanchaud.net\/wp-content\/uploads\/2017\/08\/LPPR_0719.jpg\" alt=\"VIew of the exhibition Laubscher Petersen Plademunt Roessel\" width=\"900\" height=\"646\" srcset=\"https:\/\/danaepanchaud.net\/wp-content\/uploads\/2017\/08\/LPPR_0719.jpg 900w, https:\/\/danaepanchaud.net\/wp-content\/uploads\/2017\/08\/LPPR_0719-300x215.jpg 300w, https:\/\/danaepanchaud.net\/wp-content\/uploads\/2017\/08\/LPPR_0719-768x551.jpg 768w\" sizes=\"auto, (max-width: 900px) 100vw, 900px\" \/> <img loading=\"lazy\" decoding=\"async\" class=\"aligncenter wp-image-149 size-full\" src=\"http:\/\/danaepanchaud.net\/wp-content\/uploads\/2017\/08\/LPPR_0619.jpg\" alt=\"VIew of the exhibition Laubscher Petersen Plademunt Roessel\" width=\"1500\" height=\"999\" srcset=\"https:\/\/danaepanchaud.net\/wp-content\/uploads\/2017\/08\/LPPR_0619.jpg 1500w, https:\/\/danaepanchaud.net\/wp-content\/uploads\/2017\/08\/LPPR_0619-300x200.jpg 300w, https:\/\/danaepanchaud.net\/wp-content\/uploads\/2017\/08\/LPPR_0619-768x511.jpg 768w, https:\/\/danaepanchaud.net\/wp-content\/uploads\/2017\/08\/LPPR_0619-1024x682.jpg 1024w, https:\/\/danaepanchaud.net\/wp-content\/uploads\/2017\/08\/LPPR_0619-1200x799.jpg 1200w\" sizes=\"auto, (max-width: 1500px) 100vw, 1500px\" \/> <img loading=\"lazy\" decoding=\"async\" class=\"aligncenter wp-image-148 size-full\" src=\"http:\/\/danaepanchaud.net\/wp-content\/uploads\/2017\/08\/LPPR_0606.jpg\" alt=\"VIew of the exhibition Laubscher Petersen Plademunt Roessel\" width=\"1500\" height=\"1000\" srcset=\"https:\/\/danaepanchaud.net\/wp-content\/uploads\/2017\/08\/LPPR_0606.jpg 1500w, https:\/\/danaepanchaud.net\/wp-content\/uploads\/2017\/08\/LPPR_0606-300x200.jpg 300w, https:\/\/danaepanchaud.net\/wp-content\/uploads\/2017\/08\/LPPR_0606-768x512.jpg 768w, https:\/\/danaepanchaud.net\/wp-content\/uploads\/2017\/08\/LPPR_0606-1024x683.jpg 1024w, https:\/\/danaepanchaud.net\/wp-content\/uploads\/2017\/08\/LPPR_0606-1200x800.jpg 1200w\" sizes=\"auto, (max-width: 1500px) 100vw, 1500px\" \/> <img loading=\"lazy\" decoding=\"async\" class=\"aligncenter wp-image-145 size-full\" src=\"http:\/\/danaepanchaud.net\/wp-content\/uploads\/2017\/08\/LPPR_02.jpg\" alt=\"VIew of the exhibition Laubscher Petersen Plademunt Roessel\" width=\"828\" height=\"552\" srcset=\"https:\/\/danaepanchaud.net\/wp-content\/uploads\/2017\/08\/LPPR_02.jpg 828w, https:\/\/danaepanchaud.net\/wp-content\/uploads\/2017\/08\/LPPR_02-300x200.jpg 300w, https:\/\/danaepanchaud.net\/wp-content\/uploads\/2017\/08\/LPPR_02-768x512.jpg 768w\" sizes=\"auto, (max-width: 828px) 100vw, 828px\" \/><img loading=\"lazy\" decoding=\"async\" class=\"aligncenter wp-image-146 size-full\" src=\"http:\/\/danaepanchaud.net\/wp-content\/uploads\/2017\/08\/LPPR_03.jpg\" alt=\"VIew of the exhibition Laubscher Petersen Plademunt Roessel\" width=\"896\" height=\"597\" srcset=\"https:\/\/danaepanchaud.net\/wp-content\/uploads\/2017\/08\/LPPR_03.jpg 896w, https:\/\/danaepanchaud.net\/wp-content\/uploads\/2017\/08\/LPPR_03-300x200.jpg 300w, https:\/\/danaepanchaud.net\/wp-content\/uploads\/2017\/08\/LPPR_03-768x512.jpg 768w\" sizes=\"auto, (max-width: 896px) 100vw, 896px\" \/><\/p>\n<\/div>\n<\/div>\n<\/div>\n<\/div>\n<\/div>\n<\/div>\n","protected":false},"excerpt":{"rendered":"<p>Curated with Daniel Muller 2015 Photoforum PasquArt, Biel Yann Laubscher (*1986, Switzerland), Regine Petersen (*1976, Germany), Aleix Plademunt (*1980, Spain) and Jonathan Roessel (*1989, Switzerland) use photography as an investigation tool and mix personal and public archives to articulate new narratives. Yann Laubscher sets off in pursuit of the ever-elusive wolf to address the myths [&hellip;]<\/p>\n","protected":false},"author":1,"featured_media":0,"parent":182,"menu_order":12,"comment_status":"closed","ping_status":"closed","template":"","meta":{"footnotes":""},"class_list":["post-143","page","type-page","status-publish","hentry"],"_links":{"self":[{"href":"https:\/\/danaepanchaud.net\/index.php\/wp-json\/wp\/v2\/pages\/143","targetHints":{"allow":["GET"]}}],"collection":[{"href":"https:\/\/danaepanchaud.net\/index.php\/wp-json\/wp\/v2\/pages"}],"about":[{"href":"https:\/\/danaepanchaud.net\/index.php\/wp-json\/wp\/v2\/types\/page"}],"author":[{"embeddable":true,"href":"https:\/\/danaepanchaud.net\/index.php\/wp-json\/wp\/v2\/users\/1"}],"replies":[{"embeddable":true,"href":"https:\/\/danaepanchaud.net\/index.php\/wp-json\/wp\/v2\/comments?post=143"}],"version-history":[{"count":2,"href":"https:\/\/danaepanchaud.net\/index.php\/wp-json\/wp\/v2\/pages\/143\/revisions"}],"predecessor-version":[{"id":283,"href":"https:\/\/danaepanchaud.net\/index.php\/wp-json\/wp\/v2\/pages\/143\/revisions\/283"}],"up":[{"embeddable":true,"href":"https:\/\/danaepanchaud.net\/index.php\/wp-json\/wp\/v2\/pages\/182"}],"wp:attachment":[{"href":"https:\/\/danaepanchaud.net\/index.php\/wp-json\/wp\/v2\/media?parent=143"}],"curies":[{"name":"wp","href":"https:\/\/api.w.org\/{rel}","templated":true}]}}