{"id":1520,"date":"2024-04-01T18:49:53","date_gmt":"2024-04-01T16:49:53","guid":{"rendered":"https:\/\/danaepanchaud.net\/?page_id=1520"},"modified":"2024-04-01T19:20:54","modified_gmt":"2024-04-01T17:20:54","slug":"tsai-ming-liang-walker","status":"publish","type":"page","link":"https:\/\/danaepanchaud.net\/index.php\/exhibitions\/tsai-ming-liang-walker\/","title":{"rendered":"Tsai Ming-Liang. Walker"},"content":{"rendered":"\n<figure class=\"wp-block-image size-large\"><img loading=\"lazy\" decoding=\"async\" width=\"1024\" height=\"768\" src=\"https:\/\/danaepanchaud.net\/wp-content\/uploads\/2024\/04\/Annik-Wetter_2024-01-18_10650-s-1024x768.jpg\" alt=\"\" class=\"wp-image-1521\" srcset=\"https:\/\/danaepanchaud.net\/wp-content\/uploads\/2024\/04\/Annik-Wetter_2024-01-18_10650-s-1024x768.jpg 1024w, https:\/\/danaepanchaud.net\/wp-content\/uploads\/2024\/04\/Annik-Wetter_2024-01-18_10650-s-300x225.jpg 300w, https:\/\/danaepanchaud.net\/wp-content\/uploads\/2024\/04\/Annik-Wetter_2024-01-18_10650-s-768x576.jpg 768w, https:\/\/danaepanchaud.net\/wp-content\/uploads\/2024\/04\/Annik-Wetter_2024-01-18_10650-s-1536x1152.jpg 1536w, https:\/\/danaepanchaud.net\/wp-content\/uploads\/2024\/04\/Annik-Wetter_2024-01-18_10650-s.jpg 1600w\" sizes=\"auto, (max-width: 1024px) 100vw, 1024px\" \/><\/figure>\n\n\n\n<p><strong>2024 | Le Commun, Geneva<\/strong><br><strong>A collaboration between Black Movie and Centre de la photographie Gen\u00e8ve<\/strong><\/p>\n\n\n\n<p>Black Movie International Independent Film Festival and Centre de la photographie Gen\u00e8ve present Walker, a site-specific exhibition designed by Taiwanese filmmaker and artist Tsai Ming-Liang at Le Commun, Geneva.<\/p>\n\n\n\n<p>In 2012, Tsai Ming-Liang directed <em>No Form<\/em>. It features his favourite actor<br>Lee Kang-sheng, dressed as a monk, neck bent, walking in slow motion through the streets of Taipei. Later, he directed Walker in Hong Kong and asked himself: \u201cIs Hong Kong moving too fast? Can we go more slowly? How much slower?\u201d. These short films form the starting point of the <em>Walker<\/em> series, now made up of ten installments. Each time, Tsai Ming-Liang repeats the same gesture, in different contexts, from Taipei to Paris.<\/p>\n\n\n\n<p>For its 25th edition, the Black Movie Festival wanted to highlight the work of a filmmaker it has followed throughout his career. Combined with a programme of some fifteen Taiwanese films, including seven by Tsai Ming-Liang, the exhibition <em>Walker<\/em> is a first for Switzerland. Over the two floors of Le Commun, the exhibition presents a selection of five films from the <em>Walker<\/em> series, associated with an installation combining footage of the performance <em>The Monk from Tang Dynasty <\/em>with a series of drawings and sketches by Tsai Ming-Liang, all set in a scenography specially designed by the artist.<\/p>\n\n\n\n<p>This exhibition is the second collaboration between Black Movie and Centre de la photographie Gen\u00e8ve, after the presentation of <em>Wang Bing. L&#8217;\u0152il qui marche <\/em>(produced by Le Bal, Paris) at Centre de la photographie Gen\u00e8ve in 2022.<\/p>\n\n\n\n<p class=\"has-text-color has-link-color wp-elements-e83f2aadec87b33a2056d2b57a3f361f\" style=\"color:#8e8e8e\">Le Festival international de films ind\u00e9pendants Black Movie et le Centre de la photographie Gen\u00e8ve pr\u00e9sentent <em>Walker<\/em> au Commun (Gen\u00e8ve), une exposition <em>site-specific<\/em> con\u00e7ue par le cin\u00e9aste et artiste ta\u00efwanais Tsai Ming-Liang.<\/p>\n\n\n\n<p class=\"has-text-color has-link-color wp-elements-6e33362c8b54c4958c01c2531c861e4d\" style=\"color:#8e8e8e\">En 2012, Tsai Ming-Liang r\u00e9alise <em>No Form<\/em>. Il y met en sc\u00e8ne son acteur f\u00e9tiche Lee Kang-sheng, habill\u00e9 en moine, la nuque pench\u00e9e, traversant au ralenti les rues de Taipei. Plus tard, il r\u00e9alise <em>Walker <\/em>\u00e0 Hong Kong et s\u2019interroge: &#8220;Est-ce que Hong Kong bouge trop vite? Peut-on aller plus lentement? \u00c0 quel point?&#8221;.<br>Ces courts m\u00e9trages forment le point de d\u00e9part de la s\u00e9rie des <em>Walker<\/em>, compos\u00e9e de dix opus. \u00c0 chaque fois, Tsai Ming-Liang r\u00e9p\u00e8te le m\u00eame geste, dans des contextes diff\u00e9rents, de Taipei \u00e0 Paris.<\/p>\n\n\n\n<p class=\"has-text-color has-link-color wp-elements-ba68d65d855c86be4251d1cf910b883f\" style=\"color:#8e8e8e\">Pour sa 25e \u00e9dition, le Festival Black Movie a souhait\u00e9 mettre en avant le travail d\u2019un cin\u00e9aste qu\u2019il a suivi tout au long de sa carri\u00e8re cin\u00e9matographique. Associ\u00e9e \u00e0 une programmation d\u2019une quinzaine de films ta\u00efwanais, dont sept de Tsai Ming-Liang, l\u2019exposition <em>Walker<\/em> est une premi\u00e8re en Suisse. Sur les deux \u00e9tages du Commun, elle pr\u00e9sente une s\u00e9lection de cinq films de la s\u00e9rie <em>Walker<\/em>, associ\u00e9e \u00e0 une installation m\u00ealant la captation de la performance <em>The Monk from Tang Dynasty <\/em>\u00e0 une s\u00e9rie de dessins et d\u2019esquisses r\u00e9alis\u00e9s par Tsai Ming-Liang, le tout dans une sc\u00e9nographie imagin\u00e9e par l\u2019artiste. <\/p>\n\n\n\n<p class=\"has-text-color has-link-color wp-elements-2811ce9a21eeb575ea33776b6dad4556\" style=\"color:#8e8e8e\">Cette exposition est la deuxi\u00e8me collaboration entre Black Movie et le Centre de la photographie Gen\u00e8ve, apr\u00e8s la pr\u00e9sentation de <em>Wang Bing. L&#8217;\u0152il qui marche <\/em>(produite par Le Bal, Paris) au Centre de la photographie Gen\u00e8ve en 2022.<\/p>\n\n\n\n<figure class=\"wp-block-image size-large\"><img loading=\"lazy\" decoding=\"async\" width=\"1024\" height=\"768\" src=\"https:\/\/danaepanchaud.net\/wp-content\/uploads\/2024\/04\/Annik-Wetter_2024-01-18_10616-s-1024x768.jpg\" alt=\"\" class=\"wp-image-1522\" srcset=\"https:\/\/danaepanchaud.net\/wp-content\/uploads\/2024\/04\/Annik-Wetter_2024-01-18_10616-s-1024x768.jpg 1024w, https:\/\/danaepanchaud.net\/wp-content\/uploads\/2024\/04\/Annik-Wetter_2024-01-18_10616-s-300x225.jpg 300w, https:\/\/danaepanchaud.net\/wp-content\/uploads\/2024\/04\/Annik-Wetter_2024-01-18_10616-s-768x576.jpg 768w, https:\/\/danaepanchaud.net\/wp-content\/uploads\/2024\/04\/Annik-Wetter_2024-01-18_10616-s-1536x1152.jpg 1536w, https:\/\/danaepanchaud.net\/wp-content\/uploads\/2024\/04\/Annik-Wetter_2024-01-18_10616-s.jpg 1600w\" sizes=\"auto, (max-width: 1024px) 100vw, 1024px\" \/><\/figure>\n\n\n\n<figure class=\"wp-block-image size-large\"><img loading=\"lazy\" decoding=\"async\" width=\"1024\" height=\"768\" src=\"https:\/\/danaepanchaud.net\/wp-content\/uploads\/2024\/04\/Annik-Wetter_2024-01-18_10619-s-1024x768.jpg\" alt=\"\" class=\"wp-image-1523\" srcset=\"https:\/\/danaepanchaud.net\/wp-content\/uploads\/2024\/04\/Annik-Wetter_2024-01-18_10619-s-1024x768.jpg 1024w, https:\/\/danaepanchaud.net\/wp-content\/uploads\/2024\/04\/Annik-Wetter_2024-01-18_10619-s-300x225.jpg 300w, https:\/\/danaepanchaud.net\/wp-content\/uploads\/2024\/04\/Annik-Wetter_2024-01-18_10619-s-768x576.jpg 768w, https:\/\/danaepanchaud.net\/wp-content\/uploads\/2024\/04\/Annik-Wetter_2024-01-18_10619-s-1536x1152.jpg 1536w, https:\/\/danaepanchaud.net\/wp-content\/uploads\/2024\/04\/Annik-Wetter_2024-01-18_10619-s.jpg 1600w\" sizes=\"auto, (max-width: 1024px) 100vw, 1024px\" \/><\/figure>\n\n\n\n<figure class=\"wp-block-image size-large\"><img loading=\"lazy\" decoding=\"async\" width=\"1024\" height=\"768\" src=\"https:\/\/danaepanchaud.net\/wp-content\/uploads\/2024\/04\/Annik-Wetter_2024-01-18_10631-s-1024x768.jpg\" alt=\"\" class=\"wp-image-1531\" srcset=\"https:\/\/danaepanchaud.net\/wp-content\/uploads\/2024\/04\/Annik-Wetter_2024-01-18_10631-s-1024x768.jpg 1024w, https:\/\/danaepanchaud.net\/wp-content\/uploads\/2024\/04\/Annik-Wetter_2024-01-18_10631-s-300x225.jpg 300w, https:\/\/danaepanchaud.net\/wp-content\/uploads\/2024\/04\/Annik-Wetter_2024-01-18_10631-s-768x576.jpg 768w, https:\/\/danaepanchaud.net\/wp-content\/uploads\/2024\/04\/Annik-Wetter_2024-01-18_10631-s-1536x1152.jpg 1536w, https:\/\/danaepanchaud.net\/wp-content\/uploads\/2024\/04\/Annik-Wetter_2024-01-18_10631-s.jpg 1600w\" sizes=\"auto, (max-width: 1024px) 100vw, 1024px\" \/><\/figure>\n\n\n\n<figure class=\"wp-block-image size-large\"><img loading=\"lazy\" decoding=\"async\" width=\"1024\" height=\"768\" src=\"https:\/\/danaepanchaud.net\/wp-content\/uploads\/2024\/04\/Annik-Wetter_2024-01-18_10702-s-1024x768.jpg\" alt=\"\" class=\"wp-image-1528\" srcset=\"https:\/\/danaepanchaud.net\/wp-content\/uploads\/2024\/04\/Annik-Wetter_2024-01-18_10702-s-1024x768.jpg 1024w, https:\/\/danaepanchaud.net\/wp-content\/uploads\/2024\/04\/Annik-Wetter_2024-01-18_10702-s-300x225.jpg 300w, https:\/\/danaepanchaud.net\/wp-content\/uploads\/2024\/04\/Annik-Wetter_2024-01-18_10702-s-768x576.jpg 768w, https:\/\/danaepanchaud.net\/wp-content\/uploads\/2024\/04\/Annik-Wetter_2024-01-18_10702-s-1536x1152.jpg 1536w, https:\/\/danaepanchaud.net\/wp-content\/uploads\/2024\/04\/Annik-Wetter_2024-01-18_10702-s.jpg 1600w\" sizes=\"auto, (max-width: 1024px) 100vw, 1024px\" \/><\/figure>\n\n\n\n<figure class=\"wp-block-image size-large\"><img loading=\"lazy\" decoding=\"async\" width=\"1024\" height=\"768\" src=\"https:\/\/danaepanchaud.net\/wp-content\/uploads\/2024\/04\/Annik-Wetter_2024-01-18_10670-s-1024x768.jpg\" alt=\"\" class=\"wp-image-1526\" srcset=\"https:\/\/danaepanchaud.net\/wp-content\/uploads\/2024\/04\/Annik-Wetter_2024-01-18_10670-s-1024x768.jpg 1024w, https:\/\/danaepanchaud.net\/wp-content\/uploads\/2024\/04\/Annik-Wetter_2024-01-18_10670-s-300x225.jpg 300w, https:\/\/danaepanchaud.net\/wp-content\/uploads\/2024\/04\/Annik-Wetter_2024-01-18_10670-s-768x576.jpg 768w, https:\/\/danaepanchaud.net\/wp-content\/uploads\/2024\/04\/Annik-Wetter_2024-01-18_10670-s-1536x1152.jpg 1536w, https:\/\/danaepanchaud.net\/wp-content\/uploads\/2024\/04\/Annik-Wetter_2024-01-18_10670-s.jpg 1600w\" sizes=\"auto, (max-width: 1024px) 100vw, 1024px\" \/><\/figure>\n\n\n\n<figure class=\"wp-block-image size-large\"><img loading=\"lazy\" decoding=\"async\" width=\"1024\" height=\"768\" src=\"https:\/\/danaepanchaud.net\/wp-content\/uploads\/2024\/04\/Annik-Wetter_2024-01-18_10676-s-1024x768.jpg\" alt=\"\" class=\"wp-image-1527\" srcset=\"https:\/\/danaepanchaud.net\/wp-content\/uploads\/2024\/04\/Annik-Wetter_2024-01-18_10676-s-1024x768.jpg 1024w, https:\/\/danaepanchaud.net\/wp-content\/uploads\/2024\/04\/Annik-Wetter_2024-01-18_10676-s-300x225.jpg 300w, https:\/\/danaepanchaud.net\/wp-content\/uploads\/2024\/04\/Annik-Wetter_2024-01-18_10676-s-768x576.jpg 768w, https:\/\/danaepanchaud.net\/wp-content\/uploads\/2024\/04\/Annik-Wetter_2024-01-18_10676-s-1536x1152.jpg 1536w, https:\/\/danaepanchaud.net\/wp-content\/uploads\/2024\/04\/Annik-Wetter_2024-01-18_10676-s.jpg 1600w\" sizes=\"auto, (max-width: 1024px) 100vw, 1024px\" \/><\/figure>\n\n\n\n<figure class=\"wp-block-image size-large\"><img loading=\"lazy\" decoding=\"async\" width=\"1024\" height=\"768\" src=\"https:\/\/danaepanchaud.net\/wp-content\/uploads\/2024\/04\/Annik-Wetter_2024-01-18_10665-s-1024x768.jpg\" alt=\"\" class=\"wp-image-1524\" srcset=\"https:\/\/danaepanchaud.net\/wp-content\/uploads\/2024\/04\/Annik-Wetter_2024-01-18_10665-s-1024x768.jpg 1024w, https:\/\/danaepanchaud.net\/wp-content\/uploads\/2024\/04\/Annik-Wetter_2024-01-18_10665-s-300x225.jpg 300w, https:\/\/danaepanchaud.net\/wp-content\/uploads\/2024\/04\/Annik-Wetter_2024-01-18_10665-s-768x576.jpg 768w, https:\/\/danaepanchaud.net\/wp-content\/uploads\/2024\/04\/Annik-Wetter_2024-01-18_10665-s-1536x1152.jpg 1536w, https:\/\/danaepanchaud.net\/wp-content\/uploads\/2024\/04\/Annik-Wetter_2024-01-18_10665-s.jpg 1600w\" sizes=\"auto, (max-width: 1024px) 100vw, 1024px\" \/><\/figure>\n\n\n\n<figure class=\"wp-block-image size-large\"><img loading=\"lazy\" decoding=\"async\" width=\"1024\" height=\"768\" src=\"https:\/\/danaepanchaud.net\/wp-content\/uploads\/2024\/04\/Annik-Wetter_2024-01-18_10668-s-1024x768.jpg\" alt=\"\" class=\"wp-image-1525\" srcset=\"https:\/\/danaepanchaud.net\/wp-content\/uploads\/2024\/04\/Annik-Wetter_2024-01-18_10668-s-1024x768.jpg 1024w, https:\/\/danaepanchaud.net\/wp-content\/uploads\/2024\/04\/Annik-Wetter_2024-01-18_10668-s-300x225.jpg 300w, https:\/\/danaepanchaud.net\/wp-content\/uploads\/2024\/04\/Annik-Wetter_2024-01-18_10668-s-768x576.jpg 768w, https:\/\/danaepanchaud.net\/wp-content\/uploads\/2024\/04\/Annik-Wetter_2024-01-18_10668-s-1536x1152.jpg 1536w, https:\/\/danaepanchaud.net\/wp-content\/uploads\/2024\/04\/Annik-Wetter_2024-01-18_10668-s.jpg 1600w\" sizes=\"auto, (max-width: 1024px) 100vw, 1024px\" \/><\/figure>\n\n\n\n<figure class=\"wp-block-image size-large\"><img loading=\"lazy\" decoding=\"async\" width=\"1024\" height=\"768\" src=\"https:\/\/danaepanchaud.net\/wp-content\/uploads\/2024\/04\/Annik-Wetter_2024-01-18_10709-s-1024x768.jpg\" alt=\"\" class=\"wp-image-1529\" srcset=\"https:\/\/danaepanchaud.net\/wp-content\/uploads\/2024\/04\/Annik-Wetter_2024-01-18_10709-s-1024x768.jpg 1024w, https:\/\/danaepanchaud.net\/wp-content\/uploads\/2024\/04\/Annik-Wetter_2024-01-18_10709-s-300x225.jpg 300w, https:\/\/danaepanchaud.net\/wp-content\/uploads\/2024\/04\/Annik-Wetter_2024-01-18_10709-s-768x576.jpg 768w, https:\/\/danaepanchaud.net\/wp-content\/uploads\/2024\/04\/Annik-Wetter_2024-01-18_10709-s-1536x1152.jpg 1536w, https:\/\/danaepanchaud.net\/wp-content\/uploads\/2024\/04\/Annik-Wetter_2024-01-18_10709-s.jpg 1600w\" sizes=\"auto, (max-width: 1024px) 100vw, 1024px\" \/><\/figure>\n\n\n\n<figure class=\"wp-block-image size-large\"><img loading=\"lazy\" decoding=\"async\" width=\"1024\" height=\"768\" src=\"https:\/\/danaepanchaud.net\/wp-content\/uploads\/2024\/04\/Annik-Wetter_2024-01-18_10721-s-1024x768.jpg\" alt=\"\" class=\"wp-image-1530\" srcset=\"https:\/\/danaepanchaud.net\/wp-content\/uploads\/2024\/04\/Annik-Wetter_2024-01-18_10721-s-1024x768.jpg 1024w, https:\/\/danaepanchaud.net\/wp-content\/uploads\/2024\/04\/Annik-Wetter_2024-01-18_10721-s-300x225.jpg 300w, https:\/\/danaepanchaud.net\/wp-content\/uploads\/2024\/04\/Annik-Wetter_2024-01-18_10721-s-768x576.jpg 768w, https:\/\/danaepanchaud.net\/wp-content\/uploads\/2024\/04\/Annik-Wetter_2024-01-18_10721-s-1536x1152.jpg 1536w, https:\/\/danaepanchaud.net\/wp-content\/uploads\/2024\/04\/Annik-Wetter_2024-01-18_10721-s.jpg 1600w\" sizes=\"auto, (max-width: 1024px) 100vw, 1024px\" \/><\/figure>\n\n\n\n<p>Exhibition views by Annik Wetter<\/p>\n","protected":false},"excerpt":{"rendered":"<p>2024 | Le Commun, GenevaA collaboration between Black Movie and Centre de la photographie Gen\u00e8ve Black Movie International Independent Film Festival and Centre de la photographie Gen\u00e8ve present Walker, a site-specific exhibition designed by Taiwanese filmmaker and artist Tsai Ming-Liang at Le Commun, Geneva. In 2012, Tsai Ming-Liang directed No Form. It features his favourite [&hellip;]<\/p>\n","protected":false},"author":1,"featured_media":0,"parent":182,"menu_order":0,"comment_status":"closed","ping_status":"closed","template":"","meta":{"footnotes":""},"class_list":["post-1520","page","type-page","status-publish","hentry"],"_links":{"self":[{"href":"https:\/\/danaepanchaud.net\/index.php\/wp-json\/wp\/v2\/pages\/1520","targetHints":{"allow":["GET"]}}],"collection":[{"href":"https:\/\/danaepanchaud.net\/index.php\/wp-json\/wp\/v2\/pages"}],"about":[{"href":"https:\/\/danaepanchaud.net\/index.php\/wp-json\/wp\/v2\/types\/page"}],"author":[{"embeddable":true,"href":"https:\/\/danaepanchaud.net\/index.php\/wp-json\/wp\/v2\/users\/1"}],"replies":[{"embeddable":true,"href":"https:\/\/danaepanchaud.net\/index.php\/wp-json\/wp\/v2\/comments?post=1520"}],"version-history":[{"count":3,"href":"https:\/\/danaepanchaud.net\/index.php\/wp-json\/wp\/v2\/pages\/1520\/revisions"}],"predecessor-version":[{"id":1534,"href":"https:\/\/danaepanchaud.net\/index.php\/wp-json\/wp\/v2\/pages\/1520\/revisions\/1534"}],"up":[{"embeddable":true,"href":"https:\/\/danaepanchaud.net\/index.php\/wp-json\/wp\/v2\/pages\/182"}],"wp:attachment":[{"href":"https:\/\/danaepanchaud.net\/index.php\/wp-json\/wp\/v2\/media?parent=1520"}],"curies":[{"name":"wp","href":"https:\/\/api.w.org\/{rel}","templated":true}]}}