{"id":1535,"date":"2024-04-01T19:00:35","date_gmt":"2024-04-01T17:00:35","guid":{"rendered":"https:\/\/danaepanchaud.net\/?page_id=1535"},"modified":"2024-04-01T19:01:48","modified_gmt":"2024-04-01T17:01:48","slug":"artgeneve-2024","status":"publish","type":"page","link":"https:\/\/danaepanchaud.net\/index.php\/exhibitions\/artgeneve-2024\/","title":{"rendered":"artgen\u00e8ve 2024"},"content":{"rendered":"\n<figure class=\"wp-block-image size-large\"><img loading=\"lazy\" decoding=\"async\" width=\"1024\" height=\"657\" src=\"https:\/\/danaepanchaud.net\/wp-content\/uploads\/2024\/04\/CPG-artgeneve-2024-Photo-Lucas-Olivet-web-3-1024x657.jpg\" alt=\"\" class=\"wp-image-1536\" srcset=\"https:\/\/danaepanchaud.net\/wp-content\/uploads\/2024\/04\/CPG-artgeneve-2024-Photo-Lucas-Olivet-web-3-1024x657.jpg 1024w, https:\/\/danaepanchaud.net\/wp-content\/uploads\/2024\/04\/CPG-artgeneve-2024-Photo-Lucas-Olivet-web-3-300x192.jpg 300w, https:\/\/danaepanchaud.net\/wp-content\/uploads\/2024\/04\/CPG-artgeneve-2024-Photo-Lucas-Olivet-web-3-768x493.jpg 768w, https:\/\/danaepanchaud.net\/wp-content\/uploads\/2024\/04\/CPG-artgeneve-2024-Photo-Lucas-Olivet-web-3-1536x985.jpg 1536w, https:\/\/danaepanchaud.net\/wp-content\/uploads\/2024\/04\/CPG-artgeneve-2024-Photo-Lucas-Olivet-web-3.jpg 1871w\" sizes=\"auto, (max-width: 1024px) 100vw, 1024px\" \/><\/figure>\n\n\n\n<p><strong>2024 | artgen\u00e8ve, Palexpo, Geneva<\/strong><\/p>\n\n\n\n<p>For the 2024 edition of artgen\u00e8ve, Centre de la photographie Gen\u00e8ve presents the work of Sara de Brito Faustino, Peter Hauser and Martin Widmer. These three Swiss artists from different generations, brought together for the first time, present works that are almost all new and produced for the fair. This presentation at artgen\u00e8ve is a preview of the group exhibition <em>Making Light of Every Thing<\/em>, comprising twelve Swiss and international artists, taking place at Centre de la photographie Gen\u00e8ve from February to April 2024.<\/p>\n\n\n\n<p class=\"has-text-color has-link-color wp-elements-691ceca7a0d401cefae0de9c65ddbf57\" style=\"color:#8e8e8e\">Pour l\u2019\u00e9dition 2024 du salon artgen\u00e8ve, le Centre de la photographie Gen\u00e8ve pr\u00e9sente les travaux de Sara de Brito Faustino, Peter Hauser et Martin Widmer. Cette s\u00e9lection de trois artistes suisses de diff\u00e9rentes g\u00e9n\u00e9rations, r\u00e9unis pour la premi\u00e8re fois, propose des \u0153uvres pour la plupart in\u00e9dites et produites pour le salon. Cette pr\u00e9sentation \u00e0 artgen\u00e8ve est une avant-premi\u00e8re de l\u2019exposition collective <em>Making Light of Every Thing<\/em>, r\u00e9unissant douze artistes suisses et internationaux, ayant lieu au Centre de la photographie Gen\u00e8ve de f\u00e9vrier \u00e0 avril 2024.<\/p>\n\n\n\n<figure class=\"wp-block-image size-large\"><img loading=\"lazy\" decoding=\"async\" width=\"1024\" height=\"681\" src=\"https:\/\/danaepanchaud.net\/wp-content\/uploads\/2024\/04\/CPG-artgeneve-2024-Photo-Lucas-Olivet-web-2-1024x681.jpg\" alt=\"\" class=\"wp-image-1537\" srcset=\"https:\/\/danaepanchaud.net\/wp-content\/uploads\/2024\/04\/CPG-artgeneve-2024-Photo-Lucas-Olivet-web-2-1024x681.jpg 1024w, https:\/\/danaepanchaud.net\/wp-content\/uploads\/2024\/04\/CPG-artgeneve-2024-Photo-Lucas-Olivet-web-2-300x199.jpg 300w, https:\/\/danaepanchaud.net\/wp-content\/uploads\/2024\/04\/CPG-artgeneve-2024-Photo-Lucas-Olivet-web-2-768x511.jpg 768w, https:\/\/danaepanchaud.net\/wp-content\/uploads\/2024\/04\/CPG-artgeneve-2024-Photo-Lucas-Olivet-web-2-1536x1021.jpg 1536w, https:\/\/danaepanchaud.net\/wp-content\/uploads\/2024\/04\/CPG-artgeneve-2024-Photo-Lucas-Olivet-web-2.jpg 1805w\" sizes=\"auto, (max-width: 1024px) 100vw, 1024px\" \/><\/figure>\n\n\n\n<figure class=\"wp-block-image size-large\"><img loading=\"lazy\" decoding=\"async\" width=\"1024\" height=\"693\" src=\"https:\/\/danaepanchaud.net\/wp-content\/uploads\/2024\/04\/CPG-artgeneve-2024-Photo-Lucas-Olivet-web-5-1024x693.jpg\" alt=\"\" class=\"wp-image-1538\" srcset=\"https:\/\/danaepanchaud.net\/wp-content\/uploads\/2024\/04\/CPG-artgeneve-2024-Photo-Lucas-Olivet-web-5-1024x693.jpg 1024w, https:\/\/danaepanchaud.net\/wp-content\/uploads\/2024\/04\/CPG-artgeneve-2024-Photo-Lucas-Olivet-web-5-300x203.jpg 300w, https:\/\/danaepanchaud.net\/wp-content\/uploads\/2024\/04\/CPG-artgeneve-2024-Photo-Lucas-Olivet-web-5-768x520.jpg 768w, https:\/\/danaepanchaud.net\/wp-content\/uploads\/2024\/04\/CPG-artgeneve-2024-Photo-Lucas-Olivet-web-5-1536x1039.jpg 1536w, https:\/\/danaepanchaud.net\/wp-content\/uploads\/2024\/04\/CPG-artgeneve-2024-Photo-Lucas-Olivet-web-5.jpg 1774w\" sizes=\"auto, (max-width: 1024px) 100vw, 1024px\" \/><\/figure>\n\n\n\n<figure class=\"wp-block-image size-large\"><img loading=\"lazy\" decoding=\"async\" width=\"683\" height=\"1024\" src=\"https:\/\/danaepanchaud.net\/wp-content\/uploads\/2024\/04\/CPG-artgeneve-2024-Photo-Lucas-Olivet-web-4-683x1024.jpg\" alt=\"\" class=\"wp-image-1539\" srcset=\"https:\/\/danaepanchaud.net\/wp-content\/uploads\/2024\/04\/CPG-artgeneve-2024-Photo-Lucas-Olivet-web-4-683x1024.jpg 683w, https:\/\/danaepanchaud.net\/wp-content\/uploads\/2024\/04\/CPG-artgeneve-2024-Photo-Lucas-Olivet-web-4-200x300.jpg 200w, https:\/\/danaepanchaud.net\/wp-content\/uploads\/2024\/04\/CPG-artgeneve-2024-Photo-Lucas-Olivet-web-4-768x1152.jpg 768w, https:\/\/danaepanchaud.net\/wp-content\/uploads\/2024\/04\/CPG-artgeneve-2024-Photo-Lucas-Olivet-web-4.jpg 1000w\" sizes=\"auto, (max-width: 683px) 100vw, 683px\" \/><\/figure>\n\n\n\n<figure class=\"wp-block-image size-large\"><img loading=\"lazy\" decoding=\"async\" width=\"1024\" height=\"683\" src=\"https:\/\/danaepanchaud.net\/wp-content\/uploads\/2024\/04\/CPG-artgeneve-2024-Photo-Lucas-Olivet-web-6-1024x683.jpg\" alt=\"\" class=\"wp-image-1540\" srcset=\"https:\/\/danaepanchaud.net\/wp-content\/uploads\/2024\/04\/CPG-artgeneve-2024-Photo-Lucas-Olivet-web-6-1024x683.jpg 1024w, https:\/\/danaepanchaud.net\/wp-content\/uploads\/2024\/04\/CPG-artgeneve-2024-Photo-Lucas-Olivet-web-6-300x200.jpg 300w, https:\/\/danaepanchaud.net\/wp-content\/uploads\/2024\/04\/CPG-artgeneve-2024-Photo-Lucas-Olivet-web-6-768x512.jpg 768w, https:\/\/danaepanchaud.net\/wp-content\/uploads\/2024\/04\/CPG-artgeneve-2024-Photo-Lucas-Olivet-web-6-1536x1024.jpg 1536w, https:\/\/danaepanchaud.net\/wp-content\/uploads\/2024\/04\/CPG-artgeneve-2024-Photo-Lucas-Olivet-web-6.jpg 1800w\" sizes=\"auto, (max-width: 1024px) 100vw, 1024px\" \/><\/figure>\n\n\n\n<figure class=\"wp-block-image size-large\"><img loading=\"lazy\" decoding=\"async\" width=\"1024\" height=\"683\" src=\"https:\/\/danaepanchaud.net\/wp-content\/uploads\/2024\/04\/CPG-artgeneve-2024-Photo-Lucas-Olivet-web-7-1024x683.jpg\" alt=\"\" class=\"wp-image-1541\" srcset=\"https:\/\/danaepanchaud.net\/wp-content\/uploads\/2024\/04\/CPG-artgeneve-2024-Photo-Lucas-Olivet-web-7-1024x683.jpg 1024w, https:\/\/danaepanchaud.net\/wp-content\/uploads\/2024\/04\/CPG-artgeneve-2024-Photo-Lucas-Olivet-web-7-300x200.jpg 300w, https:\/\/danaepanchaud.net\/wp-content\/uploads\/2024\/04\/CPG-artgeneve-2024-Photo-Lucas-Olivet-web-7-768x512.jpg 768w, https:\/\/danaepanchaud.net\/wp-content\/uploads\/2024\/04\/CPG-artgeneve-2024-Photo-Lucas-Olivet-web-7-1536x1024.jpg 1536w, https:\/\/danaepanchaud.net\/wp-content\/uploads\/2024\/04\/CPG-artgeneve-2024-Photo-Lucas-Olivet-web-7.jpg 1800w\" sizes=\"auto, (max-width: 1024px) 100vw, 1024px\" \/><\/figure>\n\n\n\n<p>Exhibition views by Lucas Olivet<\/p>\n","protected":false},"excerpt":{"rendered":"<p>2024 | artgen\u00e8ve, Palexpo, Geneva For the 2024 edition of artgen\u00e8ve, Centre de la photographie Gen\u00e8ve presents the work of Sara de Brito Faustino, Peter Hauser and Martin Widmer. These three Swiss artists from different generations, brought together for the first time, present works that are almost all new and produced for the fair. This [&hellip;]<\/p>\n","protected":false},"author":1,"featured_media":0,"parent":182,"menu_order":0,"comment_status":"closed","ping_status":"closed","template":"","meta":{"footnotes":""},"class_list":["post-1535","page","type-page","status-publish","hentry"],"_links":{"self":[{"href":"https:\/\/danaepanchaud.net\/index.php\/wp-json\/wp\/v2\/pages\/1535","targetHints":{"allow":["GET"]}}],"collection":[{"href":"https:\/\/danaepanchaud.net\/index.php\/wp-json\/wp\/v2\/pages"}],"about":[{"href":"https:\/\/danaepanchaud.net\/index.php\/wp-json\/wp\/v2\/types\/page"}],"author":[{"embeddable":true,"href":"https:\/\/danaepanchaud.net\/index.php\/wp-json\/wp\/v2\/users\/1"}],"replies":[{"embeddable":true,"href":"https:\/\/danaepanchaud.net\/index.php\/wp-json\/wp\/v2\/comments?post=1535"}],"version-history":[{"count":1,"href":"https:\/\/danaepanchaud.net\/index.php\/wp-json\/wp\/v2\/pages\/1535\/revisions"}],"predecessor-version":[{"id":1542,"href":"https:\/\/danaepanchaud.net\/index.php\/wp-json\/wp\/v2\/pages\/1535\/revisions\/1542"}],"up":[{"embeddable":true,"href":"https:\/\/danaepanchaud.net\/index.php\/wp-json\/wp\/v2\/pages\/182"}],"wp:attachment":[{"href":"https:\/\/danaepanchaud.net\/index.php\/wp-json\/wp\/v2\/media?parent=1535"}],"curies":[{"name":"wp","href":"https:\/\/api.w.org\/{rel}","templated":true}]}}