{"id":154,"date":"2017-08-16T01:27:02","date_gmt":"2017-08-15T23:27:02","guid":{"rendered":"http:\/\/danaepanchaud.net\/?page_id=154"},"modified":"2017-08-19T16:20:46","modified_gmt":"2017-08-19T14:20:46","slug":"selection-auswahl-15","status":"publish","type":"page","link":"https:\/\/danaepanchaud.net\/index.php\/exhibitions\/selection-auswahl-15\/","title":{"rendered":"S\u00e9lection | Auswahl 15"},"content":{"rendered":"<div class=\"page\" title=\"Page 4\">\n<div class=\"layoutArea\">\n<div class=\"column\">\n<div class=\"page\" title=\"Page 4\">\n<div class=\"layoutArea\">\n<div class=\"column\">\n<p><img loading=\"lazy\" decoding=\"async\" class=\"aligncenter wp-image-159\" src=\"http:\/\/danaepanchaud.net\/wp-content\/uploads\/2017\/08\/Selection_Auswahl_15_16_0033_ok-300x200.jpg\" alt=\"View of the exhibition Auswahl Selection 2015\" width=\"2500\" height=\"1667\" srcset=\"https:\/\/danaepanchaud.net\/wp-content\/uploads\/2017\/08\/Selection_Auswahl_15_16_0033_ok-300x200.jpg 300w, https:\/\/danaepanchaud.net\/wp-content\/uploads\/2017\/08\/Selection_Auswahl_15_16_0033_ok-768x512.jpg 768w, https:\/\/danaepanchaud.net\/wp-content\/uploads\/2017\/08\/Selection_Auswahl_15_16_0033_ok-1024x683.jpg 1024w, https:\/\/danaepanchaud.net\/wp-content\/uploads\/2017\/08\/Selection_Auswahl_15_16_0033_ok-1200x800.jpg 1200w\" sizes=\"auto, (max-width: 2500px) 100vw, 2500px\" \/><\/p>\n<p><strong>2015<\/strong><br \/>\n<strong> Photoforum PasquArt, Biel<\/strong><\/p>\n<\/div>\n<\/div>\n<\/div>\n<p>The yearly Photoforum Prize is an opportunity to reward one outstanding work in the eld of photography but also to present an overview of recent developments in the contemporary photography scene. In 2015, the jury selected the young Swiss photographer Beno\u00eet Jeannet for his series <em>A Geological Index of the Landscape<\/em>, a complex, rigorous and extended work developed over several years about the constituent elements of the landscape.<\/p>\n<p>Landscape is this year a major theme, with no fewer than five out of seventeen series dedicated to landscape, in a remarkable diversity of approaches and aesthetics. The medium photography itself is another important topic, with several photographers questioning its very ontology. Documentary remains a central preoccupation of many concerned photographers, who also point out the challenges presented by issues that elude a simple and direct photographic documentation. Finally, individual and collective identity is a recurring theme in the exhibition.<\/p>\n<div class=\"page\" title=\"Page 4\">\n<div class=\"layoutArea\">\n<div class=\"column\">\n<p><span style=\"color: #808080;\">Chaque ann\u00e9e, si le Prix du Photoforum est l\u2019opportunit\u00e9 de r\u00e9compenser un photographe dont le travail s\u2019est particuli\u00e8rement distingu\u00e9, l\u2019exposition offre quant \u00e0 elle un aperc\u0327u de la sc\u00e8ne photographique. <\/span><span style=\"color: #808080;\">Le Prix Photoforum 2015 a \u00e9t\u00e9 d\u00e9cern\u00e9 \u00e0 Beno\u00eet Jeannet pour <em>A Geological Index of the Landscape<\/em>, une recherche rigoureuse et complexe, men\u00e9e sur plusieurs ann\u00e9es sur les \u00e9l\u00e9ments constitutifs du paysage.<\/span><\/p>\n<p><span style=\"color: #808080;\">Le paysage est une th\u00e9matique forte et tr\u00e8s pr\u00e9sente cette ann\u00e9e: pas moins de cinq travaux sur dix-sept ont trait au paysage, dans une grande diversit\u00e9 d\u2019approches et d\u2019esth\u00e9tiques. Par ailleurs, nombre de photographes \u00e9prouvent le m\u00e9dium photographique lui-m\u00eame. Le documentaire est aussi une pr\u00e9occupation centrale des photographes pr\u00e9sent\u00e9s dans l\u2019exposition, et ceux qui s\u2019y attellent <\/span><span style=\"color: #808080;\">le font avec de nombreuses interrogations sur les moyens et les possibilit\u00e9s de documenter par la photographie. Enfin, l\u2019identit\u00e9, qu\u2019elle soit individuelle ou collective, et la qu\u00eate d\u2019identit\u00e9 est une th\u00e9matique fondamentale, elle aussi largement repr\u00e9sent\u00e9e dans l\u2019exposition.<\/span><\/p>\n<\/div>\n<\/div>\n<\/div>\n<p>With Bruno Aeberli, Federico Berardi, Jacques- Aure\u0301lien Brun, Simone Cavadini, Jojakim Cortis + Adrian Sonderegger, Baptiste Giroudon, Sandrine Gutierrez, Alexandre Haefeli, Lukas Hoffmann, Benoit Jeannet (laureate), Thibault Jouvent, Youn\u00e8s Klouche, Gian Paul Lozza, Franziska Rothenb\u00fchler, Neige Sanchez, Maurice Schobinger, Dominique Teufen<\/p>\n<p><img loading=\"lazy\" decoding=\"async\" class=\"aligncenter wp-image-158\" src=\"http:\/\/danaepanchaud.net\/wp-content\/uploads\/2017\/08\/Selection_Auswahl_15_16_0027_ok-300x200.jpg\" alt=\"View of the exhibition Auswahl Selection 2015\" width=\"2500\" height=\"1666\" srcset=\"https:\/\/danaepanchaud.net\/wp-content\/uploads\/2017\/08\/Selection_Auswahl_15_16_0027_ok-300x200.jpg 300w, https:\/\/danaepanchaud.net\/wp-content\/uploads\/2017\/08\/Selection_Auswahl_15_16_0027_ok-768x512.jpg 768w, https:\/\/danaepanchaud.net\/wp-content\/uploads\/2017\/08\/Selection_Auswahl_15_16_0027_ok-1024x683.jpg 1024w, https:\/\/danaepanchaud.net\/wp-content\/uploads\/2017\/08\/Selection_Auswahl_15_16_0027_ok-1200x800.jpg 1200w\" sizes=\"auto, (max-width: 2500px) 100vw, 2500px\" \/><img loading=\"lazy\" decoding=\"async\" class=\"aligncenter wp-image-155\" src=\"http:\/\/danaepanchaud.net\/wp-content\/uploads\/2017\/08\/Selection_Auswahl_15_16_0011_ok-300x202.jpg\" alt=\"View of the exhibition Auswahl Selection 2015\" width=\"2500\" height=\"1686\" srcset=\"https:\/\/danaepanchaud.net\/wp-content\/uploads\/2017\/08\/Selection_Auswahl_15_16_0011_ok-300x202.jpg 300w, https:\/\/danaepanchaud.net\/wp-content\/uploads\/2017\/08\/Selection_Auswahl_15_16_0011_ok-768x518.jpg 768w, https:\/\/danaepanchaud.net\/wp-content\/uploads\/2017\/08\/Selection_Auswahl_15_16_0011_ok-1024x691.jpg 1024w, https:\/\/danaepanchaud.net\/wp-content\/uploads\/2017\/08\/Selection_Auswahl_15_16_0011_ok-1200x809.jpg 1200w\" sizes=\"auto, (max-width: 2500px) 100vw, 2500px\" \/><img loading=\"lazy\" decoding=\"async\" class=\"aligncenter wp-image-160 size-full\" src=\"http:\/\/danaepanchaud.net\/wp-content\/uploads\/2017\/08\/Selection_Auswahl_15_16_0009_okS.jpg\" alt=\"View of the exhibition Auswahl Selection 2015\" width=\"1400\" height=\"577\" srcset=\"https:\/\/danaepanchaud.net\/wp-content\/uploads\/2017\/08\/Selection_Auswahl_15_16_0009_okS.jpg 1400w, https:\/\/danaepanchaud.net\/wp-content\/uploads\/2017\/08\/Selection_Auswahl_15_16_0009_okS-300x124.jpg 300w, https:\/\/danaepanchaud.net\/wp-content\/uploads\/2017\/08\/Selection_Auswahl_15_16_0009_okS-768x317.jpg 768w, https:\/\/danaepanchaud.net\/wp-content\/uploads\/2017\/08\/Selection_Auswahl_15_16_0009_okS-1024x422.jpg 1024w, https:\/\/danaepanchaud.net\/wp-content\/uploads\/2017\/08\/Selection_Auswahl_15_16_0009_okS-1200x495.jpg 1200w\" sizes=\"auto, (max-width: 1400px) 100vw, 1400px\" \/>\u00a0 <img loading=\"lazy\" decoding=\"async\" class=\"aligncenter wp-image-157\" src=\"http:\/\/danaepanchaud.net\/wp-content\/uploads\/2017\/08\/Selection_Auswahl_15_16_0024_ok-300x200.jpg\" alt=\"View of the exhibition Auswahl Selection 2015\" width=\"2500\" height=\"1667\" srcset=\"https:\/\/danaepanchaud.net\/wp-content\/uploads\/2017\/08\/Selection_Auswahl_15_16_0024_ok-300x200.jpg 300w, https:\/\/danaepanchaud.net\/wp-content\/uploads\/2017\/08\/Selection_Auswahl_15_16_0024_ok-768x512.jpg 768w, https:\/\/danaepanchaud.net\/wp-content\/uploads\/2017\/08\/Selection_Auswahl_15_16_0024_ok-1024x683.jpg 1024w, https:\/\/danaepanchaud.net\/wp-content\/uploads\/2017\/08\/Selection_Auswahl_15_16_0024_ok-1200x800.jpg 1200w\" sizes=\"auto, (max-width: 2500px) 100vw, 2500px\" \/> <img loading=\"lazy\" decoding=\"async\" class=\"aligncenter wp-image-156\" src=\"http:\/\/danaepanchaud.net\/wp-content\/uploads\/2017\/08\/Selection_Auswahl_15_16_0023_ok-300x200.jpg\" alt=\"View of the exhibition Auswahl Selection 2015\" width=\"2500\" height=\"1667\" srcset=\"https:\/\/danaepanchaud.net\/wp-content\/uploads\/2017\/08\/Selection_Auswahl_15_16_0023_ok-300x200.jpg 300w, https:\/\/danaepanchaud.net\/wp-content\/uploads\/2017\/08\/Selection_Auswahl_15_16_0023_ok-768x512.jpg 768w, https:\/\/danaepanchaud.net\/wp-content\/uploads\/2017\/08\/Selection_Auswahl_15_16_0023_ok-1024x683.jpg 1024w, https:\/\/danaepanchaud.net\/wp-content\/uploads\/2017\/08\/Selection_Auswahl_15_16_0023_ok-1200x800.jpg 1200w\" sizes=\"auto, (max-width: 2500px) 100vw, 2500px\" \/> <span style=\"color: #808080;\">Images: Rudolf Steiner \u2013 Photoforum<\/span><\/p>\n<\/div>\n<\/div>\n<\/div>\n","protected":false},"excerpt":{"rendered":"<p>2015 Photoforum PasquArt, Biel The yearly Photoforum Prize is an opportunity to reward one outstanding work in the eld of photography but also to present an overview of recent developments in the contemporary photography scene. In 2015, the jury selected the young Swiss photographer Beno\u00eet Jeannet for his series A Geological Index of the Landscape, [&hellip;]<\/p>\n","protected":false},"author":1,"featured_media":0,"parent":182,"menu_order":11,"comment_status":"closed","ping_status":"closed","template":"","meta":{"footnotes":""},"class_list":["post-154","page","type-page","status-publish","hentry"],"_links":{"self":[{"href":"https:\/\/danaepanchaud.net\/index.php\/wp-json\/wp\/v2\/pages\/154","targetHints":{"allow":["GET"]}}],"collection":[{"href":"https:\/\/danaepanchaud.net\/index.php\/wp-json\/wp\/v2\/pages"}],"about":[{"href":"https:\/\/danaepanchaud.net\/index.php\/wp-json\/wp\/v2\/types\/page"}],"author":[{"embeddable":true,"href":"https:\/\/danaepanchaud.net\/index.php\/wp-json\/wp\/v2\/users\/1"}],"replies":[{"embeddable":true,"href":"https:\/\/danaepanchaud.net\/index.php\/wp-json\/wp\/v2\/comments?post=154"}],"version-history":[{"count":2,"href":"https:\/\/danaepanchaud.net\/index.php\/wp-json\/wp\/v2\/pages\/154\/revisions"}],"predecessor-version":[{"id":162,"href":"https:\/\/danaepanchaud.net\/index.php\/wp-json\/wp\/v2\/pages\/154\/revisions\/162"}],"up":[{"embeddable":true,"href":"https:\/\/danaepanchaud.net\/index.php\/wp-json\/wp\/v2\/pages\/182"}],"wp:attachment":[{"href":"https:\/\/danaepanchaud.net\/index.php\/wp-json\/wp\/v2\/media?parent=154"}],"curies":[{"name":"wp","href":"https:\/\/api.w.org\/{rel}","templated":true}]}}