{"id":29,"date":"2017-08-17T00:44:03","date_gmt":"2017-08-16T22:44:03","guid":{"rendered":"http:\/\/danaepanchaud.net\/?page_id=29"},"modified":"2017-08-19T16:21:00","modified_gmt":"2017-08-19T14:21:00","slug":"hordes-nuees","status":"publish","type":"page","link":"https:\/\/danaepanchaud.net\/index.php\/exhibitions\/hordes-nuees\/","title":{"rendered":"Hordes &#038; Nu\u00e9es"},"content":{"rendered":"<p><img loading=\"lazy\" decoding=\"async\" class=\"wp-image-32 size-full aligncenter\" src=\"http:\/\/danaepanchaud.net\/wp-content\/uploads\/2017\/08\/Hordes-nuees1.jpg\" alt=\"View of the exhibition Hordes &amp; Nu\u00e9es\" width=\"2500\" height=\"1667\" srcset=\"https:\/\/danaepanchaud.net\/wp-content\/uploads\/2017\/08\/Hordes-nuees1.jpg 2500w, https:\/\/danaepanchaud.net\/wp-content\/uploads\/2017\/08\/Hordes-nuees1-300x200.jpg 300w, https:\/\/danaepanchaud.net\/wp-content\/uploads\/2017\/08\/Hordes-nuees1-768x512.jpg 768w, https:\/\/danaepanchaud.net\/wp-content\/uploads\/2017\/08\/Hordes-nuees1-1024x683.jpg 1024w, https:\/\/danaepanchaud.net\/wp-content\/uploads\/2017\/08\/Hordes-nuees1-1200x800.jpg 1200w\" sizes=\"auto, (max-width: 2500px) 100vw, 2500px\" \/><\/p>\n<p>Curated with Myriam Ziehli<\/p>\n<p><strong>2014<\/strong><br \/>\n<strong> CEPV \u2013 Festival Images, Vevey<\/strong><\/p>\n<p>Hordes &amp; Nu\u00e9es <em>[Hordes &amp; Swarms]<\/em> is a visual essay about animality, bringing together in a narrative sequence 104 appropriated images from 56 photographers. It explores our relationship to animality in an exuberant visual assemblage where the postures, attitudes and gestures of men and animals echo one another. Images abound and ricochet, exposing our feral part, buried but ready to erupt. The exhibition presents itself as a fiery and carnal parade, whose ferocity is tinged with tenderness and where brutality merges into grace.<\/p>\n<p>All 56 photographers have close ties with the CEPV photography school \u2013 current and former students in majority but also lecturers and teachers \u2013 and exhibition thus also offers a portrayal of the institution.<\/p>\n<p><span style=\"color: #808080;\">Hordes &amp; Nu\u00e9es explore nos rapports \u00e0 l\u2019animalit\u00e9 dans un assemblage visuel exub\u00e9rant o\u00f9 fraient c\u00f4te \u00e0 c\u00f4te b\u00eates et hommes, envisag\u00e9s comme des \u00e9chos l\u2019un de l\u2019autre. Les images abondent, ricochent et se r\u00e9pondent, mettent en lumi\u00e8re notre part sauvage, enfouie, mais affleurant \u00e0 la surface, ramass\u00e9e, pr\u00eate \u00e0 faire irruption au sein de nos comportements. Elle se d\u00e9ploie dans une parade fougueuse et charnelle, dont la f\u00e9rocit\u00e9 se teinte de tendresse, o\u00f9 la brutalit\u00e9 des gestes se fond dans la gr\u00e2ce des postures. Humains et animaux se r\u00e9v\u00e8lent des miroirs troubles et inexacts l\u2019un de l\u2019autre, s\u2019apprivoisant, s\u2019esquivant, se convoitant, se d\u00e9vorant, se domptant tour \u00e0 tour.<\/span><\/p>\n<p><span style=\"color: #808080;\">L\u2019exposition rassemble 56 photographes li\u00e9s \u00e0 l\u2019\u00e9cole de photographie de Vevey \u2013 \u00e9tudiants actuels et anciens, mais aussi intervenants et enseignants \u2013 brossant ainsi en creux le portrait de l\u2019institution.<\/span><\/p>\n<p>With Pauline Aellen, Vicky Althaus, Yvan Alvarez, David Amaral, Jean Luc Andrianasolo, Yannic Bartolozzi, Mehdi Benkler, Matthias Bruggmann, Stefan Burger, Mathilde de Galbert, Charles de Senarclens, Sami El Kasm, Guillaume Epars, Valentin Faure, L\u00e9a Favre, Matthieu Gafsou, David Gagnebin-de Bons, Anne Golaz, Roberto Greco, Shannon Guerrico, Sandrine Gutierrez, Yann Haeberlin, Nicole Hametner, C\u00e9cile Hesse &amp; Ga\u00ebl Romier, Yann Laubscher, Olivier Lovey, Lisa Lurati, Mathilde Magn\u00e9e, Yann Mingard, Aso Mohammadi, Laura Morales, Johanne Morrison, Giona Mottura, Eric Nehr, Marie Nussbaumer, Mathilda Olmi, Taiyo Onorato &amp; Nico Krebs, Virginie Otth, Antigoni Papantoni, Jean-No\u00ebl Pazzi, Dylan Perrenoud, Augustin Rebetez, Jonathan Roessel, Paul Rousteau, Juliette Russbach, Diego Saldiva, Nicolas Savary, Tilo Steireif, Valentina Suter, Marie Taillefer, Vincent Tille, Christophe Voisin, Benoi\u00eet Vollmer, Annabelle Zermatten<\/p>\n<p><img loading=\"lazy\" decoding=\"async\" class=\"wp-image-34 size-full aligncenter\" src=\"http:\/\/danaepanchaud.net\/wp-content\/uploads\/2017\/08\/Hordes-nuees2.jpg\" alt=\"Hordes &amp; Nu\u00e9es exhibition view\" width=\"2500\" height=\"1668\" srcset=\"https:\/\/danaepanchaud.net\/wp-content\/uploads\/2017\/08\/Hordes-nuees2.jpg 2500w, https:\/\/danaepanchaud.net\/wp-content\/uploads\/2017\/08\/Hordes-nuees2-300x200.jpg 300w, https:\/\/danaepanchaud.net\/wp-content\/uploads\/2017\/08\/Hordes-nuees2-768x512.jpg 768w, https:\/\/danaepanchaud.net\/wp-content\/uploads\/2017\/08\/Hordes-nuees2-1024x683.jpg 1024w, https:\/\/danaepanchaud.net\/wp-content\/uploads\/2017\/08\/Hordes-nuees2-1200x801.jpg 1200w\" sizes=\"auto, (max-width: 2500px) 100vw, 2500px\" \/><\/p>\n<p><img loading=\"lazy\" decoding=\"async\" class=\"wp-image-36 size-full aligncenter\" src=\"http:\/\/danaepanchaud.net\/wp-content\/uploads\/2017\/08\/Hordes-nuees4.jpg\" alt=\"Hordes &amp; Nu\u00e9es exhibition view\" width=\"2500\" height=\"1668\" srcset=\"https:\/\/danaepanchaud.net\/wp-content\/uploads\/2017\/08\/Hordes-nuees4.jpg 2500w, https:\/\/danaepanchaud.net\/wp-content\/uploads\/2017\/08\/Hordes-nuees4-300x200.jpg 300w, https:\/\/danaepanchaud.net\/wp-content\/uploads\/2017\/08\/Hordes-nuees4-768x512.jpg 768w, https:\/\/danaepanchaud.net\/wp-content\/uploads\/2017\/08\/Hordes-nuees4-1024x683.jpg 1024w, https:\/\/danaepanchaud.net\/wp-content\/uploads\/2017\/08\/Hordes-nuees4-1200x801.jpg 1200w\" sizes=\"auto, (max-width: 2500px) 100vw, 2500px\" \/><\/p>\n<p><img loading=\"lazy\" decoding=\"async\" class=\"wp-image-41 size-full aligncenter\" src=\"http:\/\/danaepanchaud.net\/wp-content\/uploads\/2017\/08\/Hordes-nuees9.jpg\" alt=\"Hordes &amp; Nu\u00e9es exhibition view\" width=\"2500\" height=\"1668\" srcset=\"https:\/\/danaepanchaud.net\/wp-content\/uploads\/2017\/08\/Hordes-nuees9.jpg 2500w, https:\/\/danaepanchaud.net\/wp-content\/uploads\/2017\/08\/Hordes-nuees9-300x200.jpg 300w, https:\/\/danaepanchaud.net\/wp-content\/uploads\/2017\/08\/Hordes-nuees9-768x512.jpg 768w, https:\/\/danaepanchaud.net\/wp-content\/uploads\/2017\/08\/Hordes-nuees9-1024x683.jpg 1024w, https:\/\/danaepanchaud.net\/wp-content\/uploads\/2017\/08\/Hordes-nuees9-1200x801.jpg 1200w\" sizes=\"auto, (max-width: 2500px) 100vw, 2500px\" \/><\/p>\n<p><img loading=\"lazy\" decoding=\"async\" class=\"wp-image-37 size-full aligncenter\" src=\"http:\/\/danaepanchaud.net\/wp-content\/uploads\/2017\/08\/Hordes-nuees5.jpg\" alt=\"Hordes &amp; Nu\u00e9es exhibition view\" width=\"2503\" height=\"1670\" srcset=\"https:\/\/danaepanchaud.net\/wp-content\/uploads\/2017\/08\/Hordes-nuees5.jpg 2503w, https:\/\/danaepanchaud.net\/wp-content\/uploads\/2017\/08\/Hordes-nuees5-300x200.jpg 300w, https:\/\/danaepanchaud.net\/wp-content\/uploads\/2017\/08\/Hordes-nuees5-768x512.jpg 768w, https:\/\/danaepanchaud.net\/wp-content\/uploads\/2017\/08\/Hordes-nuees5-1024x683.jpg 1024w, https:\/\/danaepanchaud.net\/wp-content\/uploads\/2017\/08\/Hordes-nuees5-1200x801.jpg 1200w\" sizes=\"auto, (max-width: 2503px) 100vw, 2503px\" \/><\/p>\n<p><img loading=\"lazy\" decoding=\"async\" class=\"wp-image-35 size-full aligncenter\" src=\"http:\/\/danaepanchaud.net\/wp-content\/uploads\/2017\/08\/Hordes-nuees3.jpg\" alt=\"Hordes &amp; Nu\u00e9es exhibition view\" width=\"2500\" height=\"1668\" srcset=\"https:\/\/danaepanchaud.net\/wp-content\/uploads\/2017\/08\/Hordes-nuees3.jpg 2500w, https:\/\/danaepanchaud.net\/wp-content\/uploads\/2017\/08\/Hordes-nuees3-300x200.jpg 300w, https:\/\/danaepanchaud.net\/wp-content\/uploads\/2017\/08\/Hordes-nuees3-768x512.jpg 768w, https:\/\/danaepanchaud.net\/wp-content\/uploads\/2017\/08\/Hordes-nuees3-1024x683.jpg 1024w, https:\/\/danaepanchaud.net\/wp-content\/uploads\/2017\/08\/Hordes-nuees3-1200x801.jpg 1200w\" sizes=\"auto, (max-width: 2500px) 100vw, 2500px\" \/><\/p>\n<p><img loading=\"lazy\" decoding=\"async\" class=\"wp-image-38 size-full aligncenter\" src=\"http:\/\/danaepanchaud.net\/wp-content\/uploads\/2017\/08\/Hordes-nuees6.jpg\" alt=\"Hordes &amp; Nu\u00e9es exhibition view\" width=\"2500\" height=\"1668\" srcset=\"https:\/\/danaepanchaud.net\/wp-content\/uploads\/2017\/08\/Hordes-nuees6.jpg 2500w, https:\/\/danaepanchaud.net\/wp-content\/uploads\/2017\/08\/Hordes-nuees6-300x200.jpg 300w, https:\/\/danaepanchaud.net\/wp-content\/uploads\/2017\/08\/Hordes-nuees6-768x512.jpg 768w, https:\/\/danaepanchaud.net\/wp-content\/uploads\/2017\/08\/Hordes-nuees6-1024x683.jpg 1024w, https:\/\/danaepanchaud.net\/wp-content\/uploads\/2017\/08\/Hordes-nuees6-1200x801.jpg 1200w\" sizes=\"auto, (max-width: 2500px) 100vw, 2500px\" \/><\/p>\n<p><img loading=\"lazy\" decoding=\"async\" class=\"wp-image-44 size-full aligncenter\" src=\"http:\/\/danaepanchaud.net\/wp-content\/uploads\/2017\/08\/Hordes-nuees12.jpg\" alt=\"Hordes &amp; Nu\u00e9es exhibition view\" width=\"2500\" height=\"1667\" srcset=\"https:\/\/danaepanchaud.net\/wp-content\/uploads\/2017\/08\/Hordes-nuees12.jpg 2500w, https:\/\/danaepanchaud.net\/wp-content\/uploads\/2017\/08\/Hordes-nuees12-300x200.jpg 300w, https:\/\/danaepanchaud.net\/wp-content\/uploads\/2017\/08\/Hordes-nuees12-768x512.jpg 768w, https:\/\/danaepanchaud.net\/wp-content\/uploads\/2017\/08\/Hordes-nuees12-1024x683.jpg 1024w, https:\/\/danaepanchaud.net\/wp-content\/uploads\/2017\/08\/Hordes-nuees12-1200x800.jpg 1200w\" sizes=\"auto, (max-width: 2500px) 100vw, 2500px\" \/><\/p>\n<p><img loading=\"lazy\" decoding=\"async\" class=\"alignleft wp-image-39 size-full\" src=\"http:\/\/danaepanchaud.net\/wp-content\/uploads\/2017\/08\/Hordes-nuees7.jpg\" alt=\"Hordes &amp; Nu\u00e9es exhibition view\" width=\"2500\" height=\"1668\" srcset=\"https:\/\/danaepanchaud.net\/wp-content\/uploads\/2017\/08\/Hordes-nuees7.jpg 2500w, https:\/\/danaepanchaud.net\/wp-content\/uploads\/2017\/08\/Hordes-nuees7-300x200.jpg 300w, https:\/\/danaepanchaud.net\/wp-content\/uploads\/2017\/08\/Hordes-nuees7-768x512.jpg 768w, https:\/\/danaepanchaud.net\/wp-content\/uploads\/2017\/08\/Hordes-nuees7-1024x683.jpg 1024w, https:\/\/danaepanchaud.net\/wp-content\/uploads\/2017\/08\/Hordes-nuees7-1200x801.jpg 1200w\" sizes=\"auto, (max-width: 2500px) 100vw, 2500px\" \/><\/p>\n<p><img loading=\"lazy\" decoding=\"async\" class=\"wp-image-40 size-full aligncenter\" src=\"http:\/\/danaepanchaud.net\/wp-content\/uploads\/2017\/08\/Hordes-nuees8.jpg\" alt=\"Hordes &amp; Nu\u00e9es exhibition view\" width=\"2500\" height=\"1668\" srcset=\"https:\/\/danaepanchaud.net\/wp-content\/uploads\/2017\/08\/Hordes-nuees8.jpg 2500w, https:\/\/danaepanchaud.net\/wp-content\/uploads\/2017\/08\/Hordes-nuees8-300x200.jpg 300w, https:\/\/danaepanchaud.net\/wp-content\/uploads\/2017\/08\/Hordes-nuees8-768x512.jpg 768w, https:\/\/danaepanchaud.net\/wp-content\/uploads\/2017\/08\/Hordes-nuees8-1024x683.jpg 1024w, https:\/\/danaepanchaud.net\/wp-content\/uploads\/2017\/08\/Hordes-nuees8-1200x801.jpg 1200w\" sizes=\"auto, (max-width: 2500px) 100vw, 2500px\" \/><\/p>\n<p><img loading=\"lazy\" decoding=\"async\" class=\"wp-image-43 size-full aligncenter\" src=\"http:\/\/danaepanchaud.net\/wp-content\/uploads\/2017\/08\/Hordes-nuees11.jpg\" alt=\"Hordes &amp; Nu\u00e9es exhibition view\" width=\"2500\" height=\"1732\" srcset=\"https:\/\/danaepanchaud.net\/wp-content\/uploads\/2017\/08\/Hordes-nuees11.jpg 2500w, https:\/\/danaepanchaud.net\/wp-content\/uploads\/2017\/08\/Hordes-nuees11-300x208.jpg 300w, https:\/\/danaepanchaud.net\/wp-content\/uploads\/2017\/08\/Hordes-nuees11-768x532.jpg 768w, https:\/\/danaepanchaud.net\/wp-content\/uploads\/2017\/08\/Hordes-nuees11-1024x709.jpg 1024w, https:\/\/danaepanchaud.net\/wp-content\/uploads\/2017\/08\/Hordes-nuees11-1200x831.jpg 1200w\" sizes=\"auto, (max-width: 2500px) 100vw, 2500px\" \/><\/p>\n<p><img loading=\"lazy\" decoding=\"async\" class=\"wp-image-42 size-full aligncenter\" src=\"http:\/\/danaepanchaud.net\/wp-content\/uploads\/2017\/08\/Hordes-nuees10.jpg\" alt=\"Hordes &amp; Nu\u00e9es exhibition view\" width=\"2500\" height=\"3127\" srcset=\"https:\/\/danaepanchaud.net\/wp-content\/uploads\/2017\/08\/Hordes-nuees10.jpg 2500w, https:\/\/danaepanchaud.net\/wp-content\/uploads\/2017\/08\/Hordes-nuees10-240x300.jpg 240w, https:\/\/danaepanchaud.net\/wp-content\/uploads\/2017\/08\/Hordes-nuees10-768x961.jpg 768w, https:\/\/danaepanchaud.net\/wp-content\/uploads\/2017\/08\/Hordes-nuees10-819x1024.jpg 819w, https:\/\/danaepanchaud.net\/wp-content\/uploads\/2017\/08\/Hordes-nuees10-1200x1501.jpg 1200w\" sizes=\"auto, (max-width: 2500px) 100vw, 2500px\" \/>\u00a0 <span style=\"color: #808080;\">Images: Myriam Ziehli and Chlo\u00e9 Cardinaux \u2013 CEPV<\/span><\/p>\n","protected":false},"excerpt":{"rendered":"<p>Curated with Myriam Ziehli 2014 CEPV \u2013 Festival Images, Vevey Hordes &amp; Nu\u00e9es [Hordes &amp; Swarms] is a visual essay about animality, bringing together in a narrative sequence 104 appropriated images from 56 photographers. It explores our relationship to animality in an exuberant visual assemblage where the postures, attitudes and gestures of men and animals [&hellip;]<\/p>\n","protected":false},"author":1,"featured_media":0,"parent":182,"menu_order":13,"comment_status":"closed","ping_status":"closed","template":"","meta":{"footnotes":""},"class_list":["post-29","page","type-page","status-publish","hentry"],"_links":{"self":[{"href":"https:\/\/danaepanchaud.net\/index.php\/wp-json\/wp\/v2\/pages\/29","targetHints":{"allow":["GET"]}}],"collection":[{"href":"https:\/\/danaepanchaud.net\/index.php\/wp-json\/wp\/v2\/pages"}],"about":[{"href":"https:\/\/danaepanchaud.net\/index.php\/wp-json\/wp\/v2\/types\/page"}],"author":[{"embeddable":true,"href":"https:\/\/danaepanchaud.net\/index.php\/wp-json\/wp\/v2\/users\/1"}],"replies":[{"embeddable":true,"href":"https:\/\/danaepanchaud.net\/index.php\/wp-json\/wp\/v2\/comments?post=29"}],"version-history":[{"count":5,"href":"https:\/\/danaepanchaud.net\/index.php\/wp-json\/wp\/v2\/pages\/29\/revisions"}],"predecessor-version":[{"id":67,"href":"https:\/\/danaepanchaud.net\/index.php\/wp-json\/wp\/v2\/pages\/29\/revisions\/67"}],"up":[{"embeddable":true,"href":"https:\/\/danaepanchaud.net\/index.php\/wp-json\/wp\/v2\/pages\/182"}],"wp:attachment":[{"href":"https:\/\/danaepanchaud.net\/index.php\/wp-json\/wp\/v2\/media?parent=29"}],"curies":[{"name":"wp","href":"https:\/\/api.w.org\/{rel}","templated":true}]}}