{"id":480,"date":"2019-08-19T16:42:13","date_gmt":"2019-08-19T14:42:13","guid":{"rendered":"https:\/\/danaepanchaud.net\/?page_id=480"},"modified":"2019-08-19T16:43:02","modified_gmt":"2019-08-19T14:43:02","slug":"hochwasser-sturm-orkan","status":"publish","type":"page","link":"https:\/\/danaepanchaud.net\/index.php\/exhibitions\/hochwasser-sturm-orkan\/","title":{"rendered":"Hochwasser, Sturm, Orkan,"},"content":{"rendered":"\n<figure class=\"wp-block-image\"><img loading=\"lazy\" decoding=\"async\" width=\"1024\" height=\"809\" src=\"https:\/\/danaepanchaud.net\/wp-content\/uploads\/2019\/08\/Photoforum-Pasquart-2019-Myriam-Ziehli-Hochwasser-Sturm-Orkan-02s-1024x809.jpg\" alt=\"\" class=\"wp-image-482\" srcset=\"https:\/\/danaepanchaud.net\/wp-content\/uploads\/2019\/08\/Photoforum-Pasquart-2019-Myriam-Ziehli-Hochwasser-Sturm-Orkan-02s-1024x809.jpg 1024w, https:\/\/danaepanchaud.net\/wp-content\/uploads\/2019\/08\/Photoforum-Pasquart-2019-Myriam-Ziehli-Hochwasser-Sturm-Orkan-02s-300x237.jpg 300w, https:\/\/danaepanchaud.net\/wp-content\/uploads\/2019\/08\/Photoforum-Pasquart-2019-Myriam-Ziehli-Hochwasser-Sturm-Orkan-02s-768x607.jpg 768w, https:\/\/danaepanchaud.net\/wp-content\/uploads\/2019\/08\/Photoforum-Pasquart-2019-Myriam-Ziehli-Hochwasser-Sturm-Orkan-02s.jpg 1200w\" sizes=\"auto, (max-width: 1024px) 100vw, 1024px\" \/><\/figure>\n\n\n\n<p><strong>2019, Photoforum Pasquart, Biel<\/strong><\/p>\n\n\n\n<p>Carte blanche to Myriam Ziehli on the occasion of the 2019 edition of the Biel\/Bienne Festival of Photography, entitled <em>Flood<\/em>, which takes as a starting point the recurring historical motifs of the deluge and the catastrophe.<\/p>\n\n\n\n<p>&#8220;This starts from a very simple intuition; that the conservation in  the zoological structure is reminiscent of two biblical parables: that  of Noah\u2019s Ark and before it, of Genesis. Indeed, the zoo represents a  closed conservation structure, and thus constitutes a form of ark. The  emergency of the apocalyptic situation in the parable evokes  contemporary ecological problems, in particular the worrying loss of  biodiversity characterised by the sixth mass extinction. Noah\u2019s  patriarchal and hierarchical authority on the animals he chose and  \u2018saved\u2019 recalls the Western insolence, on the one hand, in defining a  prioritisation in conservation actions and, on the other hand, in the  way animals are defined as representing their species within the  zoological park.&#8221; (Myriam Ziehli)<\/p>\n\n\n\n<p style=\"color:#8e8e8e\" class=\"has-text-color\">Carte blanche \u00e0 Myriam Ziehli, \u00e0 l&#8217;occasion de l&#8217;\u00e9dition 2019 des Journ\u00e9es photographiques, intitul\u00e9e <em>Flood<\/em>, prenant comme point de  d\u00e9part les motifs r\u00e9currents au cours de l\u2019histoire du d\u00e9luge et de la  catastrophe.<\/p>\n\n\n\n<p style=\"color:#8e8e8e\" class=\"has-text-color\">&#8220;Cela part d\u2019une intuition tr\u00e8s simple; la conservation dans la  structure zoologique n\u2019est pas sans rappeler deux paraboles bibliques: celle de l\u2019Arche de No\u00e9 et avant elle, la Gen\u00e8se. En effet, le parc zoologique repr\u00e9sente une structure ferm\u00e9e de conservation, constituant ainsi une forme d\u2019arche. L\u2019urgence de la situation apocalyptique dans la parabole \u00e9voque les probl\u00e8mes \u00e9cologiques contemporains avec notamment  l\u2019inqui\u00e9tante perte de biodiversit\u00e9 caract\u00e9ris\u00e9e par la sixi\u00e8me extinction de masse. L\u2019autorit\u00e9 patriarcale et hi\u00e9rarchique de No\u00e9 sur  les animaux qu\u2019il choisit et \u201aqu\u2019il sauve\u2019 rappelle l\u2019insolence  occidentale, d\u2019une part, d\u00e9finissant une priorisation des actions de  conservation et d\u2019autre part, la mani\u00e8re de d\u00e9finir les animaux comme  repr\u00e9sentant de leur esp\u00e8ce au sein du parc zoologique.&#8221; (Myriam Ziehli)<\/p>\n\n\n\n<figure class=\"wp-block-image\"><img loading=\"lazy\" decoding=\"async\" width=\"921\" height=\"1024\" src=\"https:\/\/danaepanchaud.net\/wp-content\/uploads\/2019\/08\/Photoforum-Pasquart-2019-Myriam-Ziehli-Hochwasser-Sturm-Orkan-01s-921x1024.jpg\" alt=\"\" class=\"wp-image-481\" srcset=\"https:\/\/danaepanchaud.net\/wp-content\/uploads\/2019\/08\/Photoforum-Pasquart-2019-Myriam-Ziehli-Hochwasser-Sturm-Orkan-01s-921x1024.jpg 921w, https:\/\/danaepanchaud.net\/wp-content\/uploads\/2019\/08\/Photoforum-Pasquart-2019-Myriam-Ziehli-Hochwasser-Sturm-Orkan-01s-270x300.jpg 270w, https:\/\/danaepanchaud.net\/wp-content\/uploads\/2019\/08\/Photoforum-Pasquart-2019-Myriam-Ziehli-Hochwasser-Sturm-Orkan-01s-768x854.jpg 768w, https:\/\/danaepanchaud.net\/wp-content\/uploads\/2019\/08\/Photoforum-Pasquart-2019-Myriam-Ziehli-Hochwasser-Sturm-Orkan-01s.jpg 1079w\" sizes=\"auto, (max-width: 921px) 100vw, 921px\" \/><\/figure>\n\n\n\n<figure class=\"wp-block-image\"><img loading=\"lazy\" decoding=\"async\" width=\"1024\" height=\"806\" src=\"https:\/\/danaepanchaud.net\/wp-content\/uploads\/2019\/08\/Photoforum-Pasquart-2019-Myriam-Ziehli-Hochwasser-Sturm-Orkan-04s-1024x806.jpg\" alt=\"\" class=\"wp-image-484\" srcset=\"https:\/\/danaepanchaud.net\/wp-content\/uploads\/2019\/08\/Photoforum-Pasquart-2019-Myriam-Ziehli-Hochwasser-Sturm-Orkan-04s-1024x806.jpg 1024w, https:\/\/danaepanchaud.net\/wp-content\/uploads\/2019\/08\/Photoforum-Pasquart-2019-Myriam-Ziehli-Hochwasser-Sturm-Orkan-04s-300x236.jpg 300w, https:\/\/danaepanchaud.net\/wp-content\/uploads\/2019\/08\/Photoforum-Pasquart-2019-Myriam-Ziehli-Hochwasser-Sturm-Orkan-04s-768x604.jpg 768w, https:\/\/danaepanchaud.net\/wp-content\/uploads\/2019\/08\/Photoforum-Pasquart-2019-Myriam-Ziehli-Hochwasser-Sturm-Orkan-04s.jpg 1200w\" sizes=\"auto, (max-width: 1024px) 100vw, 1024px\" \/><\/figure>\n\n\n\n<figure class=\"wp-block-image\"><img loading=\"lazy\" decoding=\"async\" width=\"1024\" height=\"703\" src=\"https:\/\/danaepanchaud.net\/wp-content\/uploads\/2019\/08\/Photoforum-Pasquart-2019-Myriam-Ziehli-Hochwasser-Sturm-Orkan-03s-1024x703.jpg\" alt=\"\" class=\"wp-image-483\" srcset=\"https:\/\/danaepanchaud.net\/wp-content\/uploads\/2019\/08\/Photoforum-Pasquart-2019-Myriam-Ziehli-Hochwasser-Sturm-Orkan-03s-1024x703.jpg 1024w, https:\/\/danaepanchaud.net\/wp-content\/uploads\/2019\/08\/Photoforum-Pasquart-2019-Myriam-Ziehli-Hochwasser-Sturm-Orkan-03s-300x206.jpg 300w, https:\/\/danaepanchaud.net\/wp-content\/uploads\/2019\/08\/Photoforum-Pasquart-2019-Myriam-Ziehli-Hochwasser-Sturm-Orkan-03s-768x527.jpg 768w, https:\/\/danaepanchaud.net\/wp-content\/uploads\/2019\/08\/Photoforum-Pasquart-2019-Myriam-Ziehli-Hochwasser-Sturm-Orkan-03s.jpg 1200w\" sizes=\"auto, (max-width: 1024px) 100vw, 1024px\" \/><\/figure>\n","protected":false},"excerpt":{"rendered":"<p>2019, Photoforum Pasquart, Biel Carte blanche to Myriam Ziehli on the occasion of the 2019 edition of the Biel\/Bienne Festival of Photography, entitled Flood, which takes as a starting point the recurring historical motifs of the deluge and the catastrophe. &#8220;This starts from a very simple intuition; that the conservation in the zoological structure is [&hellip;]<\/p>\n","protected":false},"author":1,"featured_media":0,"parent":182,"menu_order":3,"comment_status":"closed","ping_status":"closed","template":"","meta":{"footnotes":""},"class_list":["post-480","page","type-page","status-publish","hentry"],"_links":{"self":[{"href":"https:\/\/danaepanchaud.net\/index.php\/wp-json\/wp\/v2\/pages\/480","targetHints":{"allow":["GET"]}}],"collection":[{"href":"https:\/\/danaepanchaud.net\/index.php\/wp-json\/wp\/v2\/pages"}],"about":[{"href":"https:\/\/danaepanchaud.net\/index.php\/wp-json\/wp\/v2\/types\/page"}],"author":[{"embeddable":true,"href":"https:\/\/danaepanchaud.net\/index.php\/wp-json\/wp\/v2\/users\/1"}],"replies":[{"embeddable":true,"href":"https:\/\/danaepanchaud.net\/index.php\/wp-json\/wp\/v2\/comments?post=480"}],"version-history":[{"count":1,"href":"https:\/\/danaepanchaud.net\/index.php\/wp-json\/wp\/v2\/pages\/480\/revisions"}],"predecessor-version":[{"id":485,"href":"https:\/\/danaepanchaud.net\/index.php\/wp-json\/wp\/v2\/pages\/480\/revisions\/485"}],"up":[{"embeddable":true,"href":"https:\/\/danaepanchaud.net\/index.php\/wp-json\/wp\/v2\/pages\/182"}],"wp:attachment":[{"href":"https:\/\/danaepanchaud.net\/index.php\/wp-json\/wp\/v2\/media?parent=480"}],"curies":[{"name":"wp","href":"https:\/\/api.w.org\/{rel}","templated":true}]}}