{"id":611,"date":"2020-07-10T17:27:46","date_gmt":"2020-07-10T15:27:46","guid":{"rendered":"https:\/\/danaepanchaud.net\/?page_id=611"},"modified":"2020-10-19T21:39:35","modified_gmt":"2020-10-19T19:39:35","slug":"her-take-rethinking-masculinity","status":"publish","type":"page","link":"https:\/\/danaepanchaud.net\/index.php\/exhibitions\/her-take-rethinking-masculinity\/","title":{"rendered":"Her Take. Rethinking Masculinity"},"content":{"rendered":"\n<figure class=\"wp-block-image size-large\"><img loading=\"lazy\" decoding=\"async\" width=\"1024\" height=\"683\" src=\"https:\/\/danaepanchaud.net\/wp-content\/uploads\/2020\/07\/Photoforum-Pasquart-Her-Take-2020-2058-1024x683.jpg\" alt=\"\" class=\"wp-image-612\" srcset=\"https:\/\/danaepanchaud.net\/wp-content\/uploads\/2020\/07\/Photoforum-Pasquart-Her-Take-2020-2058-1024x683.jpg 1024w, https:\/\/danaepanchaud.net\/wp-content\/uploads\/2020\/07\/Photoforum-Pasquart-Her-Take-2020-2058-300x200.jpg 300w, https:\/\/danaepanchaud.net\/wp-content\/uploads\/2020\/07\/Photoforum-Pasquart-Her-Take-2020-2058-768x512.jpg 768w, https:\/\/danaepanchaud.net\/wp-content\/uploads\/2020\/07\/Photoforum-Pasquart-Her-Take-2020-2058.jpg 1200w\" sizes=\"auto, (max-width: 1024px) 100vw, 1024px\" \/><figcaption>Maggie Steber<\/figcaption><\/figure>\n\n\n\n<p><strong>2020 | Photoforum Pasquart, Biel<br>In collaboration with the NMB New Museum Biel and espace libre, Biel<\/strong><\/p>\n\n\n\n<p>This exhibition stems from the initiative of the seven female photographers of the photo agency VII. They each propose a visual reflection on contemporary masculinity and its media and artistic representations.<\/p>\n\n\n\n<p>Active in a professional field that remains predominantly male, photojournalism, the authors have taken this particular context as a starting point for developing a collective project, which they readily describe as a conversation. They explore, challenge and rethink images and archetypes traditionally associated with the masculine. Their projects are equally documentary and conceptual. They touch on masculine figures with limited public exposure, people who refuse the male\/female binary, or men whose representations are generally highly stereotyped. Alternatively, they rethink their own gender identity and revisit iconic works from art history.<\/p>\n\n\n\n<p>The exhibition included a performance by Nicola Genovese, a visual and performance artist whose works examines and deconstructs the codes and gestures of masculinity, and in particular of Italian masculinity.<\/p>\n\n\n\n<p><strong>With Anush Babajanyan, Linda Bournane Engelberth, Jessica Dimmock, Ilvy Njiokiktjien, Nichole Sobecki, Maggie Steber, Sara Terry &amp; Nicola Genovese.<\/strong><\/p>\n\n\n\n<p><span style=\"color:#8e8e8e\" class=\"has-inline-color\">Cette exposition est l\u2019initiative des sept femmes photographes de l\u2019agence photographique VII. Elles proposent chacune une r\u00e9flexion visuelle sur la masculinit\u00e9 contemporaine et ses repr\u00e9sentations m\u00e9diatiques et artistiques.<\/span><\/p>\n\n\n\n<p><span style=\"color:#8e8e8e\" class=\"has-inline-color\">Elles-m\u00eames issues d\u2019un milieu professionnel \u2014 le photojournalisme \u2014 encore tr\u00e8s largement masculin, les auteurs se sont saisies de ce contexte pour d\u00e9velopper ce projet collectif qu\u2019elles qualifient volontiers de conversation. Elles explorent, bousculent et repensent les images et arch\u00e9types traditionnellement associ\u00e9s au masculin. Leurs projets sont aussi bien documentaires que conceptuelles. Elles touchent \u00e0 des figures peu visibles de la masculinit\u00e9, \u00e0 des personnes refusant la binarit\u00e9 homme\/femme, ou \u00e0 des hommes dont les repr\u00e9sentations sont g\u00e9n\u00e9ralement fortement st\u00e9r\u00e9otyp\u00e9es. Ou encore, elles repensent leur propre identit\u00e9 de genre et revisitent des \u0153uvres iconiques de l\u2019histoire de l\u2019art.<\/span><\/p>\n\n\n\n<p><span style=\"color:#8e8e8e\" class=\"has-inline-color\">L\u2019exposition inclut \u00e9galement une performance de Nicola Genovese, artiste visuel et performatif qui travaille \u00e9galement sur les codes de la masculinit\u00e9, en particulier italienne.<\/span><\/p>\n\n\n\n<p><span style=\"color:#8e8e8e\" class=\"has-inline-color\"><strong>Avec Anush Babajanyan, Linda Bournane Engelberth, Jessica Dimmock, Ilvy Njiokiktjien, Nichole Sobecki, Maggie Steber, Sara Terry &amp; Nicola Genovese.<\/strong><\/span><\/p>\n\n\n\n<figure class=\"wp-block-image size-large\"><img loading=\"lazy\" decoding=\"async\" width=\"1024\" height=\"234\" src=\"https:\/\/danaepanchaud.net\/wp-content\/uploads\/2020\/07\/Photoforum-Pasquart-Her-Take-2020-01-1024x234.jpg\" alt=\"\" class=\"wp-image-614\" srcset=\"https:\/\/danaepanchaud.net\/wp-content\/uploads\/2020\/07\/Photoforum-Pasquart-Her-Take-2020-01-1024x234.jpg 1024w, https:\/\/danaepanchaud.net\/wp-content\/uploads\/2020\/07\/Photoforum-Pasquart-Her-Take-2020-01-300x69.jpg 300w, https:\/\/danaepanchaud.net\/wp-content\/uploads\/2020\/07\/Photoforum-Pasquart-Her-Take-2020-01-768x175.jpg 768w, https:\/\/danaepanchaud.net\/wp-content\/uploads\/2020\/07\/Photoforum-Pasquart-Her-Take-2020-01.jpg 1200w\" sizes=\"auto, (max-width: 1024px) 100vw, 1024px\" \/><figcaption>Linda Bournane Engelberth<\/figcaption><\/figure>\n\n\n\n<figure class=\"wp-block-image size-large\"><img loading=\"lazy\" decoding=\"async\" width=\"1024\" height=\"683\" src=\"https:\/\/danaepanchaud.net\/wp-content\/uploads\/2020\/07\/Photoforum-Pasquart-Her-Take-2020-2103-1024x683.jpg\" alt=\"\" class=\"wp-image-613\" srcset=\"https:\/\/danaepanchaud.net\/wp-content\/uploads\/2020\/07\/Photoforum-Pasquart-Her-Take-2020-2103-1024x683.jpg 1024w, https:\/\/danaepanchaud.net\/wp-content\/uploads\/2020\/07\/Photoforum-Pasquart-Her-Take-2020-2103-300x200.jpg 300w, https:\/\/danaepanchaud.net\/wp-content\/uploads\/2020\/07\/Photoforum-Pasquart-Her-Take-2020-2103-768x512.jpg 768w, https:\/\/danaepanchaud.net\/wp-content\/uploads\/2020\/07\/Photoforum-Pasquart-Her-Take-2020-2103.jpg 1200w\" sizes=\"auto, (max-width: 1024px) 100vw, 1024px\" \/><figcaption>Sara Terry<\/figcaption><\/figure>\n\n\n\n<figure class=\"wp-block-image size-large\"><img loading=\"lazy\" decoding=\"async\" width=\"1024\" height=\"683\" src=\"https:\/\/danaepanchaud.net\/wp-content\/uploads\/2020\/07\/Photoforum-Pasquart-Her-Take-2020-2068-1024x683.jpg\" alt=\"\" class=\"wp-image-615\" srcset=\"https:\/\/danaepanchaud.net\/wp-content\/uploads\/2020\/07\/Photoforum-Pasquart-Her-Take-2020-2068-1024x683.jpg 1024w, https:\/\/danaepanchaud.net\/wp-content\/uploads\/2020\/07\/Photoforum-Pasquart-Her-Take-2020-2068-300x200.jpg 300w, https:\/\/danaepanchaud.net\/wp-content\/uploads\/2020\/07\/Photoforum-Pasquart-Her-Take-2020-2068-768x512.jpg 768w, https:\/\/danaepanchaud.net\/wp-content\/uploads\/2020\/07\/Photoforum-Pasquart-Her-Take-2020-2068.jpg 1200w\" sizes=\"auto, (max-width: 1024px) 100vw, 1024px\" \/><figcaption>Jessica Dimmock<\/figcaption><\/figure>\n\n\n\n<figure class=\"wp-block-image size-large\"><img loading=\"lazy\" decoding=\"async\" width=\"1024\" height=\"683\" src=\"https:\/\/danaepanchaud.net\/wp-content\/uploads\/2020\/07\/Photoforum-Pasquart-Her-Take-2020-2080-1024x683.jpg\" alt=\"\" class=\"wp-image-616\" srcset=\"https:\/\/danaepanchaud.net\/wp-content\/uploads\/2020\/07\/Photoforum-Pasquart-Her-Take-2020-2080-1024x683.jpg 1024w, https:\/\/danaepanchaud.net\/wp-content\/uploads\/2020\/07\/Photoforum-Pasquart-Her-Take-2020-2080-300x200.jpg 300w, https:\/\/danaepanchaud.net\/wp-content\/uploads\/2020\/07\/Photoforum-Pasquart-Her-Take-2020-2080-768x512.jpg 768w, https:\/\/danaepanchaud.net\/wp-content\/uploads\/2020\/07\/Photoforum-Pasquart-Her-Take-2020-2080.jpg 1200w\" sizes=\"auto, (max-width: 1024px) 100vw, 1024px\" \/><figcaption>Anush Babajanyan<\/figcaption><\/figure>\n\n\n\n<figure class=\"wp-block-image size-large\"><img loading=\"lazy\" decoding=\"async\" width=\"1024\" height=\"683\" src=\"https:\/\/danaepanchaud.net\/wp-content\/uploads\/2020\/07\/Photoforum-Pasquart-Her-Take-2020-2125-1024x683.jpg\" alt=\"\" class=\"wp-image-618\" srcset=\"https:\/\/danaepanchaud.net\/wp-content\/uploads\/2020\/07\/Photoforum-Pasquart-Her-Take-2020-2125-1024x683.jpg 1024w, https:\/\/danaepanchaud.net\/wp-content\/uploads\/2020\/07\/Photoforum-Pasquart-Her-Take-2020-2125-300x200.jpg 300w, https:\/\/danaepanchaud.net\/wp-content\/uploads\/2020\/07\/Photoforum-Pasquart-Her-Take-2020-2125-768x512.jpg 768w, https:\/\/danaepanchaud.net\/wp-content\/uploads\/2020\/07\/Photoforum-Pasquart-Her-Take-2020-2125.jpg 1200w\" sizes=\"auto, (max-width: 1024px) 100vw, 1024px\" \/><figcaption>Ilvy Njiokiktjen<\/figcaption><\/figure>\n\n\n\n<figure class=\"wp-block-image size-large\"><img loading=\"lazy\" decoding=\"async\" width=\"1024\" height=\"683\" src=\"https:\/\/danaepanchaud.net\/wp-content\/uploads\/2020\/07\/Photoforum-Pasquart-Her-Take-2020-2115-1024x683.jpg\" alt=\"\" class=\"wp-image-617\" srcset=\"https:\/\/danaepanchaud.net\/wp-content\/uploads\/2020\/07\/Photoforum-Pasquart-Her-Take-2020-2115-1024x683.jpg 1024w, https:\/\/danaepanchaud.net\/wp-content\/uploads\/2020\/07\/Photoforum-Pasquart-Her-Take-2020-2115-300x200.jpg 300w, https:\/\/danaepanchaud.net\/wp-content\/uploads\/2020\/07\/Photoforum-Pasquart-Her-Take-2020-2115-768x512.jpg 768w, https:\/\/danaepanchaud.net\/wp-content\/uploads\/2020\/07\/Photoforum-Pasquart-Her-Take-2020-2115.jpg 1200w\" sizes=\"auto, (max-width: 1024px) 100vw, 1024px\" \/><figcaption>Nichole Sobecki<\/figcaption><\/figure>\n\n\n\n<figure class=\"wp-block-image size-large\"><img loading=\"lazy\" decoding=\"async\" width=\"1024\" height=\"683\" src=\"https:\/\/danaepanchaud.net\/wp-content\/uploads\/2020\/07\/Photoforum-Pasquart-Her-Take-2020-2154-1024x683.jpg\" alt=\"\" class=\"wp-image-619\" srcset=\"https:\/\/danaepanchaud.net\/wp-content\/uploads\/2020\/07\/Photoforum-Pasquart-Her-Take-2020-2154-1024x683.jpg 1024w, https:\/\/danaepanchaud.net\/wp-content\/uploads\/2020\/07\/Photoforum-Pasquart-Her-Take-2020-2154-300x200.jpg 300w, https:\/\/danaepanchaud.net\/wp-content\/uploads\/2020\/07\/Photoforum-Pasquart-Her-Take-2020-2154-768x512.jpg 768w, https:\/\/danaepanchaud.net\/wp-content\/uploads\/2020\/07\/Photoforum-Pasquart-Her-Take-2020-2154.jpg 1200w\" sizes=\"auto, (max-width: 1024px) 100vw, 1024px\" \/><figcaption>From the collection of the NMB New Museum Biel<\/figcaption><\/figure>\n\n\n\n<p>Exhibition views by L\u00e9onard Rossi<\/p>\n","protected":false},"excerpt":{"rendered":"<p>2020 | Photoforum Pasquart, BielIn collaboration with the NMB New Museum Biel and espace libre, Biel This exhibition stems from the initiative of the seven female photographers of the photo agency VII. They each propose a visual reflection on contemporary masculinity and its media and artistic representations. Active in a professional field that remains predominantly [&hellip;]<\/p>\n","protected":false},"author":1,"featured_media":0,"parent":182,"menu_order":0,"comment_status":"closed","ping_status":"closed","template":"","meta":{"footnotes":""},"class_list":["post-611","page","type-page","status-publish","hentry"],"_links":{"self":[{"href":"https:\/\/danaepanchaud.net\/index.php\/wp-json\/wp\/v2\/pages\/611","targetHints":{"allow":["GET"]}}],"collection":[{"href":"https:\/\/danaepanchaud.net\/index.php\/wp-json\/wp\/v2\/pages"}],"about":[{"href":"https:\/\/danaepanchaud.net\/index.php\/wp-json\/wp\/v2\/types\/page"}],"author":[{"embeddable":true,"href":"https:\/\/danaepanchaud.net\/index.php\/wp-json\/wp\/v2\/users\/1"}],"replies":[{"embeddable":true,"href":"https:\/\/danaepanchaud.net\/index.php\/wp-json\/wp\/v2\/comments?post=611"}],"version-history":[{"count":1,"href":"https:\/\/danaepanchaud.net\/index.php\/wp-json\/wp\/v2\/pages\/611\/revisions"}],"predecessor-version":[{"id":620,"href":"https:\/\/danaepanchaud.net\/index.php\/wp-json\/wp\/v2\/pages\/611\/revisions\/620"}],"up":[{"embeddable":true,"href":"https:\/\/danaepanchaud.net\/index.php\/wp-json\/wp\/v2\/pages\/182"}],"wp:attachment":[{"href":"https:\/\/danaepanchaud.net\/index.php\/wp-json\/wp\/v2\/media?parent=611"}],"curies":[{"name":"wp","href":"https:\/\/api.w.org\/{rel}","templated":true}]}}