{"id":647,"date":"2020-07-10T19:04:56","date_gmt":"2020-07-10T17:04:56","guid":{"rendered":"https:\/\/danaepanchaud.net\/?page_id=647"},"modified":"2020-11-18T10:45:03","modified_gmt":"2020-11-18T09:45:03","slug":"larpentage-photographique-dolga-cafiero","status":"publish","type":"page","link":"https:\/\/danaepanchaud.net\/index.php\/articles-and-essays\/larpentage-photographique-dolga-cafiero\/","title":{"rendered":"L&#8217;arpentage photographique d&#8217;Olga Cafiero"},"content":{"rendered":"\n<p><strong>2020 | <a href=\"https:\/\/www.scheidegger-spiess.ch\/index.php?lang=de&amp;page=books&amp;view=lc&amp;booktype=filter_5_title&amp;subject=1&amp;artist=all&amp;author=all&amp;pd=ss&amp;book=1177\">Scheidegger &amp; Spiess<\/a><\/strong><br>Awarded the <a href=\"https:\/\/deutscherfotobuchpreis.pageflow.io\/deutscherfotobuchpreis#272020\">Deutschen Fotobuchpreis 20|21<\/a> in the Bronze category<\/p>\n\n\n\n<p><strong>Essay for Olga Cafiero&#8217;s monography <em>Flora Neocomensis<\/em>, an inquiry into the flora of the Canton of Neuch\u00e2tel and the laureate project of the third Photographic Survey of the Canton of Neuch\u00e2tel.<\/strong><\/p>\n\n\n\n<p><\/p>\n\n\n\n<h4 class=\"wp-block-heading\">Excerpt<\/h4>\n\n\n\n<p>&#8220;Au fil des diff\u00e9rents chapitres de cette enqu\u00eate, Olga Cafiero multiplie les strat\u00e9gies visuelles et fa\u00e7onne des langages photographiques singuliers, qui n\u2019ont pas uniquement pour objectif de documenter et de t\u00e9moigner de la flore neuch\u00e2teloise au d\u00e9but du 21<sup>e<\/sup> si\u00e8cle. Si son projet est men\u00e9 avec une rigueur et des comp\u00e9tences scientifiques externes lui permettant de r\u00e9pondre \u00e0 une mission de documentation, ses enjeux d\u00e9passent largement celle-ci. En d\u00e9veloppant pour chaque section une m\u00e9thodologie de cr\u00e9ation d\u2019images mais aussi de production du savoir, elle noue des liens entre des traditions de constitution de la connaissance tr\u00e8s divergentes, pour en tirer un savoir particulier, individuellement articul\u00e9, qu\u2019elle nous restitue ici. Ses mani\u00e8res de construire ce savoir ne s\u2019inscrivent pas dans l\u2019une des m\u00e9thodes valid\u00e9es par des si\u00e8cles de traditions acad\u00e9miques. Les siennes reposent sur l\u2019exp\u00e9rience, la d\u00e9couverte, la cr\u00e9ation et la pens\u00e9e individuelles. Leur pertinence r\u00e9side dans leur capacit\u00e9 \u00e0 nous faire acc\u00e9der \u00e0 une vision et une connaissance du monde singuli\u00e8res et surprenantes, faisant la part belle aux tissages inattendus entre les imageries, les histoires, les disciplines et les \u00e9poques.&#8221;<\/p>\n\n\n\n<div class=\"wp-block-image\"><figure class=\"aligncenter size-large\"><img loading=\"lazy\" decoding=\"async\" width=\"588\" height=\"400\" src=\"https:\/\/danaepanchaud.net\/wp-content\/uploads\/2020\/09\/978-3-85881-683-2_Flora-Neocomensis_01.jpg\" alt=\"\" class=\"wp-image-715\" srcset=\"https:\/\/danaepanchaud.net\/wp-content\/uploads\/2020\/09\/978-3-85881-683-2_Flora-Neocomensis_01.jpg 588w, https:\/\/danaepanchaud.net\/wp-content\/uploads\/2020\/09\/978-3-85881-683-2_Flora-Neocomensis_01-300x204.jpg 300w\" sizes=\"auto, (max-width: 588px) 100vw, 588px\" \/><\/figure><\/div>\n\n\n\n<div class=\"wp-block-image\"><figure class=\"aligncenter size-large\"><img loading=\"lazy\" decoding=\"async\" width=\"588\" height=\"400\" src=\"https:\/\/danaepanchaud.net\/wp-content\/uploads\/2020\/09\/978-3-85881-683-2_Flora-Neocomensis_05.jpg\" alt=\"\" class=\"wp-image-716\" srcset=\"https:\/\/danaepanchaud.net\/wp-content\/uploads\/2020\/09\/978-3-85881-683-2_Flora-Neocomensis_05.jpg 588w, https:\/\/danaepanchaud.net\/wp-content\/uploads\/2020\/09\/978-3-85881-683-2_Flora-Neocomensis_05-300x204.jpg 300w\" sizes=\"auto, (max-width: 588px) 100vw, 588px\" \/><\/figure><\/div>\n\n\n\n<div class=\"wp-block-image\"><figure class=\"aligncenter size-large\"><img loading=\"lazy\" decoding=\"async\" width=\"588\" height=\"400\" src=\"https:\/\/danaepanchaud.net\/wp-content\/uploads\/2020\/09\/978-3-85881-683-2_Flora-Neocomensis_02.jpg\" alt=\"\" class=\"wp-image-717\" srcset=\"https:\/\/danaepanchaud.net\/wp-content\/uploads\/2020\/09\/978-3-85881-683-2_Flora-Neocomensis_02.jpg 588w, https:\/\/danaepanchaud.net\/wp-content\/uploads\/2020\/09\/978-3-85881-683-2_Flora-Neocomensis_02-300x204.jpg 300w\" sizes=\"auto, (max-width: 588px) 100vw, 588px\" \/><\/figure><\/div>\n\n\n\n<div class=\"wp-block-image\"><figure class=\"aligncenter size-large\"><img loading=\"lazy\" decoding=\"async\" width=\"588\" height=\"400\" src=\"https:\/\/danaepanchaud.net\/wp-content\/uploads\/2020\/09\/978-3-85881-683-2_Flora-Neocomensis_04.jpg\" alt=\"\" class=\"wp-image-718\" srcset=\"https:\/\/danaepanchaud.net\/wp-content\/uploads\/2020\/09\/978-3-85881-683-2_Flora-Neocomensis_04.jpg 588w, https:\/\/danaepanchaud.net\/wp-content\/uploads\/2020\/09\/978-3-85881-683-2_Flora-Neocomensis_04-300x204.jpg 300w\" sizes=\"auto, (max-width: 588px) 100vw, 588px\" \/><\/figure><\/div>\n\n\n\n<div class=\"wp-block-image\"><figure class=\"aligncenter size-large\"><img loading=\"lazy\" decoding=\"async\" width=\"588\" height=\"400\" src=\"https:\/\/danaepanchaud.net\/wp-content\/uploads\/2020\/09\/978-3-85881-683-2_Flora-Neocomensis_03.jpg\" alt=\"\" class=\"wp-image-719\" srcset=\"https:\/\/danaepanchaud.net\/wp-content\/uploads\/2020\/09\/978-3-85881-683-2_Flora-Neocomensis_03.jpg 588w, https:\/\/danaepanchaud.net\/wp-content\/uploads\/2020\/09\/978-3-85881-683-2_Flora-Neocomensis_03-300x204.jpg 300w\" sizes=\"auto, (max-width: 588px) 100vw, 588px\" \/><\/figure><\/div>\n","protected":false},"excerpt":{"rendered":"<p>2020 | Scheidegger &amp; SpiessAwarded the Deutschen Fotobuchpreis 20|21 in the Bronze category Essay for Olga Cafiero&#8217;s monography Flora Neocomensis, an inquiry into the flora of the Canton of Neuch\u00e2tel and the laureate project of the third Photographic Survey of the Canton of Neuch\u00e2tel. Excerpt &#8220;Au fil des diff\u00e9rents chapitres de cette enqu\u00eate, Olga Cafiero [&hellip;]<\/p>\n","protected":false},"author":1,"featured_media":0,"parent":622,"menu_order":0,"comment_status":"closed","ping_status":"closed","template":"","meta":{"footnotes":""},"class_list":["post-647","page","type-page","status-publish","hentry"],"_links":{"self":[{"href":"https:\/\/danaepanchaud.net\/index.php\/wp-json\/wp\/v2\/pages\/647","targetHints":{"allow":["GET"]}}],"collection":[{"href":"https:\/\/danaepanchaud.net\/index.php\/wp-json\/wp\/v2\/pages"}],"about":[{"href":"https:\/\/danaepanchaud.net\/index.php\/wp-json\/wp\/v2\/types\/page"}],"author":[{"embeddable":true,"href":"https:\/\/danaepanchaud.net\/index.php\/wp-json\/wp\/v2\/users\/1"}],"replies":[{"embeddable":true,"href":"https:\/\/danaepanchaud.net\/index.php\/wp-json\/wp\/v2\/comments?post=647"}],"version-history":[{"count":5,"href":"https:\/\/danaepanchaud.net\/index.php\/wp-json\/wp\/v2\/pages\/647\/revisions"}],"predecessor-version":[{"id":779,"href":"https:\/\/danaepanchaud.net\/index.php\/wp-json\/wp\/v2\/pages\/647\/revisions\/779"}],"up":[{"embeddable":true,"href":"https:\/\/danaepanchaud.net\/index.php\/wp-json\/wp\/v2\/pages\/622"}],"wp:attachment":[{"href":"https:\/\/danaepanchaud.net\/index.php\/wp-json\/wp\/v2\/media?parent=647"}],"curies":[{"name":"wp","href":"https:\/\/api.w.org\/{rel}","templated":true}]}}