{"id":670,"date":"2020-07-10T20:20:12","date_gmt":"2020-07-10T18:20:12","guid":{"rendered":"https:\/\/danaepanchaud.net\/?page_id=670"},"modified":"2020-11-18T10:38:48","modified_gmt":"2020-11-18T09:38:48","slug":"the-delicate-alchemy-between-odor-and-memory","status":"publish","type":"page","link":"https:\/\/danaepanchaud.net\/index.php\/articles-and-essays\/the-delicate-alchemy-between-odor-and-memory\/","title":{"rendered":"The Delicate Alchemy between Odor and Memory"},"content":{"rendered":"\n<figure class=\"wp-block-image size-large\"><img loading=\"lazy\" decoding=\"async\" width=\"1024\" height=\"683\" src=\"https:\/\/danaepanchaud.net\/wp-content\/uploads\/2020\/07\/Photoforum-Pasquart-Prix-Photoforum-2019-25-1-1024x683.jpg\" alt=\"\" class=\"wp-image-671\" srcset=\"https:\/\/danaepanchaud.net\/wp-content\/uploads\/2020\/07\/Photoforum-Pasquart-Prix-Photoforum-2019-25-1-1024x683.jpg 1024w, https:\/\/danaepanchaud.net\/wp-content\/uploads\/2020\/07\/Photoforum-Pasquart-Prix-Photoforum-2019-25-1-300x200.jpg 300w, https:\/\/danaepanchaud.net\/wp-content\/uploads\/2020\/07\/Photoforum-Pasquart-Prix-Photoforum-2019-25-1-768x512.jpg 768w, https:\/\/danaepanchaud.net\/wp-content\/uploads\/2020\/07\/Photoforum-Pasquart-Prix-Photoforum-2019-25-1.jpg 1200w\" sizes=\"auto, (max-width: 1024px) 100vw, 1024px\" \/><\/figure>\n\n\n\n<p><strong>2019 | <a href=\"https:\/\/christelleboule.com\/work\/through-glass\/\">Artist book, self-published by the artist<\/a><\/strong><br><strong>Short-listed for the Kassel Dummy Award 2020<\/strong><\/p>\n\n\n\n<p><strong>Essay for Christelle Boul\u00e9&#8217;s monography <em>Through Glass<\/em><\/strong><\/p>\n\n\n\n<h4 class=\"wp-block-heading\">Excerpts<\/h4>\n\n\n\n<p>&#8220;Si la photographie s\u2019est relativement peu aventur\u00e9e \u00e0 repr\u00e9senter directement les fragrances sous l\u2019angle de leur composition chimique \u2014 au contraire des repr\u00e9sentations all\u00e9goriques ou symboliques, ou encore de la photographie publicitaire, tr\u00e8s abondante \u2014 elle partage en revanche avec la parfumerie certaines approches et probl\u00e9matiques sur le plan conceptuel. La repr\u00e9sentation de la nature est de longue date un enjeu de ces deux domaines de cr\u00e9ation, impliquant des d\u00e9veloppements techniques constants pour perfectionner la reproduction d\u2019\u00e9l\u00e9ments naturels ou l\u2019enregistrement d\u2019un environnement r\u00e9el. Les notions de naturel, d\u2019imitation ou d\u2019artificialit\u00e9 sont des pr\u00e9occupations communes, avec des positionnements sur l\u2019ensemble du spectre pour les deux disciplines. [\u2026]<\/p>\n\n\n\n<p>Ce projet s\u2019affilie \u00e0 la riche tradition de la photographie exp\u00e9rimentale. En r\u00e9alisant des photogrammes, c\u2019est-\u00e0-dire des images par contact direct et sans cam\u00e9ra, son auteur c\u00e8de volontairement une partie de la ma\u00eetrise de la cr\u00e9ation de l\u2019image, au privil\u00e8ge de l\u2019\u00e9l\u00e9ment de surprise, et d\u2019une certaine autonomie du processus. Ce proc\u00e9d\u00e9 semi-contr\u00f4l\u00e9 fait \u00e9cho \u00e0 ses pr\u00e9c\u00e9dentes recherches de connexions inattendues entre le visuel et l\u2019olfactif. Il allude \u00e0 la part myst\u00e9rieuse de l\u2019odorat, dont de nombreux aspects demeurent inexplor\u00e9s ou inexpliqu\u00e9s en biologie, ainsi qu\u2019\u00e0 la dimension \u00e9motionnelle parfois insoup\u00e7onn\u00e9e du parfum, susceptible de faire revenir subitement en m\u00e9moire des \u00e9pisodes presque oubli\u00e9s. [\u2026]<\/p>\n\n\n\n<p>D\u2019une certaine mani\u00e8re, ces photogrammes \u00e9voquent la photographie spirite, o\u00f9 on l\u2019on tentait \u2014 de bonne foi ou par pure mystification \u2014 de convoquer quelque chose de l\u2019au-del\u00e0. Ils pr\u00e9sentent certains parall\u00e8les avec cette tradition photographique, ses processus d\u00e9licats et exp\u00e9rimentaux, et son aspiration \u00e0 relier l\u2019image avec des manifestations de l\u2019esprit, ou simplement un domaine non visuel \u2013 ici \u00e0 la fois la senteur, et les souvenirs et \u00e9motions qui leur sont attach\u00e9s.&#8221;<\/p>\n","protected":false},"excerpt":{"rendered":"<p>2019 | Artist book, self-published by the artistShort-listed for the Kassel Dummy Award 2020 Essay for Christelle Boul\u00e9&#8217;s monography Through Glass Excerpts &#8220;Si la photographie s\u2019est relativement peu aventur\u00e9e \u00e0 repr\u00e9senter directement les fragrances sous l\u2019angle de leur composition chimique \u2014 au contraire des repr\u00e9sentations all\u00e9goriques ou symboliques, ou encore de la photographie publicitaire, tr\u00e8s [&hellip;]<\/p>\n","protected":false},"author":1,"featured_media":0,"parent":622,"menu_order":0,"comment_status":"closed","ping_status":"closed","template":"","meta":{"footnotes":""},"class_list":["post-670","page","type-page","status-publish","hentry"],"_links":{"self":[{"href":"https:\/\/danaepanchaud.net\/index.php\/wp-json\/wp\/v2\/pages\/670","targetHints":{"allow":["GET"]}}],"collection":[{"href":"https:\/\/danaepanchaud.net\/index.php\/wp-json\/wp\/v2\/pages"}],"about":[{"href":"https:\/\/danaepanchaud.net\/index.php\/wp-json\/wp\/v2\/types\/page"}],"author":[{"embeddable":true,"href":"https:\/\/danaepanchaud.net\/index.php\/wp-json\/wp\/v2\/users\/1"}],"replies":[{"embeddable":true,"href":"https:\/\/danaepanchaud.net\/index.php\/wp-json\/wp\/v2\/comments?post=670"}],"version-history":[{"count":3,"href":"https:\/\/danaepanchaud.net\/index.php\/wp-json\/wp\/v2\/pages\/670\/revisions"}],"predecessor-version":[{"id":777,"href":"https:\/\/danaepanchaud.net\/index.php\/wp-json\/wp\/v2\/pages\/670\/revisions\/777"}],"up":[{"embeddable":true,"href":"https:\/\/danaepanchaud.net\/index.php\/wp-json\/wp\/v2\/pages\/622"}],"wp:attachment":[{"href":"https:\/\/danaepanchaud.net\/index.php\/wp-json\/wp\/v2\/media?parent=670"}],"curies":[{"name":"wp","href":"https:\/\/api.w.org\/{rel}","templated":true}]}}