{"id":78,"date":"2017-08-15T17:59:44","date_gmt":"2017-08-15T15:59:44","guid":{"rendered":"http:\/\/danaepanchaud.net\/?page_id=78"},"modified":"2017-08-19T16:21:19","modified_gmt":"2017-08-19T14:21:19","slug":"a-house-for-ed","status":"publish","type":"page","link":"https:\/\/danaepanchaud.net\/index.php\/exhibitions\/a-house-for-ed\/","title":{"rendered":"A House for E.D"},"content":{"rendered":"<p><img loading=\"lazy\" decoding=\"async\" class=\"aligncenter wp-image-87 size-full\" src=\"http:\/\/danaepanchaud.net\/wp-content\/uploads\/2017\/08\/08_AHouseForED_2158_10x15.jpg\" alt=\"View of the exhibition A House for E.D.\" width=\"1772\" height=\"1181\" srcset=\"https:\/\/danaepanchaud.net\/wp-content\/uploads\/2017\/08\/08_AHouseForED_2158_10x15.jpg 1772w, https:\/\/danaepanchaud.net\/wp-content\/uploads\/2017\/08\/08_AHouseForED_2158_10x15-300x200.jpg 300w, https:\/\/danaepanchaud.net\/wp-content\/uploads\/2017\/08\/08_AHouseForED_2158_10x15-768x512.jpg 768w, https:\/\/danaepanchaud.net\/wp-content\/uploads\/2017\/08\/08_AHouseForED_2158_10x15-1024x682.jpg 1024w, https:\/\/danaepanchaud.net\/wp-content\/uploads\/2017\/08\/08_AHouseForED_2158_10x15-1200x800.jpg 1200w\" sizes=\"auto, (max-width: 1772px) 100vw, 1772px\" \/><\/p>\n<p><strong>Assistant curator. Main curator Marco Costantini<\/strong><\/p>\n<p><strong>2014<\/strong><br \/>\n<strong> Le Commun, B\u00e2timent d\u2019Art Contemporain, Geneva<\/strong><\/p>\n<p>An exhibition and book symbolically reconstructing the Amherst house where Emily Dickinson lived, shut away from the world with commissioned works by seven photographers and artists.<\/p>\n<p><span style=\"color: #808080;\"><em>A House For E. D.<\/em> souhaite reconstituer sous une forme symbolique la maison d\u2019Amherst qu\u2019Emily Dickinson, figure incontournable de la po\u00e9sie am\u00e9ricaine du 19e si\u00e8cle, a habit\u00e9e et avec laquelle elle ne faisait litt\u00e9ralement plus qu\u2019un.<\/span><\/p>\n<p>With Tonatiuh Ambrosetti, Nicolas Delaroche, Daniela Droz, David Gagnebin-de Bons, Florian Graf, Roberto Greco, Shannon Guerrico<\/p>\n<p><img loading=\"lazy\" decoding=\"async\" class=\"aligncenter wp-image-79 size-full\" src=\"http:\/\/danaepanchaud.net\/wp-content\/uploads\/2017\/08\/01_AHouseForED_2112_10x15.jpg\" alt=\"View of the exhibition A House for E.D.\" width=\"1772\" height=\"1181\" srcset=\"https:\/\/danaepanchaud.net\/wp-content\/uploads\/2017\/08\/01_AHouseForED_2112_10x15.jpg 1772w, https:\/\/danaepanchaud.net\/wp-content\/uploads\/2017\/08\/01_AHouseForED_2112_10x15-300x200.jpg 300w, https:\/\/danaepanchaud.net\/wp-content\/uploads\/2017\/08\/01_AHouseForED_2112_10x15-768x512.jpg 768w, https:\/\/danaepanchaud.net\/wp-content\/uploads\/2017\/08\/01_AHouseForED_2112_10x15-1024x682.jpg 1024w, https:\/\/danaepanchaud.net\/wp-content\/uploads\/2017\/08\/01_AHouseForED_2112_10x15-1200x800.jpg 1200w\" sizes=\"auto, (max-width: 1772px) 100vw, 1772px\" \/><img loading=\"lazy\" decoding=\"async\" class=\"aligncenter wp-image-82 size-full\" src=\"http:\/\/danaepanchaud.net\/wp-content\/uploads\/2017\/08\/04_AHouseForED_2133_10x15.jpg\" alt=\"View of the exhibition A House for E.D.\" width=\"1772\" height=\"1181\" srcset=\"https:\/\/danaepanchaud.net\/wp-content\/uploads\/2017\/08\/04_AHouseForED_2133_10x15.jpg 1772w, https:\/\/danaepanchaud.net\/wp-content\/uploads\/2017\/08\/04_AHouseForED_2133_10x15-300x200.jpg 300w, https:\/\/danaepanchaud.net\/wp-content\/uploads\/2017\/08\/04_AHouseForED_2133_10x15-768x512.jpg 768w, https:\/\/danaepanchaud.net\/wp-content\/uploads\/2017\/08\/04_AHouseForED_2133_10x15-1024x682.jpg 1024w, https:\/\/danaepanchaud.net\/wp-content\/uploads\/2017\/08\/04_AHouseForED_2133_10x15-1200x800.jpg 1200w\" sizes=\"auto, (max-width: 1772px) 100vw, 1772px\" \/><img loading=\"lazy\" decoding=\"async\" class=\"aligncenter wp-image-81 size-full\" src=\"http:\/\/danaepanchaud.net\/wp-content\/uploads\/2017\/08\/03_AHouseForED_2129_10x15.jpg\" alt=\"View of the exhibition A House for E.D.\" width=\"1771\" height=\"1181\" srcset=\"https:\/\/danaepanchaud.net\/wp-content\/uploads\/2017\/08\/03_AHouseForED_2129_10x15.jpg 1771w, https:\/\/danaepanchaud.net\/wp-content\/uploads\/2017\/08\/03_AHouseForED_2129_10x15-300x200.jpg 300w, https:\/\/danaepanchaud.net\/wp-content\/uploads\/2017\/08\/03_AHouseForED_2129_10x15-768x512.jpg 768w, https:\/\/danaepanchaud.net\/wp-content\/uploads\/2017\/08\/03_AHouseForED_2129_10x15-1024x683.jpg 1024w, https:\/\/danaepanchaud.net\/wp-content\/uploads\/2017\/08\/03_AHouseForED_2129_10x15-1200x800.jpg 1200w\" sizes=\"auto, (max-width: 1771px) 100vw, 1771px\" \/><img loading=\"lazy\" decoding=\"async\" class=\"aligncenter wp-image-88 size-full\" src=\"http:\/\/danaepanchaud.net\/wp-content\/uploads\/2017\/08\/09_AHouseForED_2165_10x15.jpg\" alt=\"View of the exhibition A House for E.D.\" width=\"1772\" height=\"1181\" srcset=\"https:\/\/danaepanchaud.net\/wp-content\/uploads\/2017\/08\/09_AHouseForED_2165_10x15.jpg 1772w, https:\/\/danaepanchaud.net\/wp-content\/uploads\/2017\/08\/09_AHouseForED_2165_10x15-300x200.jpg 300w, https:\/\/danaepanchaud.net\/wp-content\/uploads\/2017\/08\/09_AHouseForED_2165_10x15-768x512.jpg 768w, https:\/\/danaepanchaud.net\/wp-content\/uploads\/2017\/08\/09_AHouseForED_2165_10x15-1024x682.jpg 1024w, https:\/\/danaepanchaud.net\/wp-content\/uploads\/2017\/08\/09_AHouseForED_2165_10x15-1200x800.jpg 1200w\" sizes=\"auto, (max-width: 1772px) 100vw, 1772px\" \/><img loading=\"lazy\" decoding=\"async\" class=\"aligncenter wp-image-83 size-full\" src=\"http:\/\/danaepanchaud.net\/wp-content\/uploads\/2017\/08\/04_AHouseForED_2188_10x15.jpg\" alt=\"View of the exhibition A House for E.D.\" width=\"1772\" height=\"1179\" srcset=\"https:\/\/danaepanchaud.net\/wp-content\/uploads\/2017\/08\/04_AHouseForED_2188_10x15.jpg 1772w, https:\/\/danaepanchaud.net\/wp-content\/uploads\/2017\/08\/04_AHouseForED_2188_10x15-300x200.jpg 300w, https:\/\/danaepanchaud.net\/wp-content\/uploads\/2017\/08\/04_AHouseForED_2188_10x15-768x511.jpg 768w, https:\/\/danaepanchaud.net\/wp-content\/uploads\/2017\/08\/04_AHouseForED_2188_10x15-1024x681.jpg 1024w, https:\/\/danaepanchaud.net\/wp-content\/uploads\/2017\/08\/04_AHouseForED_2188_10x15-1200x798.jpg 1200w\" sizes=\"auto, (max-width: 1772px) 100vw, 1772px\" \/><img loading=\"lazy\" decoding=\"async\" class=\"aligncenter wp-image-90 size-full\" src=\"http:\/\/danaepanchaud.net\/wp-content\/uploads\/2017\/08\/11_AHouseForED_2192_10x15.jpg\" alt=\"View of the exhibition A House for E.D.\" width=\"1772\" height=\"1181\" srcset=\"https:\/\/danaepanchaud.net\/wp-content\/uploads\/2017\/08\/11_AHouseForED_2192_10x15.jpg 1772w, https:\/\/danaepanchaud.net\/wp-content\/uploads\/2017\/08\/11_AHouseForED_2192_10x15-300x200.jpg 300w, https:\/\/danaepanchaud.net\/wp-content\/uploads\/2017\/08\/11_AHouseForED_2192_10x15-768x512.jpg 768w, https:\/\/danaepanchaud.net\/wp-content\/uploads\/2017\/08\/11_AHouseForED_2192_10x15-1024x682.jpg 1024w, https:\/\/danaepanchaud.net\/wp-content\/uploads\/2017\/08\/11_AHouseForED_2192_10x15-1200x800.jpg 1200w\" sizes=\"auto, (max-width: 1772px) 100vw, 1772px\" \/> <img loading=\"lazy\" decoding=\"async\" class=\"aligncenter wp-image-89 size-full\" src=\"http:\/\/danaepanchaud.net\/wp-content\/uploads\/2017\/08\/10_AHouseForED_2179_10x15.jpg\" alt=\"View of the exhibition A House for E.D.\" width=\"1772\" height=\"1183\" srcset=\"https:\/\/danaepanchaud.net\/wp-content\/uploads\/2017\/08\/10_AHouseForED_2179_10x15.jpg 1772w, https:\/\/danaepanchaud.net\/wp-content\/uploads\/2017\/08\/10_AHouseForED_2179_10x15-300x200.jpg 300w, https:\/\/danaepanchaud.net\/wp-content\/uploads\/2017\/08\/10_AHouseForED_2179_10x15-768x513.jpg 768w, https:\/\/danaepanchaud.net\/wp-content\/uploads\/2017\/08\/10_AHouseForED_2179_10x15-1024x684.jpg 1024w, https:\/\/danaepanchaud.net\/wp-content\/uploads\/2017\/08\/10_AHouseForED_2179_10x15-1200x801.jpg 1200w\" sizes=\"auto, (max-width: 1772px) 100vw, 1772px\" \/>\u00a0 <img loading=\"lazy\" decoding=\"async\" class=\"aligncenter wp-image-85 size-full\" src=\"http:\/\/danaepanchaud.net\/wp-content\/uploads\/2017\/08\/06_AHouseForED_2155_10x15.jpg\" alt=\"View of the exhibition A House for E.D.\" width=\"1772\" height=\"1181\" srcset=\"https:\/\/danaepanchaud.net\/wp-content\/uploads\/2017\/08\/06_AHouseForED_2155_10x15.jpg 1772w, https:\/\/danaepanchaud.net\/wp-content\/uploads\/2017\/08\/06_AHouseForED_2155_10x15-300x200.jpg 300w, https:\/\/danaepanchaud.net\/wp-content\/uploads\/2017\/08\/06_AHouseForED_2155_10x15-768x512.jpg 768w, https:\/\/danaepanchaud.net\/wp-content\/uploads\/2017\/08\/06_AHouseForED_2155_10x15-1024x682.jpg 1024w, https:\/\/danaepanchaud.net\/wp-content\/uploads\/2017\/08\/06_AHouseForED_2155_10x15-1200x800.jpg 1200w\" sizes=\"auto, (max-width: 1772px) 100vw, 1772px\" \/><\/p>\n","protected":false},"excerpt":{"rendered":"<p>Assistant curator. Main curator Marco Costantini 2014 Le Commun, B\u00e2timent d\u2019Art Contemporain, Geneva An exhibition and book symbolically reconstructing the Amherst house where Emily Dickinson lived, shut away from the world with commissioned works by seven photographers and artists. A House For E. D. souhaite reconstituer sous une forme symbolique la maison d\u2019Amherst qu\u2019Emily Dickinson, [&hellip;]<\/p>\n","protected":false},"author":1,"featured_media":0,"parent":182,"menu_order":16,"comment_status":"closed","ping_status":"closed","template":"","meta":{"footnotes":""},"class_list":["post-78","page","type-page","status-publish","hentry"],"_links":{"self":[{"href":"https:\/\/danaepanchaud.net\/index.php\/wp-json\/wp\/v2\/pages\/78","targetHints":{"allow":["GET"]}}],"collection":[{"href":"https:\/\/danaepanchaud.net\/index.php\/wp-json\/wp\/v2\/pages"}],"about":[{"href":"https:\/\/danaepanchaud.net\/index.php\/wp-json\/wp\/v2\/types\/page"}],"author":[{"embeddable":true,"href":"https:\/\/danaepanchaud.net\/index.php\/wp-json\/wp\/v2\/users\/1"}],"replies":[{"embeddable":true,"href":"https:\/\/danaepanchaud.net\/index.php\/wp-json\/wp\/v2\/comments?post=78"}],"version-history":[{"count":1,"href":"https:\/\/danaepanchaud.net\/index.php\/wp-json\/wp\/v2\/pages\/78\/revisions"}],"predecessor-version":[{"id":91,"href":"https:\/\/danaepanchaud.net\/index.php\/wp-json\/wp\/v2\/pages\/78\/revisions\/91"}],"up":[{"embeddable":true,"href":"https:\/\/danaepanchaud.net\/index.php\/wp-json\/wp\/v2\/pages\/182"}],"wp:attachment":[{"href":"https:\/\/danaepanchaud.net\/index.php\/wp-json\/wp\/v2\/media?parent=78"}],"curies":[{"name":"wp","href":"https:\/\/api.w.org\/{rel}","templated":true}]}}