{"id":92,"date":"2017-08-15T18:35:04","date_gmt":"2017-08-15T16:35:04","guid":{"rendered":"http:\/\/danaepanchaud.net\/?page_id=92"},"modified":"2023-05-21T20:29:02","modified_gmt":"2023-05-21T18:29:02","slug":"blow-flies","status":"publish","type":"page","link":"https:\/\/danaepanchaud.net\/index.php\/exhibitions\/blow-flies\/","title":{"rendered":"Blow Flies"},"content":{"rendered":"\n<div class=\"page\" title=\"Page 18\">\n<div class=\"layoutArea\">\n<div class=\"column\">\n<\/div><\/div><\/div>\n\n\n\n<figure class=\"wp-block-image wp-image-97 size-full\"><img loading=\"lazy\" decoding=\"async\" width=\"2500\" height=\"1667\" src=\"http:\/\/danaepanchaud.net\/wp-content\/uploads\/2017\/08\/BlowFlies_9125.jpg\" alt=\"View of the exhibition Blow Flies\" class=\"wp-image-97\" srcset=\"https:\/\/danaepanchaud.net\/wp-content\/uploads\/2017\/08\/BlowFlies_9125.jpg 2500w, https:\/\/danaepanchaud.net\/wp-content\/uploads\/2017\/08\/BlowFlies_9125-300x200.jpg 300w, https:\/\/danaepanchaud.net\/wp-content\/uploads\/2017\/08\/BlowFlies_9125-768x512.jpg 768w, https:\/\/danaepanchaud.net\/wp-content\/uploads\/2017\/08\/BlowFlies_9125-1024x683.jpg 1024w, https:\/\/danaepanchaud.net\/wp-content\/uploads\/2017\/08\/BlowFlies_9125-1200x800.jpg 1200w\" sizes=\"auto, (max-width: 2500px) 100vw, 2500px\" \/><\/figure>\n\n\n\n<p><strong>Curated with Brigitte Lustenberger and Nadine Wietlisbach<\/strong><\/p>\n\n\n\n<p><strong>2014<\/strong><br><strong> Photoforum Pasquart, Biel<\/strong><\/p>\n\n\n\n<p>An essay on contemporary still life in art and photography, <em>Blow Flies<\/em> brings together contemporary takes on the traditional genre of still life, with ve works commissioned specially for the exhibition, alongside a selection of existing works. Decay, ruins and their accompanying processes constitute the main issues tackled by the artists, as well as the appeal of the invisible or the repressed.<\/p>\n\n\n\n<div class=\"page\" title=\"Page 18\">\n<div class=\"layoutArea\">\n<div class=\"column\">\n<p><span style=\"color: #808080;\"><em>Blow Flies<\/em> rassemble des positions artistiques contemporaines abordant sous diff\u00e9rents aspects le genre classique de la nature morte. Il ne s\u2019agit pas seulement d\u2019examiner comment cette cat\u00e9gorie sp\u00e9cifique de l\u2019histoire de l\u2019art se refl\u00e8te actuellement dans le m\u00e9dium de la photographie, mais de proposer une perspective \u00e9tendue et \u00e0 travers des interventions sculpturales, filmiques ou \u00e9ph\u00e9m\u00e8res conc\u0327ues pour les espaces du PhotoforumPasquArt. La d\u00e9gradation, la ruine ainsi que les processus qui leur sont attach\u00e9s constituent ainsi le the\u0300me dominant des oeuvres s\u00e9lectionn\u00e9es ou produites pour l\u2019exposition. L\u2019attrait provoqu\u00e9 par ce qui rel\u00e8ve de l\u2019invisible ou du refoul\u00e9 est \u00e9galement explor\u00e9, d\u00e9voilant des rapports ambivalents au vivant et une tension entre nature et artificialit\u00e9.<\/span><\/p>\n<\/div>\n<\/div>\n<\/div>\n\n\n\n<div class=\"page\" title=\"Page 18\">\n<div class=\"layoutArea\">\n<div class=\"column\">\n<p>With Emile Barret, Vanessa Billy, Saskia Edens, David Gagnebin-de Bons, Christian Gonzenbach, huber.huber, Virginie Otth<\/p>\n<\/div><\/div><\/div>\n\n\n\n<figure class=\"wp-block-image aligncenter wp-image-94 size-full\"><img loading=\"lazy\" decoding=\"async\" width=\"1687\" height=\"1566\" src=\"http:\/\/danaepanchaud.net\/wp-content\/uploads\/2017\/08\/BlowFlies_9110b.jpg\" alt=\"View of the exhibition Blow Flies\" class=\"wp-image-94\" srcset=\"https:\/\/danaepanchaud.net\/wp-content\/uploads\/2017\/08\/BlowFlies_9110b.jpg 1687w, https:\/\/danaepanchaud.net\/wp-content\/uploads\/2017\/08\/BlowFlies_9110b-300x278.jpg 300w, https:\/\/danaepanchaud.net\/wp-content\/uploads\/2017\/08\/BlowFlies_9110b-768x713.jpg 768w, https:\/\/danaepanchaud.net\/wp-content\/uploads\/2017\/08\/BlowFlies_9110b-1024x951.jpg 1024w, https:\/\/danaepanchaud.net\/wp-content\/uploads\/2017\/08\/BlowFlies_9110b-1200x1114.jpg 1200w\" sizes=\"auto, (max-width: 1687px) 100vw, 1687px\" \/><figcaption class=\"wp-element-caption\">Saskia Edens<\/figcaption><\/figure>\n\n\n\n<figure class=\"wp-block-image aligncenter wp-image-93 size-full\"><img loading=\"lazy\" decoding=\"async\" width=\"2500\" height=\"1702\" src=\"http:\/\/danaepanchaud.net\/wp-content\/uploads\/2017\/08\/BlowFlies_9088b.jpg\" alt=\"View of the exhibition Blow Flies\" class=\"wp-image-93\" srcset=\"https:\/\/danaepanchaud.net\/wp-content\/uploads\/2017\/08\/BlowFlies_9088b.jpg 2500w, https:\/\/danaepanchaud.net\/wp-content\/uploads\/2017\/08\/BlowFlies_9088b-300x204.jpg 300w, https:\/\/danaepanchaud.net\/wp-content\/uploads\/2017\/08\/BlowFlies_9088b-768x523.jpg 768w, https:\/\/danaepanchaud.net\/wp-content\/uploads\/2017\/08\/BlowFlies_9088b-1024x697.jpg 1024w, https:\/\/danaepanchaud.net\/wp-content\/uploads\/2017\/08\/BlowFlies_9088b-1200x817.jpg 1200w\" sizes=\"auto, (max-width: 2500px) 100vw, 2500px\" \/><figcaption class=\"wp-element-caption\">Vanessa Billy<\/figcaption><\/figure>\n\n\n\n<figure class=\"wp-block-image aligncenter wp-image-98 size-full\"><img decoding=\"async\" src=\"http:\/\/danaepanchaud.net\/wp-content\/uploads\/2017\/08\/BlowFlies_9130.jpg\" alt=\"View of the exhibition Blow Flies\" class=\"wp-image-95\"\/><figcaption class=\"wp-element-caption\">Christian Gonzenbach&nbsp;<img loading=\"lazy\" decoding=\"async\" class=\"aligncenter wp-image-96 size-full\" src=\"http:\/\/danaepanchaud.net\/wp-content\/uploads\/2017\/08\/BlowFlies_9123.jpg\" alt=\"View of the exhibition Blow Flies\" width=\"2500\" height=\"1666\" srcset=\"https:\/\/danaepanchaud.net\/wp-content\/uploads\/2017\/08\/BlowFlies_9123.jpg 2500w, https:\/\/danaepanchaud.net\/wp-content\/uploads\/2017\/08\/BlowFlies_9123-300x200.jpg 300w, https:\/\/danaepanchaud.net\/wp-content\/uploads\/2017\/08\/BlowFlies_9123-768x512.jpg 768w, https:\/\/danaepanchaud.net\/wp-content\/uploads\/2017\/08\/BlowFlies_9123-1024x682.jpg 1024w, https:\/\/danaepanchaud.net\/wp-content\/uploads\/2017\/08\/BlowFlies_9123-1200x800.jpg 1200w\" sizes=\"auto, (max-width: 2500px) 100vw, 2500px\" \/><img loading=\"lazy\" decoding=\"async\" class=\"aligncenter wp-image-100 size-full\" src=\"http:\/\/danaepanchaud.net\/wp-content\/uploads\/2017\/08\/BlowFlies_9140.jpg\" alt=\"View of the exhibition Blow Flies\" width=\"2500\" height=\"1666\" srcset=\"https:\/\/danaepanchaud.net\/wp-content\/uploads\/2017\/08\/BlowFlies_9140.jpg 2500w, https:\/\/danaepanchaud.net\/wp-content\/uploads\/2017\/08\/BlowFlies_9140-300x200.jpg 300w, https:\/\/danaepanchaud.net\/wp-content\/uploads\/2017\/08\/BlowFlies_9140-768x512.jpg 768w, https:\/\/danaepanchaud.net\/wp-content\/uploads\/2017\/08\/BlowFlies_9140-1024x682.jpg 1024w, https:\/\/danaepanchaud.net\/wp-content\/uploads\/2017\/08\/BlowFlies_9140-1200x800.jpg 1200w\" sizes=\"auto, (max-width: 2500px) 100vw, 2500px\" \/><img loading=\"lazy\" decoding=\"async\" class=\"aligncenter wp-image-99 size-full\" src=\"http:\/\/danaepanchaud.net\/wp-content\/uploads\/2017\/08\/BlowFlies_9139.jpg\" alt=\"View of the exhibition Blow Flies\" width=\"2500\" height=\"1666\" srcset=\"https:\/\/danaepanchaud.net\/wp-content\/uploads\/2017\/08\/BlowFlies_9139.jpg 2500w, https:\/\/danaepanchaud.net\/wp-content\/uploads\/2017\/08\/BlowFlies_9139-300x200.jpg 300w, https:\/\/danaepanchaud.net\/wp-content\/uploads\/2017\/08\/BlowFlies_9139-768x512.jpg 768w, https:\/\/danaepanchaud.net\/wp-content\/uploads\/2017\/08\/BlowFlies_9139-1024x682.jpg 1024w, https:\/\/danaepanchaud.net\/wp-content\/uploads\/2017\/08\/BlowFlies_9139-1200x800.jpg 1200w\" sizes=\"auto, (max-width: 2500px) 100vw, 2500px\" \/> <img loading=\"lazy\" decoding=\"async\" class=\"aligncenter wp-image-101 size-full\" src=\"http:\/\/danaepanchaud.net\/wp-content\/uploads\/2017\/08\/BlowFlies_9160.jpg\" alt=\"View of the exhibition Blow Flies\" width=\"2500\" height=\"1667\" srcset=\"https:\/\/danaepanchaud.net\/wp-content\/uploads\/2017\/08\/BlowFlies_9160.jpg 2500w, https:\/\/danaepanchaud.net\/wp-content\/uploads\/2017\/08\/BlowFlies_9160-300x200.jpg 300w, https:\/\/danaepanchaud.net\/wp-content\/uploads\/2017\/08\/BlowFlies_9160-768x512.jpg 768w, https:\/\/danaepanchaud.net\/wp-content\/uploads\/2017\/08\/BlowFlies_9160-1024x683.jpg 1024w, https:\/\/danaepanchaud.net\/wp-content\/uploads\/2017\/08\/BlowFlies_9160-1200x800.jpg 1200w\" sizes=\"auto, (max-width: 2500px) 100vw, 2500px\" \/><img loading=\"lazy\" decoding=\"async\" class=\"aligncenter wp-image-102 size-full\" src=\"http:\/\/danaepanchaud.net\/wp-content\/uploads\/2017\/08\/BlowFlies_9170.jpg\" alt=\"View of the exhibition Blow Flies\" width=\"2500\" height=\"1667\" srcset=\"https:\/\/danaepanchaud.net\/wp-content\/uploads\/2017\/08\/BlowFlies_9170.jpg 2500w, https:\/\/danaepanchaud.net\/wp-content\/uploads\/2017\/08\/BlowFlies_9170-300x200.jpg 300w, https:\/\/danaepanchaud.net\/wp-content\/uploads\/2017\/08\/BlowFlies_9170-768x512.jpg 768w, https:\/\/danaepanchaud.net\/wp-content\/uploads\/2017\/08\/BlowFlies_9170-1024x683.jpg 1024w, https:\/\/danaepanchaud.net\/wp-content\/uploads\/2017\/08\/BlowFlies_9170-1200x800.jpg 1200w\" sizes=\"auto, (max-width: 2500px) 100vw, 2500px\" \/><img loading=\"lazy\" decoding=\"async\" class=\"aligncenter wp-image-95 size-full\" src=\"http:\/\/danaepanchaud.net\/wp-content\/uploads\/2017\/08\/BlowFlies_9119.jpg\" alt=\"View of the exhibition Blow Flies\" width=\"2362\" height=\"2362\" srcset=\"https:\/\/danaepanchaud.net\/wp-content\/uploads\/2017\/08\/BlowFlies_9119.jpg 2362w, https:\/\/danaepanchaud.net\/wp-content\/uploads\/2017\/08\/BlowFlies_9119-150x150.jpg 150w, https:\/\/danaepanchaud.net\/wp-content\/uploads\/2017\/08\/BlowFlies_9119-300x300.jpg 300w, https:\/\/danaepanchaud.net\/wp-content\/uploads\/2017\/08\/BlowFlies_9119-768x768.jpg 768w, https:\/\/danaepanchaud.net\/wp-content\/uploads\/2017\/08\/BlowFlies_9119-1024x1024.jpg 1024w, https:\/\/danaepanchaud.net\/wp-content\/uploads\/2017\/08\/BlowFlies_9119-1200x1200.jpg 1200w\" sizes=\"auto, (max-width: 2362px) 100vw, 2362px\" \/> <span style=\"color: #808080;\">Images: Daniel M\u00fcller \u2013 Photoforum PasquArt<\/span><\/figcaption><\/figure>\n","protected":false},"excerpt":{"rendered":"<p>Curated with Brigitte Lustenberger and Nadine Wietlisbach 2014 Photoforum Pasquart, Biel An essay on contemporary still life in art and photography, Blow Flies brings together contemporary takes on the traditional genre of still life, with ve works commissioned specially for the exhibition, alongside a selection of existing works. Decay, ruins and their accompanying processes constitute [&hellip;]<\/p>\n","protected":false},"author":1,"featured_media":0,"parent":182,"menu_order":17,"comment_status":"closed","ping_status":"closed","template":"","meta":{"footnotes":""},"class_list":["post-92","page","type-page","status-publish","hentry"],"_links":{"self":[{"href":"https:\/\/danaepanchaud.net\/index.php\/wp-json\/wp\/v2\/pages\/92","targetHints":{"allow":["GET"]}}],"collection":[{"href":"https:\/\/danaepanchaud.net\/index.php\/wp-json\/wp\/v2\/pages"}],"about":[{"href":"https:\/\/danaepanchaud.net\/index.php\/wp-json\/wp\/v2\/types\/page"}],"author":[{"embeddable":true,"href":"https:\/\/danaepanchaud.net\/index.php\/wp-json\/wp\/v2\/users\/1"}],"replies":[{"embeddable":true,"href":"https:\/\/danaepanchaud.net\/index.php\/wp-json\/wp\/v2\/comments?post=92"}],"version-history":[{"count":4,"href":"https:\/\/danaepanchaud.net\/index.php\/wp-json\/wp\/v2\/pages\/92\/revisions"}],"predecessor-version":[{"id":1294,"href":"https:\/\/danaepanchaud.net\/index.php\/wp-json\/wp\/v2\/pages\/92\/revisions\/1294"}],"up":[{"embeddable":true,"href":"https:\/\/danaepanchaud.net\/index.php\/wp-json\/wp\/v2\/pages\/182"}],"wp:attachment":[{"href":"https:\/\/danaepanchaud.net\/index.php\/wp-json\/wp\/v2\/media?parent=92"}],"curies":[{"name":"wp","href":"https:\/\/api.w.org\/{rel}","templated":true}]}}