{"id":997,"date":"2022-03-03T13:52:32","date_gmt":"2022-03-03T12:52:32","guid":{"rendered":"https:\/\/danaepanchaud.net\/?page_id=997"},"modified":"2022-03-03T13:53:56","modified_gmt":"2022-03-03T12:53:56","slug":"ce-qui-endure","status":"publish","type":"page","link":"https:\/\/danaepanchaud.net\/index.php\/articles-and-essays\/ce-qui-endure\/","title":{"rendered":"Ce qui endure"},"content":{"rendered":"\n<figure class=\"wp-block-image size-full\"><img loading=\"lazy\" decoding=\"async\" width=\"1000\" height=\"658\" src=\"https:\/\/danaepanchaud.net\/wp-content\/uploads\/2022\/03\/ARBRES-TRONCS_ZVDH_LIVRE-7503.jpg\" alt=\"\" class=\"wp-image-998\" srcset=\"https:\/\/danaepanchaud.net\/wp-content\/uploads\/2022\/03\/ARBRES-TRONCS_ZVDH_LIVRE-7503.jpg 1000w, https:\/\/danaepanchaud.net\/wp-content\/uploads\/2022\/03\/ARBRES-TRONCS_ZVDH_LIVRE-7503-300x197.jpg 300w, https:\/\/danaepanchaud.net\/wp-content\/uploads\/2022\/03\/ARBRES-TRONCS_ZVDH_LIVRE-7503-768x505.jpg 768w\" sizes=\"auto, (max-width: 1000px) 100vw, 1000px\" \/><\/figure>\n\n\n\n<p><\/p>\n\n\n\n<p><strong>2022 | Jacques dans le vert, Marseilles<br>Essay for <a href=\"http:\/\/www.zoevdh.com\/\">Zo\u00e9 van der Haegen<\/a>&#8216;s monograph <a href=\"https:\/\/www.jacquesdanslevert.com\/collection-photo\">Arbres-Troncs<\/a><\/strong><\/p>\n\n\n\n<p>Excerpts:<\/p>\n\n\n\n<p>&#8220;L\u2019artiste approche ces arbres br\u00fbl\u00e9s comme les vestiges de l\u2019histoire d\u2019un paysage qu\u2019elle a tr\u00e8s longtemps elle-m\u00eame arpent\u00e9, et dont elle poss\u00e8de une connaissance intime. Le pin n\u2019est plus d\u00e9sirable, mais il est une survivance du pass\u00e9, le rappel d\u2019une forme d\u2019exploitation d\u00e9sormais d\u00e9pr\u00e9ci\u00e9e des ressources naturelles. Pr\u00e9sence immobile et arr\u00eat\u00e9e, il t\u00e9moigne de ce que l\u2019on a cultiv\u00e9 et valoris\u00e9, et ultimement des fortunes changeantes qu\u2019a connues cette essence au fil des si\u00e8cles. Ces troncs calcin\u00e9s se teintent \u00e9galement d\u2019une dimension tot\u00e9mique. De par leur forme presque sculpturale d\u2019une part, mais surtout de par ce qui y est investi, symboliquement, par l\u2019artiste, et par l\u2019ind\u00e9pendance qu\u2019ils prennent, en tant que forme autonome, sur leur contexte initial.&#8221;<\/p>\n\n\n\n<p>&#8220;\u00c0 l\u2019abstraction de ces images vient r\u00e9pondre le caract\u00e8re documentaire des cinq photographies r\u00e9alis\u00e9es dans la r\u00e9serve naturelle, apr\u00e8s la destruction organis\u00e9e des for\u00eats de pins. Loin des images verdoyantes de marais qui peuplent les guides de voyage, elles pr\u00e9sentent des terrains d\u00e9sol\u00e9s, calcin\u00e9s et en apparence abandonn\u00e9s. Ces images contextualisent les autres, les arrachent \u00e0 une certaine d\u00e9mat\u00e9rialisation. Ces paysages-l\u00e0 sont autant des r\u00e9miniscences des territoires belges et n\u00e9erlandais des apr\u00e8s-guerres, labour\u00e9s, br\u00fbl\u00e9s et d\u00e9figur\u00e9s par des ann\u00e9es de combats, et dont les images ont marqu\u00e9 la m\u00e9moire collective de ces \u00e9pisodes historiques.<\/p>\n\n\n\n<p>Les <em>Arbres-Troncs<\/em> rappellent, de mani\u00e8re plus large, le passage tumultueux de l\u2019humain qui tour \u00e0 tour fa\u00e7onne et d\u00e9chire le paysage, au gr\u00e9 de ses investissements changeants, qu\u2019ils soient \u00e9conomiques, politiques ou symboliques, dans le territoire. En dialogues avec celles-ci, les troncs-vestiges t\u00e9moignent de la perte, mais aussi d\u2019une certaine r\u00e9silience de ce qui, au sein du paysage, endure et perdure malgr\u00e9 tout.&#8221;<\/p>\n\n\n\n<figure class=\"wp-block-image size-full\"><img loading=\"lazy\" decoding=\"async\" width=\"1000\" height=\"667\" src=\"https:\/\/danaepanchaud.net\/wp-content\/uploads\/2022\/03\/ARBRES-TRONCS_ZVDH_LIVRE-7303.jpg\" alt=\"\" class=\"wp-image-999\" srcset=\"https:\/\/danaepanchaud.net\/wp-content\/uploads\/2022\/03\/ARBRES-TRONCS_ZVDH_LIVRE-7303.jpg 1000w, https:\/\/danaepanchaud.net\/wp-content\/uploads\/2022\/03\/ARBRES-TRONCS_ZVDH_LIVRE-7303-300x200.jpg 300w, https:\/\/danaepanchaud.net\/wp-content\/uploads\/2022\/03\/ARBRES-TRONCS_ZVDH_LIVRE-7303-768x512.jpg 768w\" sizes=\"auto, (max-width: 1000px) 100vw, 1000px\" \/><\/figure>\n\n\n\n<p><\/p>\n\n\n\n<figure class=\"wp-block-image size-full\"><img loading=\"lazy\" decoding=\"async\" width=\"1000\" height=\"667\" src=\"https:\/\/danaepanchaud.net\/wp-content\/uploads\/2022\/03\/ARBRES-TRONCS_ZVDH_LIVRE-7313.jpg\" alt=\"\" class=\"wp-image-1000\" srcset=\"https:\/\/danaepanchaud.net\/wp-content\/uploads\/2022\/03\/ARBRES-TRONCS_ZVDH_LIVRE-7313.jpg 1000w, https:\/\/danaepanchaud.net\/wp-content\/uploads\/2022\/03\/ARBRES-TRONCS_ZVDH_LIVRE-7313-300x200.jpg 300w, https:\/\/danaepanchaud.net\/wp-content\/uploads\/2022\/03\/ARBRES-TRONCS_ZVDH_LIVRE-7313-768x512.jpg 768w\" sizes=\"auto, (max-width: 1000px) 100vw, 1000px\" \/><\/figure>\n\n\n\n<p><\/p>\n\n\n\n<figure class=\"wp-block-image size-full\"><img loading=\"lazy\" decoding=\"async\" width=\"1000\" height=\"667\" src=\"https:\/\/danaepanchaud.net\/wp-content\/uploads\/2022\/03\/ARBRES-TRONCS_ZVDH_LIVRE-7435.jpg\" alt=\"\" class=\"wp-image-1001\" srcset=\"https:\/\/danaepanchaud.net\/wp-content\/uploads\/2022\/03\/ARBRES-TRONCS_ZVDH_LIVRE-7435.jpg 1000w, https:\/\/danaepanchaud.net\/wp-content\/uploads\/2022\/03\/ARBRES-TRONCS_ZVDH_LIVRE-7435-300x200.jpg 300w, https:\/\/danaepanchaud.net\/wp-content\/uploads\/2022\/03\/ARBRES-TRONCS_ZVDH_LIVRE-7435-768x512.jpg 768w\" sizes=\"auto, (max-width: 1000px) 100vw, 1000px\" \/><\/figure>\n\n\n\n<p><\/p>\n\n\n\n<figure class=\"wp-block-image size-full\"><img loading=\"lazy\" decoding=\"async\" width=\"1000\" height=\"667\" src=\"https:\/\/danaepanchaud.net\/wp-content\/uploads\/2022\/03\/ARBRES-TRONCS_ZVDH_LIVRE-7329.jpg\" alt=\"\" class=\"wp-image-1002\" srcset=\"https:\/\/danaepanchaud.net\/wp-content\/uploads\/2022\/03\/ARBRES-TRONCS_ZVDH_LIVRE-7329.jpg 1000w, https:\/\/danaepanchaud.net\/wp-content\/uploads\/2022\/03\/ARBRES-TRONCS_ZVDH_LIVRE-7329-300x200.jpg 300w, https:\/\/danaepanchaud.net\/wp-content\/uploads\/2022\/03\/ARBRES-TRONCS_ZVDH_LIVRE-7329-768x512.jpg 768w\" sizes=\"auto, (max-width: 1000px) 100vw, 1000px\" \/><\/figure>\n\n\n\n<p><\/p>\n\n\n\n<p>Image \u00a9 Jacques dans le vert<\/p>\n","protected":false},"excerpt":{"rendered":"<p>2022 | Jacques dans le vert, MarseillesEssay for Zo\u00e9 van der Haegen&#8216;s monograph Arbres-Troncs Excerpts: &#8220;L\u2019artiste approche ces arbres br\u00fbl\u00e9s comme les vestiges de l\u2019histoire d\u2019un paysage qu\u2019elle a tr\u00e8s longtemps elle-m\u00eame arpent\u00e9, et dont elle poss\u00e8de une connaissance intime. Le pin n\u2019est plus d\u00e9sirable, mais il est une survivance du pass\u00e9, le rappel d\u2019une [&hellip;]<\/p>\n","protected":false},"author":1,"featured_media":0,"parent":622,"menu_order":0,"comment_status":"closed","ping_status":"closed","template":"","meta":{"footnotes":""},"class_list":["post-997","page","type-page","status-publish","hentry"],"_links":{"self":[{"href":"https:\/\/danaepanchaud.net\/index.php\/wp-json\/wp\/v2\/pages\/997","targetHints":{"allow":["GET"]}}],"collection":[{"href":"https:\/\/danaepanchaud.net\/index.php\/wp-json\/wp\/v2\/pages"}],"about":[{"href":"https:\/\/danaepanchaud.net\/index.php\/wp-json\/wp\/v2\/types\/page"}],"author":[{"embeddable":true,"href":"https:\/\/danaepanchaud.net\/index.php\/wp-json\/wp\/v2\/users\/1"}],"replies":[{"embeddable":true,"href":"https:\/\/danaepanchaud.net\/index.php\/wp-json\/wp\/v2\/comments?post=997"}],"version-history":[{"count":1,"href":"https:\/\/danaepanchaud.net\/index.php\/wp-json\/wp\/v2\/pages\/997\/revisions"}],"predecessor-version":[{"id":1003,"href":"https:\/\/danaepanchaud.net\/index.php\/wp-json\/wp\/v2\/pages\/997\/revisions\/1003"}],"up":[{"embeddable":true,"href":"https:\/\/danaepanchaud.net\/index.php\/wp-json\/wp\/v2\/pages\/622"}],"wp:attachment":[{"href":"https:\/\/danaepanchaud.net\/index.php\/wp-json\/wp\/v2\/media?parent=997"}],"curies":[{"name":"wp","href":"https:\/\/api.w.org\/{rel}","templated":true}]}}